{"id":482,"date":"2026-03-03T10:53:14","date_gmt":"2026-03-03T10:53:14","guid":{"rendered":"https:\/\/ja3dsolutions.fr\/?post_type=product&#038;p=482"},"modified":"2026-03-31T16:15:34","modified_gmt":"2026-03-31T16:15:34","slug":"abs-elegoo-1-kg","status":"publish","type":"product","link":"https:\/\/ja3dsolutions.fr\/index.php\/produit\/abs-elegoo-1-kg\/","title":{"rendered":"ABS"},"content":{"rendered":"<p>&nbsp;<\/p>\n<div class=\"pla-desc-wrapper\">\n<div class=\"pla-row\">\n<div class=\"pla-text\">\n<h1 style=\"font-size: 45px; text-align: center;\">Filament ABS ELEGOO 1,75mm<\/h1>\n<\/div>\n<\/div>\n<\/div>\n<p>&nbsp;<\/p>\n<p>&nbsp;<\/p>\n<div class=\"pla-desc-wrapper\">\n<div class=\"pla-row\">\n<div class=\"pla-text\">\n<p><img loading=\"lazy\" decoding=\"async\" class=\"alignright\" src=\"https:\/\/ja3dsolutions.fr\/wp-content\/uploads\/2026\/03\/3.ABS_Filament-heat_resistance.webp\" alt=\"Bobine de filament PLA pour imprimante 3D\" width=\"450\" height=\"278\" \/><\/p>\n<\/div>\n<p>&nbsp;<\/p>\n<div class=\"pla-text\">\n<h1 style=\"font-size: 35px; text-align: right;\">R\u00e9sistance thermique fiable<\/h1>\n<p style=\"font-size: 20px; text-align: right;\">Con\u00e7u pour fonctionner \u00e0 haute temp\u00e9rature, l&#8217;ABS Elegoo r\u00e9siste \u00e0 des temp\u00e9ratures allant jusqu&#8217;\u00e0 85 \u00b0C sans se d\u00e9former ni perdre de sa r\u00e9sistance, ce qui en fait un choix fiable pour les bo\u00eetiers \u00e9lectroniques et les pi\u00e8ces d&#8217;appareils \u00e9lectrom\u00e9nagers expos\u00e9s \u00e0 des temp\u00e9ratures de fonctionnement \u00e9lev\u00e9es.<\/p>\n<\/div>\n<\/div>\n<\/div>\n<p>&nbsp;<\/p>\n<p>&nbsp;<\/p>\n<p>&nbsp;<\/p>\n<p>&nbsp;<\/p>\n<p>&nbsp;<\/p>\n<p>&nbsp;<\/p>\n<p><img loading=\"lazy\" decoding=\"async\" class=\"alignleft\" src=\"https:\/\/ja3dsolutions.fr\/wp-content\/uploads\/2026\/03\/4.ABS_Filament-water_cold_resistant.webp\" alt=\"Diff\u00e9rents coloris de filament PLA multicolore\" width=\"450\" height=\"278\" \/><\/p>\n<p>&nbsp;<\/p>\n<div class=\"pla-desc-wrapper\">\n<div class=\"pla-row reverse\">\n<div class=\"pla-text\">\n<h1 style=\"font-size: 35px;\">R\u00e9sistant \u00e0 l&#8217;eau et au froid<\/h1>\n<p style=\"font-size: 20px;\">Con\u00e7u pour r\u00e9sister \u00e0 l&#8217;eau et au froid, l&#8217;ABS Elegoo garantit des impressions robustes et sans fissures dans des conditions humides et froides, ce qui le rend id\u00e9al pour les utilisations ext\u00e9rieures exigeantes et les applications industrielles.<\/p>\n<\/div>\n<\/div>\n<\/div>\n<p>&nbsp;<\/p>\n<p>&nbsp;<\/p>\n<p>&nbsp;<\/p>\n<p>&nbsp;<\/p>\n<p>&nbsp;<\/p>\n<p>&nbsp;<\/p>\n<p>&nbsp;<\/p>\n<h2><strong>Param\u00e8tres d&#8217;impression recommand\u00e9s<\/strong><\/h2>\n<div class=\"pla-desc-wrapper\">\n<div class=\"pla-row reverse\">\n<div class=\"pla-text\">\n<p style=\"font-size: 18px;\">Param\u00e8tres de s\u00e9chage avant l&#8217;impression : 70 \u00b1 5 \u00b0C<br \/>\nTemp\u00e9rature de la buse : 250 &#8211; 280 \u00b0C<br \/>\nTemp\u00e9rature du lit : 90 &#8211; 100 \u00b0C<br \/>\nType de plaque : PEI textur\u00e9\/lisse ou autres plaques<br \/>\nVitesse d&#8217;impression &lt; 220 mm\/s<\/p>\n<p><strong>Retrouvez nos autres filaments: <a href=\"https:\/\/ja3dsolutions.fr\/index.php\/categorie-produit\/consommables\/filaments\/\">ICI !!<\/a><\/strong><\/p>\n<\/div>\n<\/div>\n<\/div>\n","protected":false},"excerpt":{"rendered":"<p>&nbsp; Filament ABS ELEGOO 1,75mm &nbsp; &nbsp; &nbsp; R\u00e9sistance thermique fiable Con\u00e7u pour fonctionner \u00e0 haute temp\u00e9rature, l&#8217;ABS Elegoo r\u00e9siste \u00e0 des temp\u00e9ratures allant jusqu&#8217;\u00e0 85 \u00b0C sans se d\u00e9former ni perdre de sa r\u00e9sistance, ce qui en fait un choix fiable pour les bo\u00eetiers \u00e9lectroniques et les pi\u00e8ces d&#8217;appareils \u00e9lectrom\u00e9nagers expos\u00e9s \u00e0 des temp\u00e9ratures &hellip; <\/p>\n","protected":false},"featured_media":538,"comment_status":"open","ping_status":"closed","template":"","meta":[],"product_brand":[28],"product_cat":[74],"product_tag":[78,31],"class_list":{"0":"post-482","1":"product","2":"type-product","3":"status-publish","4":"has-post-thumbnail","6":"product_brand-elegoo","7":"product_cat-filament-abs","8":"product_tag-abs","9":"product_tag-filament","11":"first","12":"instock","13":"taxable","14":"shipping-taxable","15":"purchasable","16":"product-type-variable"},"yoast_head":"<!-- This site is optimized with the Yoast SEO plugin v27.3 - https:\/\/yoast.com\/product\/yoast-seo-wordpress\/ -->\n<title>ABS Elegoo 1kg<\/title>\n<meta name=\"description\" content=\"Explorez le monde de l&#039;impression 3D avec le filament PLA Elegoo de 1,75 mm. Parfait pour vos cr\u00e9ations techniques ou d\u00e9coratives, procurez-vous-le !\" \/>\n<meta name=\"robots\" content=\"index, follow, max-snippet:-1, max-image-preview:large, max-video-preview:-1\" \/>\n<link rel=\"canonical\" href=\"https:\/\/ja3dsolutions.fr\/index.php\/produit\/abs-elegoo-1-kg\/\" \/>\n<meta property=\"og:locale\" content=\"fr_FR\" \/>\n<meta property=\"og:type\" content=\"article\" \/>\n<meta property=\"og:title\" content=\"ABS Elegoo 1kg\" \/>\n<meta property=\"og:description\" content=\"Explorez le monde de l&#039;impression 3D avec le filament PLA Elegoo de 1,75 mm. Parfait pour vos cr\u00e9ations techniques ou d\u00e9coratives, procurez-vous-le !\" \/>\n<meta property=\"og:url\" content=\"https:\/\/ja3dsolutions.fr\/index.php\/produit\/abs-elegoo-1-kg\/\" \/>\n<meta property=\"og:site_name\" content=\"JA 3D Solutions\" \/>\n<meta property=\"article:modified_time\" content=\"2026-03-31T16:15:34+00:00\" \/>\n<meta property=\"og:image\" content=\"https:\/\/ja3dsolutions.fr\/wp-content\/uploads\/2026\/03\/ABS_-1KG_ac112572-3eda-4e47-a53f-5d9f3137a26e.webp\" \/>\n\t<meta property=\"og:image:width\" content=\"1024\" \/>\n\t<meta property=\"og:image:height\" content=\"1024\" \/>\n\t<meta property=\"og:image:type\" content=\"image\/webp\" \/>\n<meta name=\"twitter:card\" content=\"summary_large_image\" \/>\n<meta name=\"twitter:label1\" content=\"Dur\u00e9e de lecture estim\u00e9e\" \/>\n\t<meta name=\"twitter:data1\" content=\"2 minutes\" \/>\n<script type=\"application\/ld+json\" class=\"yoast-schema-graph\">{\"@context\":\"https:\\\/\\\/schema.org\",\"@graph\":[{\"@type\":\"WebPage\",\"@id\":\"https:\\\/\\\/ja3dsolutions.fr\\\/index.php\\\/produit\\\/abs-elegoo-1-kg\\\/\",\"url\":\"https:\\\/\\\/ja3dsolutions.fr\\\/index.php\\\/produit\\\/abs-elegoo-1-kg\\\/\",\"name\":\"ABS Elegoo 1kg\",\"isPartOf\":{\"@id\":\"https:\\\/\\\/ja3dsolutions.fr\\\/#website\"},\"primaryImageOfPage\":{\"@id\":\"https:\\\/\\\/ja3dsolutions.fr\\\/index.php\\\/produit\\\/abs-elegoo-1-kg\\\/#primaryimage\"},\"image\":{\"@id\":\"https:\\\/\\\/ja3dsolutions.fr\\\/index.php\\\/produit\\\/abs-elegoo-1-kg\\\/#primaryimage\"},\"thumbnailUrl\":\"https:\\\/\\\/ja3dsolutions.fr\\\/wp-content\\\/uploads\\\/2026\\\/03\\\/ABS_-1KG_ac112572-3eda-4e47-a53f-5d9f3137a26e.webp\",\"datePublished\":\"2026-03-03T10:53:14+00:00\",\"dateModified\":\"2026-03-31T16:15:34+00:00\",\"description\":\"Explorez le monde de l'impression 3D avec le filament PLA Elegoo de 1,75 mm. Parfait pour vos cr\u00e9ations techniques ou d\u00e9coratives, procurez-vous-le !\",\"breadcrumb\":{\"@id\":\"https:\\\/\\\/ja3dsolutions.fr\\\/index.php\\\/produit\\\/abs-elegoo-1-kg\\\/#breadcrumb\"},\"inLanguage\":\"fr-FR\",\"potentialAction\":[{\"@type\":\"ReadAction\",\"target\":[\"https:\\\/\\\/ja3dsolutions.fr\\\/index.php\\\/produit\\\/abs-elegoo-1-kg\\\/\"]}]},{\"@type\":\"ImageObject\",\"inLanguage\":\"fr-FR\",\"@id\":\"https:\\\/\\\/ja3dsolutions.fr\\\/index.php\\\/produit\\\/abs-elegoo-1-kg\\\/#primaryimage\",\"url\":\"https:\\\/\\\/ja3dsolutions.fr\\\/wp-content\\\/uploads\\\/2026\\\/03\\\/ABS_-1KG_ac112572-3eda-4e47-a53f-5d9f3137a26e.webp\",\"contentUrl\":\"https:\\\/\\\/ja3dsolutions.fr\\\/wp-content\\\/uploads\\\/2026\\\/03\\\/ABS_-1KG_ac112572-3eda-4e47-a53f-5d9f3137a26e.webp\",\"width\":1024,\"height\":1024,\"caption\":\"Filament ABS id\u00e9al pour pi\u00e8ces m\u00e9caniques r\u00e9sistantes et fonctionnelles.\"},{\"@type\":\"BreadcrumbList\",\"@id\":\"https:\\\/\\\/ja3dsolutions.fr\\\/index.php\\\/produit\\\/abs-elegoo-1-kg\\\/#breadcrumb\",\"itemListElement\":[{\"@type\":\"ListItem\",\"position\":1,\"name\":\"Accueil\",\"item\":\"https:\\\/\\\/ja3dsolutions.fr\\\/\"},{\"@type\":\"ListItem\",\"position\":2,\"name\":\"Boutique\",\"item\":\"https:\\\/\\\/ja3dsolutions.fr\\\/index.php\\\/boutique\\\/\"},{\"@type\":\"ListItem\",\"position\":3,\"name\":\"ABS\"}]},{\"@type\":\"WebSite\",\"@id\":\"https:\\\/\\\/ja3dsolutions.fr\\\/#website\",\"url\":\"https:\\\/\\\/ja3dsolutions.fr\\\/\",\"name\":\"JA 3D Solutions\",\"description\":\"FA\u00c7ONNEUR D&#039;ID\u00c9ES EN 3D\",\"publisher\":{\"@id\":\"https:\\\/\\\/ja3dsolutions.fr\\\/#organization\"},\"potentialAction\":[{\"@type\":\"SearchAction\",\"target\":{\"@type\":\"EntryPoint\",\"urlTemplate\":\"https:\\\/\\\/ja3dsolutions.fr\\\/?s={search_term_string}\"},\"query-input\":{\"@type\":\"PropertyValueSpecification\",\"valueRequired\":true,\"valueName\":\"search_term_string\"}}],\"inLanguage\":\"fr-FR\"},{\"@type\":\"Organization\",\"@id\":\"https:\\\/\\\/ja3dsolutions.fr\\\/#organization\",\"name\":\"JA 3D Solutions\",\"url\":\"https:\\\/\\\/ja3dsolutions.fr\\\/\",\"logo\":{\"@type\":\"ImageObject\",\"inLanguage\":\"fr-FR\",\"@id\":\"https:\\\/\\\/ja3dsolutions.fr\\\/#\\\/schema\\\/logo\\\/image\\\/\",\"url\":\"http:\\\/\\\/jadsolc.cluster100.hosting.ovh.net\\\/wp-content\\\/uploads\\\/2025\\\/10\\\/WhatsApp-Image-2025-10-18-at-11.22.57.jpeg\",\"contentUrl\":\"http:\\\/\\\/jadsolc.cluster100.hosting.ovh.net\\\/wp-content\\\/uploads\\\/2025\\\/10\\\/WhatsApp-Image-2025-10-18-at-11.22.57.jpeg\",\"width\":990,\"height\":990,\"caption\":\"JA 3D Solutions\"},\"image\":{\"@id\":\"https:\\\/\\\/ja3dsolutions.fr\\\/#\\\/schema\\\/logo\\\/image\\\/\"}}]}<\/script>\n<!-- \/ Yoast SEO plugin. -->","yoast_head_json":{"title":"ABS Elegoo 1kg","description":"Explorez le monde de l'impression 3D avec le filament PLA Elegoo de 1,75 mm. Parfait pour vos cr\u00e9ations techniques ou d\u00e9coratives, procurez-vous-le !","robots":{"index":"index","follow":"follow","max-snippet":"max-snippet:-1","max-image-preview":"max-image-preview:large","max-video-preview":"max-video-preview:-1"},"canonical":"https:\/\/ja3dsolutions.fr\/index.php\/produit\/abs-elegoo-1-kg\/","og_locale":"fr_FR","og_type":"article","og_title":"ABS Elegoo 1kg","og_description":"Explorez le monde de l'impression 3D avec le filament PLA Elegoo de 1,75 mm. Parfait pour vos cr\u00e9ations techniques ou d\u00e9coratives, procurez-vous-le !","og_url":"https:\/\/ja3dsolutions.fr\/index.php\/produit\/abs-elegoo-1-kg\/","og_site_name":"JA 3D Solutions","article_modified_time":"2026-03-31T16:15:34+00:00","og_image":[{"width":1024,"height":1024,"url":"https:\/\/ja3dsolutions.fr\/wp-content\/uploads\/2026\/03\/ABS_-1KG_ac112572-3eda-4e47-a53f-5d9f3137a26e.webp","type":"image\/webp"}],"twitter_card":"summary_large_image","twitter_misc":{"Dur\u00e9e de lecture estim\u00e9e":"2 minutes"},"schema":{"@context":"https:\/\/schema.org","@graph":[{"@type":"WebPage","@id":"https:\/\/ja3dsolutions.fr\/index.php\/produit\/abs-elegoo-1-kg\/","url":"https:\/\/ja3dsolutions.fr\/index.php\/produit\/abs-elegoo-1-kg\/","name":"ABS Elegoo 1kg","isPartOf":{"@id":"https:\/\/ja3dsolutions.fr\/#website"},"primaryImageOfPage":{"@id":"https:\/\/ja3dsolutions.fr\/index.php\/produit\/abs-elegoo-1-kg\/#primaryimage"},"image":{"@id":"https:\/\/ja3dsolutions.fr\/index.php\/produit\/abs-elegoo-1-kg\/#primaryimage"},"thumbnailUrl":"https:\/\/ja3dsolutions.fr\/wp-content\/uploads\/2026\/03\/ABS_-1KG_ac112572-3eda-4e47-a53f-5d9f3137a26e.webp","datePublished":"2026-03-03T10:53:14+00:00","dateModified":"2026-03-31T16:15:34+00:00","description":"Explorez le monde de l'impression 3D avec le filament PLA Elegoo de 1,75 mm. Parfait pour vos cr\u00e9ations techniques ou d\u00e9coratives, procurez-vous-le !","breadcrumb":{"@id":"https:\/\/ja3dsolutions.fr\/index.php\/produit\/abs-elegoo-1-kg\/#breadcrumb"},"inLanguage":"fr-FR","potentialAction":[{"@type":"ReadAction","target":["https:\/\/ja3dsolutions.fr\/index.php\/produit\/abs-elegoo-1-kg\/"]}]},{"@type":"ImageObject","inLanguage":"fr-FR","@id":"https:\/\/ja3dsolutions.fr\/index.php\/produit\/abs-elegoo-1-kg\/#primaryimage","url":"https:\/\/ja3dsolutions.fr\/wp-content\/uploads\/2026\/03\/ABS_-1KG_ac112572-3eda-4e47-a53f-5d9f3137a26e.webp","contentUrl":"https:\/\/ja3dsolutions.fr\/wp-content\/uploads\/2026\/03\/ABS_-1KG_ac112572-3eda-4e47-a53f-5d9f3137a26e.webp","width":1024,"height":1024,"caption":"Filament ABS id\u00e9al pour pi\u00e8ces m\u00e9caniques r\u00e9sistantes et fonctionnelles."},{"@type":"BreadcrumbList","@id":"https:\/\/ja3dsolutions.fr\/index.php\/produit\/abs-elegoo-1-kg\/#breadcrumb","itemListElement":[{"@type":"ListItem","position":1,"name":"Accueil","item":"https:\/\/ja3dsolutions.fr\/"},{"@type":"ListItem","position":2,"name":"Boutique","item":"https:\/\/ja3dsolutions.fr\/index.php\/boutique\/"},{"@type":"ListItem","position":3,"name":"ABS"}]},{"@type":"WebSite","@id":"https:\/\/ja3dsolutions.fr\/#website","url":"https:\/\/ja3dsolutions.fr\/","name":"JA 3D Solutions","description":"FA\u00c7ONNEUR D&#039;ID\u00c9ES EN 3D","publisher":{"@id":"https:\/\/ja3dsolutions.fr\/#organization"},"potentialAction":[{"@type":"SearchAction","target":{"@type":"EntryPoint","urlTemplate":"https:\/\/ja3dsolutions.fr\/?s={search_term_string}"},"query-input":{"@type":"PropertyValueSpecification","valueRequired":true,"valueName":"search_term_string"}}],"inLanguage":"fr-FR"},{"@type":"Organization","@id":"https:\/\/ja3dsolutions.fr\/#organization","name":"JA 3D Solutions","url":"https:\/\/ja3dsolutions.fr\/","logo":{"@type":"ImageObject","inLanguage":"fr-FR","@id":"https:\/\/ja3dsolutions.fr\/#\/schema\/logo\/image\/","url":"http:\/\/jadsolc.cluster100.hosting.ovh.net\/wp-content\/uploads\/2025\/10\/WhatsApp-Image-2025-10-18-at-11.22.57.jpeg","contentUrl":"http:\/\/jadsolc.cluster100.hosting.ovh.net\/wp-content\/uploads\/2025\/10\/WhatsApp-Image-2025-10-18-at-11.22.57.jpeg","width":990,"height":990,"caption":"JA 3D Solutions"},"image":{"@id":"https:\/\/ja3dsolutions.fr\/#\/schema\/logo\/image\/"}}]}},"_links":{"self":[{"href":"https:\/\/ja3dsolutions.fr\/index.php\/wp-json\/wp\/v2\/product\/482","targetHints":{"allow":["GET"]}}],"collection":[{"href":"https:\/\/ja3dsolutions.fr\/index.php\/wp-json\/wp\/v2\/product"}],"about":[{"href":"https:\/\/ja3dsolutions.fr\/index.php\/wp-json\/wp\/v2\/types\/product"}],"replies":[{"embeddable":true,"href":"https:\/\/ja3dsolutions.fr\/index.php\/wp-json\/wp\/v2\/comments?post=482"}],"wp:featuredmedia":[{"embeddable":true,"href":"https:\/\/ja3dsolutions.fr\/index.php\/wp-json\/wp\/v2\/media\/538"}],"wp:attachment":[{"href":"https:\/\/ja3dsolutions.fr\/index.php\/wp-json\/wp\/v2\/media?parent=482"}],"wp:term":[{"taxonomy":"product_brand","embeddable":true,"href":"https:\/\/ja3dsolutions.fr\/index.php\/wp-json\/wp\/v2\/product_brand?post=482"},{"taxonomy":"product_cat","embeddable":true,"href":"https:\/\/ja3dsolutions.fr\/index.php\/wp-json\/wp\/v2\/product_cat?post=482"},{"taxonomy":"product_tag","embeddable":true,"href":"https:\/\/ja3dsolutions.fr\/index.php\/wp-json\/wp\/v2\/product_tag?post=482"}],"curies":[{"name":"wp","href":"https:\/\/api.w.org\/{rel}","templated":true}]}}