{"id":464,"date":"2026-03-03T10:52:59","date_gmt":"2026-03-03T10:52:59","guid":{"rendered":"https:\/\/ja3dsolutions.fr\/?post_type=product&#038;p=464"},"modified":"2026-04-02T16:02:45","modified_gmt":"2026-04-02T16:02:45","slug":"rapid-petg","status":"publish","type":"product","link":"https:\/\/ja3dsolutions.fr\/index.php\/produit\/rapid-petg\/","title":{"rendered":"RAPID PETG"},"content":{"rendered":"<p>&nbsp;<\/p>\n<div class=\"pla-desc-wrapper\">\n<div class=\"pla-row\">\n<div class=\"pla-text\">\n<h1 style=\"font-size: 45px; text-align: center;\">RAPID PETG ELEGOO 1,75 mm<\/h1>\n<\/div>\n<\/div>\n<\/div>\n<p>&nbsp;<\/p>\n<p>&nbsp;<\/p>\n<div class=\"pla-desc-wrapper\">\n<div class=\"pla-row\">\n<div class=\"pla-text\">\n<p><img loading=\"lazy\" decoding=\"async\" class=\"alignright\" src=\"https:\/\/ja3dsolutions.fr\/wp-content\/uploads\/2026\/03\/RAPIDPETGDetail_2.webp\" alt=\"Bobine de filament PLA pour imprimante 3D\" width=\"450\" height=\"278\" \/><\/p>\n<\/div>\n<p>&nbsp;<\/p>\n<div class=\"pla-text\">\n<h1 style=\"font-size: 35px; text-align: right;\">Bonnes Propri\u00e9t\u00e9s M\u00e9caniques<\/h1>\n<p style=\"font-size: 20px; text-align: right;\">Notre filament RAPID PETG trouve le juste milieu entre le PLA et l&#8217;ABS, offrant une facilit\u00e9 d&#8217;impression comparable au PLA tout en ayant une r\u00e9sistance \u00e0 l&#8217;impact et \u00e0 la traction similaire \u00e0 l&#8217;ABS. Il peut supporter le stress m\u00e9canique et les impacts accidentels, ce qui en fait un choix id\u00e9al pour les applications n\u00e9cessitant une fiabilit\u00e9 et une durabilit\u00e9 \u00e0 long terme.<\/p>\n<\/div>\n<\/div>\n<\/div>\n<p>&nbsp;<\/p>\n<p>&nbsp;<\/p>\n<p>&nbsp;<\/p>\n<p>&nbsp;<\/p>\n<p>&nbsp;<\/p>\n<p>&nbsp;<\/p>\n<p><img loading=\"lazy\" decoding=\"async\" class=\"alignleft\" src=\"https:\/\/ja3dsolutions.fr\/wp-content\/uploads\/2026\/03\/RAPID_PETG-Detail-4.webp\" alt=\"Diff\u00e9rents coloris de filament PLA multicolore\" width=\"450\" height=\"278\" \/><\/p>\n<p>&nbsp;<\/p>\n<div class=\"pla-desc-wrapper\">\n<div class=\"pla-row reverse\">\n<div class=\"pla-text\">\n<h1 style=\"font-size: 35px;\">R\u00e9sistance Chimique et aux Conditions Climatiques<\/h1>\n<p style=\"font-size: 20px;\">Avec une excellente r\u00e9sistance chimique et aux conditions climatiques, il peut supporter l&#8217;exposition aux produits chimiques courants, \u00e0 l&#8217;eau et aux rayons UV, assurant ainsi la long\u00e9vit\u00e9 et la performance de vos impressions. Que vos cr\u00e9ations soient utilis\u00e9es \u00e0 l&#8217;int\u00e9rieur ou \u00e0 l&#8217;ext\u00e9rieur, elles resteront intactes et r\u00e9sisteront aux effets des \u00e9l\u00e9ments s\u00e9v\u00e8res.<\/p>\n<\/div>\n<\/div>\n<\/div>\n<p>&nbsp;<\/p>\n<p>&nbsp;<\/p>\n<p>&nbsp;<\/p>\n<p>&nbsp;<\/p>\n<p>&nbsp;<\/p>\n<p>&nbsp;<\/p>\n<h2><strong>Param\u00e8tres d&#8217;impression recommand\u00e9s<\/strong><\/h2>\n<div class=\"pla-desc-wrapper\">\n<div class=\"pla-row reverse\">\n<div class=\"pla-text\">\n<p style=\"font-size: 18px;\">Param\u00e8tres de s\u00e9chage avant l&#8217;impression: 70 \u00b1 5 \u00b0C<br \/>\nTemp\u00e9rature de la buse: 240 &#8211; 270 \u00b0C<br \/>\nTemp\u00e9rature du lit: 65 &#8211; 75 \u00b0C<br \/>\nType de plaque: PEI textur\u00e9\/lisse ou autres plaques<br \/>\nVitesse d&#8217;impression &lt; 600 mm\/s<\/p>\n<p><strong>Retrouvez nos autres filaments: <a href=\"https:\/\/ja3dsolutions.fr\/index.php\/categorie-produit\/consommables\/filaments\/\">ICI !!<\/a><\/strong><\/p>\n<\/div>\n<\/div>\n<\/div>\n","protected":false},"excerpt":{"rendered":"<p>&nbsp; RAPID PETG ELEGOO 1,75 mm &nbsp; &nbsp; &nbsp; Bonnes Propri\u00e9t\u00e9s M\u00e9caniques Notre filament RAPID PETG trouve le juste milieu entre le PLA et l&#8217;ABS, offrant une facilit\u00e9 d&#8217;impression comparable au PLA tout en ayant une r\u00e9sistance \u00e0 l&#8217;impact et \u00e0 la traction similaire \u00e0 l&#8217;ABS. Il peut supporter le stress m\u00e9canique et les impacts &hellip; <\/p>\n","protected":false},"featured_media":532,"comment_status":"open","ping_status":"closed","template":"","meta":[],"product_brand":[28],"product_cat":[72],"product_tag":[31,76],"class_list":{"0":"post-464","1":"product","2":"type-product","3":"status-publish","4":"has-post-thumbnail","6":"product_brand-elegoo","7":"product_cat-filament-petg","8":"product_tag-filament","9":"product_tag-petg","11":"first","12":"instock","13":"taxable","14":"shipping-taxable","15":"purchasable","16":"product-type-variable"},"yoast_head":"<!-- This site is optimized with the Yoast SEO plugin v27.3 - https:\/\/yoast.com\/product\/yoast-seo-wordpress\/ -->\n<title>RAPID PETG Elegoo 1kg<\/title>\n<meta name=\"description\" content=\"Explorez le monde de l&#039;impression 3D avec le filament RAPID PETG Elegoo de 1,75 mm. Parfait pour vos cr\u00e9ations techniques ou d\u00e9coratives, procurez-vous-le !\" \/>\n<meta name=\"robots\" content=\"index, follow, max-snippet:-1, max-image-preview:large, max-video-preview:-1\" \/>\n<link rel=\"canonical\" href=\"https:\/\/ja3dsolutions.fr\/index.php\/produit\/rapid-petg\/\" \/>\n<meta property=\"og:locale\" content=\"fr_FR\" \/>\n<meta property=\"og:type\" content=\"article\" \/>\n<meta property=\"og:title\" content=\"RAPID PETG Elegoo 1kg\" \/>\n<meta property=\"og:description\" content=\"Explorez le monde de l&#039;impression 3D avec le filament RAPID PETG Elegoo de 1,75 mm. Parfait pour vos cr\u00e9ations techniques ou d\u00e9coratives, procurez-vous-le !\" \/>\n<meta property=\"og:url\" content=\"https:\/\/ja3dsolutions.fr\/index.php\/produit\/rapid-petg\/\" \/>\n<meta property=\"og:site_name\" content=\"JA 3D Solutions\" \/>\n<meta property=\"article:modified_time\" content=\"2026-04-02T16:02:45+00:00\" \/>\n<meta property=\"og:image\" content=\"https:\/\/ja3dsolutions.fr\/wp-content\/uploads\/2026\/03\/RAPID_PETG_1KG_black.webp\" \/>\n\t<meta property=\"og:image:width\" content=\"1024\" \/>\n\t<meta property=\"og:image:height\" content=\"1024\" \/>\n\t<meta property=\"og:image:type\" content=\"image\/webp\" \/>\n<meta name=\"twitter:card\" content=\"summary_large_image\" \/>\n<meta name=\"twitter:label1\" content=\"Dur\u00e9e de lecture estim\u00e9e\" \/>\n\t<meta name=\"twitter:data1\" content=\"2 minutes\" \/>\n<script type=\"application\/ld+json\" class=\"yoast-schema-graph\">{\"@context\":\"https:\\\/\\\/schema.org\",\"@graph\":[{\"@type\":\"WebPage\",\"@id\":\"https:\\\/\\\/ja3dsolutions.fr\\\/index.php\\\/produit\\\/rapid-petg\\\/\",\"url\":\"https:\\\/\\\/ja3dsolutions.fr\\\/index.php\\\/produit\\\/rapid-petg\\\/\",\"name\":\"RAPID PETG Elegoo 1kg\",\"isPartOf\":{\"@id\":\"https:\\\/\\\/ja3dsolutions.fr\\\/#website\"},\"primaryImageOfPage\":{\"@id\":\"https:\\\/\\\/ja3dsolutions.fr\\\/index.php\\\/produit\\\/rapid-petg\\\/#primaryimage\"},\"image\":{\"@id\":\"https:\\\/\\\/ja3dsolutions.fr\\\/index.php\\\/produit\\\/rapid-petg\\\/#primaryimage\"},\"thumbnailUrl\":\"https:\\\/\\\/ja3dsolutions.fr\\\/wp-content\\\/uploads\\\/2026\\\/03\\\/RAPID_PETG_1KG_black.webp\",\"datePublished\":\"2026-03-03T10:52:59+00:00\",\"dateModified\":\"2026-04-02T16:02:45+00:00\",\"description\":\"Explorez le monde de l'impression 3D avec le filament RAPID PETG Elegoo de 1,75 mm. Parfait pour vos cr\u00e9ations techniques ou d\u00e9coratives, procurez-vous-le !\",\"breadcrumb\":{\"@id\":\"https:\\\/\\\/ja3dsolutions.fr\\\/index.php\\\/produit\\\/rapid-petg\\\/#breadcrumb\"},\"inLanguage\":\"fr-FR\",\"potentialAction\":[{\"@type\":\"ReadAction\",\"target\":[\"https:\\\/\\\/ja3dsolutions.fr\\\/index.php\\\/produit\\\/rapid-petg\\\/\"]}]},{\"@type\":\"ImageObject\",\"inLanguage\":\"fr-FR\",\"@id\":\"https:\\\/\\\/ja3dsolutions.fr\\\/index.php\\\/produit\\\/rapid-petg\\\/#primaryimage\",\"url\":\"https:\\\/\\\/ja3dsolutions.fr\\\/wp-content\\\/uploads\\\/2026\\\/03\\\/RAPID_PETG_1KG_black.webp\",\"contentUrl\":\"https:\\\/\\\/ja3dsolutions.fr\\\/wp-content\\\/uploads\\\/2026\\\/03\\\/RAPID_PETG_1KG_black.webp\",\"width\":1024,\"height\":1024,\"caption\":\"Bobine de filament Elegoo Rapid PETG noir en diam\u00e8tre 1,75 mm, con\u00e7ue pour l\u2019impression 3D haute performance.\"},{\"@type\":\"BreadcrumbList\",\"@id\":\"https:\\\/\\\/ja3dsolutions.fr\\\/index.php\\\/produit\\\/rapid-petg\\\/#breadcrumb\",\"itemListElement\":[{\"@type\":\"ListItem\",\"position\":1,\"name\":\"Accueil\",\"item\":\"https:\\\/\\\/ja3dsolutions.fr\\\/\"},{\"@type\":\"ListItem\",\"position\":2,\"name\":\"Boutique\",\"item\":\"https:\\\/\\\/ja3dsolutions.fr\\\/index.php\\\/boutique\\\/\"},{\"@type\":\"ListItem\",\"position\":3,\"name\":\"RAPID PETG\"}]},{\"@type\":\"WebSite\",\"@id\":\"https:\\\/\\\/ja3dsolutions.fr\\\/#website\",\"url\":\"https:\\\/\\\/ja3dsolutions.fr\\\/\",\"name\":\"JA 3D Solutions\",\"description\":\"FA\u00c7ONNEUR D&#039;ID\u00c9ES EN 3D\",\"publisher\":{\"@id\":\"https:\\\/\\\/ja3dsolutions.fr\\\/#organization\"},\"potentialAction\":[{\"@type\":\"SearchAction\",\"target\":{\"@type\":\"EntryPoint\",\"urlTemplate\":\"https:\\\/\\\/ja3dsolutions.fr\\\/?s={search_term_string}\"},\"query-input\":{\"@type\":\"PropertyValueSpecification\",\"valueRequired\":true,\"valueName\":\"search_term_string\"}}],\"inLanguage\":\"fr-FR\"},{\"@type\":\"Organization\",\"@id\":\"https:\\\/\\\/ja3dsolutions.fr\\\/#organization\",\"name\":\"JA 3D Solutions\",\"url\":\"https:\\\/\\\/ja3dsolutions.fr\\\/\",\"logo\":{\"@type\":\"ImageObject\",\"inLanguage\":\"fr-FR\",\"@id\":\"https:\\\/\\\/ja3dsolutions.fr\\\/#\\\/schema\\\/logo\\\/image\\\/\",\"url\":\"http:\\\/\\\/jadsolc.cluster100.hosting.ovh.net\\\/wp-content\\\/uploads\\\/2025\\\/10\\\/WhatsApp-Image-2025-10-18-at-11.22.57.jpeg\",\"contentUrl\":\"http:\\\/\\\/jadsolc.cluster100.hosting.ovh.net\\\/wp-content\\\/uploads\\\/2025\\\/10\\\/WhatsApp-Image-2025-10-18-at-11.22.57.jpeg\",\"width\":990,\"height\":990,\"caption\":\"JA 3D Solutions\"},\"image\":{\"@id\":\"https:\\\/\\\/ja3dsolutions.fr\\\/#\\\/schema\\\/logo\\\/image\\\/\"}}]}<\/script>\n<!-- \/ Yoast SEO plugin. -->","yoast_head_json":{"title":"RAPID PETG Elegoo 1kg","description":"Explorez le monde de l'impression 3D avec le filament RAPID PETG Elegoo de 1,75 mm. Parfait pour vos cr\u00e9ations techniques ou d\u00e9coratives, procurez-vous-le !","robots":{"index":"index","follow":"follow","max-snippet":"max-snippet:-1","max-image-preview":"max-image-preview:large","max-video-preview":"max-video-preview:-1"},"canonical":"https:\/\/ja3dsolutions.fr\/index.php\/produit\/rapid-petg\/","og_locale":"fr_FR","og_type":"article","og_title":"RAPID PETG Elegoo 1kg","og_description":"Explorez le monde de l'impression 3D avec le filament RAPID PETG Elegoo de 1,75 mm. Parfait pour vos cr\u00e9ations techniques ou d\u00e9coratives, procurez-vous-le !","og_url":"https:\/\/ja3dsolutions.fr\/index.php\/produit\/rapid-petg\/","og_site_name":"JA 3D Solutions","article_modified_time":"2026-04-02T16:02:45+00:00","og_image":[{"width":1024,"height":1024,"url":"https:\/\/ja3dsolutions.fr\/wp-content\/uploads\/2026\/03\/RAPID_PETG_1KG_black.webp","type":"image\/webp"}],"twitter_card":"summary_large_image","twitter_misc":{"Dur\u00e9e de lecture estim\u00e9e":"2 minutes"},"schema":{"@context":"https:\/\/schema.org","@graph":[{"@type":"WebPage","@id":"https:\/\/ja3dsolutions.fr\/index.php\/produit\/rapid-petg\/","url":"https:\/\/ja3dsolutions.fr\/index.php\/produit\/rapid-petg\/","name":"RAPID PETG Elegoo 1kg","isPartOf":{"@id":"https:\/\/ja3dsolutions.fr\/#website"},"primaryImageOfPage":{"@id":"https:\/\/ja3dsolutions.fr\/index.php\/produit\/rapid-petg\/#primaryimage"},"image":{"@id":"https:\/\/ja3dsolutions.fr\/index.php\/produit\/rapid-petg\/#primaryimage"},"thumbnailUrl":"https:\/\/ja3dsolutions.fr\/wp-content\/uploads\/2026\/03\/RAPID_PETG_1KG_black.webp","datePublished":"2026-03-03T10:52:59+00:00","dateModified":"2026-04-02T16:02:45+00:00","description":"Explorez le monde de l'impression 3D avec le filament RAPID PETG Elegoo de 1,75 mm. Parfait pour vos cr\u00e9ations techniques ou d\u00e9coratives, procurez-vous-le !","breadcrumb":{"@id":"https:\/\/ja3dsolutions.fr\/index.php\/produit\/rapid-petg\/#breadcrumb"},"inLanguage":"fr-FR","potentialAction":[{"@type":"ReadAction","target":["https:\/\/ja3dsolutions.fr\/index.php\/produit\/rapid-petg\/"]}]},{"@type":"ImageObject","inLanguage":"fr-FR","@id":"https:\/\/ja3dsolutions.fr\/index.php\/produit\/rapid-petg\/#primaryimage","url":"https:\/\/ja3dsolutions.fr\/wp-content\/uploads\/2026\/03\/RAPID_PETG_1KG_black.webp","contentUrl":"https:\/\/ja3dsolutions.fr\/wp-content\/uploads\/2026\/03\/RAPID_PETG_1KG_black.webp","width":1024,"height":1024,"caption":"Bobine de filament Elegoo Rapid PETG noir en diam\u00e8tre 1,75 mm, con\u00e7ue pour l\u2019impression 3D haute performance."},{"@type":"BreadcrumbList","@id":"https:\/\/ja3dsolutions.fr\/index.php\/produit\/rapid-petg\/#breadcrumb","itemListElement":[{"@type":"ListItem","position":1,"name":"Accueil","item":"https:\/\/ja3dsolutions.fr\/"},{"@type":"ListItem","position":2,"name":"Boutique","item":"https:\/\/ja3dsolutions.fr\/index.php\/boutique\/"},{"@type":"ListItem","position":3,"name":"RAPID PETG"}]},{"@type":"WebSite","@id":"https:\/\/ja3dsolutions.fr\/#website","url":"https:\/\/ja3dsolutions.fr\/","name":"JA 3D Solutions","description":"FA\u00c7ONNEUR D&#039;ID\u00c9ES EN 3D","publisher":{"@id":"https:\/\/ja3dsolutions.fr\/#organization"},"potentialAction":[{"@type":"SearchAction","target":{"@type":"EntryPoint","urlTemplate":"https:\/\/ja3dsolutions.fr\/?s={search_term_string}"},"query-input":{"@type":"PropertyValueSpecification","valueRequired":true,"valueName":"search_term_string"}}],"inLanguage":"fr-FR"},{"@type":"Organization","@id":"https:\/\/ja3dsolutions.fr\/#organization","name":"JA 3D Solutions","url":"https:\/\/ja3dsolutions.fr\/","logo":{"@type":"ImageObject","inLanguage":"fr-FR","@id":"https:\/\/ja3dsolutions.fr\/#\/schema\/logo\/image\/","url":"http:\/\/jadsolc.cluster100.hosting.ovh.net\/wp-content\/uploads\/2025\/10\/WhatsApp-Image-2025-10-18-at-11.22.57.jpeg","contentUrl":"http:\/\/jadsolc.cluster100.hosting.ovh.net\/wp-content\/uploads\/2025\/10\/WhatsApp-Image-2025-10-18-at-11.22.57.jpeg","width":990,"height":990,"caption":"JA 3D Solutions"},"image":{"@id":"https:\/\/ja3dsolutions.fr\/#\/schema\/logo\/image\/"}}]}},"_links":{"self":[{"href":"https:\/\/ja3dsolutions.fr\/index.php\/wp-json\/wp\/v2\/product\/464","targetHints":{"allow":["GET"]}}],"collection":[{"href":"https:\/\/ja3dsolutions.fr\/index.php\/wp-json\/wp\/v2\/product"}],"about":[{"href":"https:\/\/ja3dsolutions.fr\/index.php\/wp-json\/wp\/v2\/types\/product"}],"replies":[{"embeddable":true,"href":"https:\/\/ja3dsolutions.fr\/index.php\/wp-json\/wp\/v2\/comments?post=464"}],"wp:featuredmedia":[{"embeddable":true,"href":"https:\/\/ja3dsolutions.fr\/index.php\/wp-json\/wp\/v2\/media\/532"}],"wp:attachment":[{"href":"https:\/\/ja3dsolutions.fr\/index.php\/wp-json\/wp\/v2\/media?parent=464"}],"wp:term":[{"taxonomy":"product_brand","embeddable":true,"href":"https:\/\/ja3dsolutions.fr\/index.php\/wp-json\/wp\/v2\/product_brand?post=464"},{"taxonomy":"product_cat","embeddable":true,"href":"https:\/\/ja3dsolutions.fr\/index.php\/wp-json\/wp\/v2\/product_cat?post=464"},{"taxonomy":"product_tag","embeddable":true,"href":"https:\/\/ja3dsolutions.fr\/index.php\/wp-json\/wp\/v2\/product_tag?post=464"}],"curies":[{"name":"wp","href":"https:\/\/api.w.org\/{rel}","templated":true}]}}