{"id":446,"date":"2026-03-03T10:49:48","date_gmt":"2026-03-03T10:49:48","guid":{"rendered":"https:\/\/ja3dsolutions.fr\/?post_type=product&#038;p=446"},"modified":"2026-03-31T16:37:59","modified_gmt":"2026-03-31T16:37:59","slug":"rapid-pla-plus-elegoo-1-kg","status":"publish","type":"product","link":"https:\/\/ja3dsolutions.fr\/index.php\/produit\/rapid-pla-plus-elegoo-1-kg\/","title":{"rendered":"RAPID PLA Plus"},"content":{"rendered":"<p>&nbsp;<\/p>\n<div class=\"pla-desc-wrapper\">\n<div class=\"pla-row\">\n<div class=\"pla-text\">\n<h1 style=\"font-size: 45px; text-align: center;\">Filament RAPID PLA Plus ELEGOO 1,75 mm<\/h1>\n<p>&nbsp;<\/p>\n<p><img loading=\"lazy\" decoding=\"async\" class=\"alignright\" src=\"https:\/\/ja3dsolutions.fr\/wp-content\/uploads\/2026\/03\/Capture-decran-2026-03-03-121531.png\" alt=\"Bobine de filament PLA pour imprimante 3D\" width=\"600\" height=\"371\" \/><\/p>\n<\/div>\n<div class=\"pla-text\">\n<h1><\/h1>\n<h1 style=\"font-size: 35px; text-align: right;\">Con\u00e7u pour une Impression Rapide<\/h1>\n<p style=\"font-size: 20px; text-align: right;\">Le filament RAPID PLA+ offre une pr\u00e9cision et une tol\u00e9rance, garantissant un \u00e9coulement constant et fluide du filament, r\u00e9duisant le risque de bouchage de la buse. En optimisant les mol\u00e9cules de mati\u00e8re et en \u00e9quilibrant les propri\u00e9t\u00e9s du mat\u00e9riau, ce filament peut rapidement absorber la chaleur et fondre, permettant une extrusion fluide et des impressions uniformes \u00e0 chaque fois.<\/p>\n<\/div>\n<\/div>\n<\/div>\n<p>&nbsp;<\/p>\n<p>&nbsp;<\/p>\n<p><img loading=\"lazy\" decoding=\"async\" class=\"alignleft\" src=\"https:\/\/ja3dsolutions.fr\/wp-content\/uploads\/2026\/03\/rapid_pla_plus_detail_3.webp\" alt=\"Diff\u00e9rents coloris de filament PLA multicolore\" width=\"450\" height=\"278\" \/><\/p>\n<p>&nbsp;<\/p>\n<div class=\"pla-desc-wrapper\">\n<div class=\"pla-row reverse\">\n<div class=\"pla-text\">\n<h1 style=\"font-size: 35px;\">Large Compatibilit\u00e9<\/h1>\n<p style=\"font-size: 20px;\">Tous les filaments RAPID PLA+ sont scell\u00e9s sous vide avec un dessicant pour pr\u00e9venir l&#8217;humidit\u00e9 et la poussi\u00e8re, compatibles avec la plupart des imprimantes 3D FDM 1,75 mm, vous garantissant ainsi de les utiliser en toute confiance avec vos imprimantes existantes.<\/p>\n<\/div>\n<\/div>\n<\/div>\n<p>&nbsp;<\/p>\n<p>&nbsp;<\/p>\n<p>&nbsp;<\/p>\n<p>&nbsp;<\/p>\n<p>&nbsp;<\/p>\n<p>&nbsp;<\/p>\n<p>&nbsp;<\/p>\n<h2><strong>Param\u00e8tres d&#8217;impression recommand\u00e9s<\/strong><\/h2>\n<div class=\"pla-desc-wrapper\">\n<div class=\"pla-row reverse\">\n<div class=\"pla-text\">\n<p style=\"font-size: 18px;\">Param\u00e8tres de s\u00e9chage avant l&#8217;impression : 55 \u00b1 5 \u00b0C<br \/>\nTemp\u00e9rature de la buse : 200 &#8211; 230 \u00b0C<br \/>\nTemp\u00e9rature du lit : 35 &#8211; 65 \u00b0C<br \/>\nType de plaque : PEI textur\u00e9\/lisse ou autres plaques<br \/>\nVitesse d&#8217;impression &lt; 600 mm\/s<\/p>\n<p><strong>Retrouvez nos autres filaments: <a href=\"https:\/\/ja3dsolutions.fr\/index.php\/categorie-produit\/consommables\/filaments\/\">ICI !!<\/a><\/strong><\/p>\n<\/div>\n<\/div>\n<\/div>\n","protected":false},"excerpt":{"rendered":"<p>&nbsp; Filament RAPID PLA Plus ELEGOO 1,75 mm &nbsp; Con\u00e7u pour une Impression Rapide Le filament RAPID PLA+ offre une pr\u00e9cision et une tol\u00e9rance, garantissant un \u00e9coulement constant et fluide du filament, r\u00e9duisant le risque de bouchage de la buse. En optimisant les mol\u00e9cules de mati\u00e8re et en \u00e9quilibrant les propri\u00e9t\u00e9s du mat\u00e9riau, ce filament &hellip; <\/p>\n","protected":false},"featured_media":521,"comment_status":"open","ping_status":"closed","template":"","meta":[],"product_brand":[28],"product_cat":[41],"product_tag":[31,32],"class_list":{"0":"post-446","1":"product","2":"type-product","3":"status-publish","4":"has-post-thumbnail","6":"product_brand-elegoo","7":"product_cat-filament-pla","8":"product_tag-filament","9":"product_tag-pla","11":"first","12":"instock","13":"taxable","14":"shipping-taxable","15":"purchasable","16":"product-type-variable"},"yoast_head":"<!-- This site is optimized with the Yoast SEO plugin v27.3 - https:\/\/yoast.com\/product\/yoast-seo-wordpress\/ -->\n<title>RAPID PLA Plus Elegoo 1kg<\/title>\n<meta name=\"description\" content=\"Explorez le monde de l&#039;impression 3D avec le RAPID PLA Plus Elegoo de 1,75 mm. Parfait pour vos cr\u00e9ations techniques ou d\u00e9coratives, procurez-vous-le !\" \/>\n<meta name=\"robots\" content=\"index, follow, max-snippet:-1, max-image-preview:large, max-video-preview:-1\" \/>\n<link rel=\"canonical\" href=\"https:\/\/ja3dsolutions.fr\/index.php\/produit\/rapid-pla-plus-elegoo-1-kg\/\" \/>\n<meta property=\"og:locale\" content=\"fr_FR\" \/>\n<meta property=\"og:type\" content=\"article\" \/>\n<meta property=\"og:title\" content=\"RAPID PLA Plus Elegoo 1kg\" \/>\n<meta property=\"og:description\" content=\"Explorez le monde de l&#039;impression 3D avec le RAPID PLA Plus Elegoo de 1,75 mm. Parfait pour vos cr\u00e9ations techniques ou d\u00e9coratives, procurez-vous-le !\" \/>\n<meta property=\"og:url\" content=\"https:\/\/ja3dsolutions.fr\/index.php\/produit\/rapid-pla-plus-elegoo-1-kg\/\" \/>\n<meta property=\"og:site_name\" content=\"JA 3D Solutions\" \/>\n<meta property=\"article:modified_time\" content=\"2026-03-31T16:37:59+00:00\" \/>\n<meta property=\"og:image\" content=\"https:\/\/ja3dsolutions.fr\/wp-content\/uploads\/2026\/03\/Rapid-PLA-Filament-1KG-Detail_1_bbbd2d7d-b66b-42d5-aa60-dc0ebef61e15.webp\" \/>\n\t<meta property=\"og:image:width\" content=\"1024\" \/>\n\t<meta property=\"og:image:height\" content=\"1024\" \/>\n\t<meta property=\"og:image:type\" content=\"image\/webp\" \/>\n<meta name=\"twitter:card\" content=\"summary_large_image\" \/>\n<meta name=\"twitter:label1\" content=\"Dur\u00e9e de lecture estim\u00e9e\" \/>\n\t<meta name=\"twitter:data1\" content=\"2 minutes\" \/>\n<script type=\"application\/ld+json\" class=\"yoast-schema-graph\">{\"@context\":\"https:\\\/\\\/schema.org\",\"@graph\":[{\"@type\":\"WebPage\",\"@id\":\"https:\\\/\\\/ja3dsolutions.fr\\\/index.php\\\/produit\\\/rapid-pla-plus-elegoo-1-kg\\\/\",\"url\":\"https:\\\/\\\/ja3dsolutions.fr\\\/index.php\\\/produit\\\/rapid-pla-plus-elegoo-1-kg\\\/\",\"name\":\"RAPID PLA Plus Elegoo 1kg\",\"isPartOf\":{\"@id\":\"https:\\\/\\\/ja3dsolutions.fr\\\/#website\"},\"primaryImageOfPage\":{\"@id\":\"https:\\\/\\\/ja3dsolutions.fr\\\/index.php\\\/produit\\\/rapid-pla-plus-elegoo-1-kg\\\/#primaryimage\"},\"image\":{\"@id\":\"https:\\\/\\\/ja3dsolutions.fr\\\/index.php\\\/produit\\\/rapid-pla-plus-elegoo-1-kg\\\/#primaryimage\"},\"thumbnailUrl\":\"https:\\\/\\\/ja3dsolutions.fr\\\/wp-content\\\/uploads\\\/2026\\\/03\\\/Rapid-PLA-Filament-1KG-Detail_1_bbbd2d7d-b66b-42d5-aa60-dc0ebef61e15.webp\",\"datePublished\":\"2026-03-03T10:49:48+00:00\",\"dateModified\":\"2026-03-31T16:37:59+00:00\",\"description\":\"Explorez le monde de l'impression 3D avec le RAPID PLA Plus Elegoo de 1,75 mm. Parfait pour vos cr\u00e9ations techniques ou d\u00e9coratives, procurez-vous-le !\",\"breadcrumb\":{\"@id\":\"https:\\\/\\\/ja3dsolutions.fr\\\/index.php\\\/produit\\\/rapid-pla-plus-elegoo-1-kg\\\/#breadcrumb\"},\"inLanguage\":\"fr-FR\",\"potentialAction\":[{\"@type\":\"ReadAction\",\"target\":[\"https:\\\/\\\/ja3dsolutions.fr\\\/index.php\\\/produit\\\/rapid-pla-plus-elegoo-1-kg\\\/\"]}]},{\"@type\":\"ImageObject\",\"inLanguage\":\"fr-FR\",\"@id\":\"https:\\\/\\\/ja3dsolutions.fr\\\/index.php\\\/produit\\\/rapid-pla-plus-elegoo-1-kg\\\/#primaryimage\",\"url\":\"https:\\\/\\\/ja3dsolutions.fr\\\/wp-content\\\/uploads\\\/2026\\\/03\\\/Rapid-PLA-Filament-1KG-Detail_1_bbbd2d7d-b66b-42d5-aa60-dc0ebef61e15.webp\",\"contentUrl\":\"https:\\\/\\\/ja3dsolutions.fr\\\/wp-content\\\/uploads\\\/2026\\\/03\\\/Rapid-PLA-Filament-1KG-Detail_1_bbbd2d7d-b66b-42d5-aa60-dc0ebef61e15.webp\",\"width\":1024,\"height\":1024,\"caption\":\"Filament Elegoo Rapid PLA+ con\u00e7u pour l\u2019impression 3D haute vitesse jusqu\u2019\u00e0 600 mm\\\/s.\"},{\"@type\":\"BreadcrumbList\",\"@id\":\"https:\\\/\\\/ja3dsolutions.fr\\\/index.php\\\/produit\\\/rapid-pla-plus-elegoo-1-kg\\\/#breadcrumb\",\"itemListElement\":[{\"@type\":\"ListItem\",\"position\":1,\"name\":\"Accueil\",\"item\":\"https:\\\/\\\/ja3dsolutions.fr\\\/\"},{\"@type\":\"ListItem\",\"position\":2,\"name\":\"Boutique\",\"item\":\"https:\\\/\\\/ja3dsolutions.fr\\\/index.php\\\/boutique\\\/\"},{\"@type\":\"ListItem\",\"position\":3,\"name\":\"RAPID PLA Plus\"}]},{\"@type\":\"WebSite\",\"@id\":\"https:\\\/\\\/ja3dsolutions.fr\\\/#website\",\"url\":\"https:\\\/\\\/ja3dsolutions.fr\\\/\",\"name\":\"JA 3D Solutions\",\"description\":\"FA\u00c7ONNEUR D&#039;ID\u00c9ES EN 3D\",\"publisher\":{\"@id\":\"https:\\\/\\\/ja3dsolutions.fr\\\/#organization\"},\"potentialAction\":[{\"@type\":\"SearchAction\",\"target\":{\"@type\":\"EntryPoint\",\"urlTemplate\":\"https:\\\/\\\/ja3dsolutions.fr\\\/?s={search_term_string}\"},\"query-input\":{\"@type\":\"PropertyValueSpecification\",\"valueRequired\":true,\"valueName\":\"search_term_string\"}}],\"inLanguage\":\"fr-FR\"},{\"@type\":\"Organization\",\"@id\":\"https:\\\/\\\/ja3dsolutions.fr\\\/#organization\",\"name\":\"JA 3D Solutions\",\"url\":\"https:\\\/\\\/ja3dsolutions.fr\\\/\",\"logo\":{\"@type\":\"ImageObject\",\"inLanguage\":\"fr-FR\",\"@id\":\"https:\\\/\\\/ja3dsolutions.fr\\\/#\\\/schema\\\/logo\\\/image\\\/\",\"url\":\"http:\\\/\\\/jadsolc.cluster100.hosting.ovh.net\\\/wp-content\\\/uploads\\\/2025\\\/10\\\/WhatsApp-Image-2025-10-18-at-11.22.57.jpeg\",\"contentUrl\":\"http:\\\/\\\/jadsolc.cluster100.hosting.ovh.net\\\/wp-content\\\/uploads\\\/2025\\\/10\\\/WhatsApp-Image-2025-10-18-at-11.22.57.jpeg\",\"width\":990,\"height\":990,\"caption\":\"JA 3D Solutions\"},\"image\":{\"@id\":\"https:\\\/\\\/ja3dsolutions.fr\\\/#\\\/schema\\\/logo\\\/image\\\/\"}}]}<\/script>\n<!-- \/ Yoast SEO plugin. -->","yoast_head_json":{"title":"RAPID PLA Plus Elegoo 1kg","description":"Explorez le monde de l'impression 3D avec le RAPID PLA Plus Elegoo de 1,75 mm. Parfait pour vos cr\u00e9ations techniques ou d\u00e9coratives, procurez-vous-le !","robots":{"index":"index","follow":"follow","max-snippet":"max-snippet:-1","max-image-preview":"max-image-preview:large","max-video-preview":"max-video-preview:-1"},"canonical":"https:\/\/ja3dsolutions.fr\/index.php\/produit\/rapid-pla-plus-elegoo-1-kg\/","og_locale":"fr_FR","og_type":"article","og_title":"RAPID PLA Plus Elegoo 1kg","og_description":"Explorez le monde de l'impression 3D avec le RAPID PLA Plus Elegoo de 1,75 mm. Parfait pour vos cr\u00e9ations techniques ou d\u00e9coratives, procurez-vous-le !","og_url":"https:\/\/ja3dsolutions.fr\/index.php\/produit\/rapid-pla-plus-elegoo-1-kg\/","og_site_name":"JA 3D Solutions","article_modified_time":"2026-03-31T16:37:59+00:00","og_image":[{"width":1024,"height":1024,"url":"https:\/\/ja3dsolutions.fr\/wp-content\/uploads\/2026\/03\/Rapid-PLA-Filament-1KG-Detail_1_bbbd2d7d-b66b-42d5-aa60-dc0ebef61e15.webp","type":"image\/webp"}],"twitter_card":"summary_large_image","twitter_misc":{"Dur\u00e9e de lecture estim\u00e9e":"2 minutes"},"schema":{"@context":"https:\/\/schema.org","@graph":[{"@type":"WebPage","@id":"https:\/\/ja3dsolutions.fr\/index.php\/produit\/rapid-pla-plus-elegoo-1-kg\/","url":"https:\/\/ja3dsolutions.fr\/index.php\/produit\/rapid-pla-plus-elegoo-1-kg\/","name":"RAPID PLA Plus Elegoo 1kg","isPartOf":{"@id":"https:\/\/ja3dsolutions.fr\/#website"},"primaryImageOfPage":{"@id":"https:\/\/ja3dsolutions.fr\/index.php\/produit\/rapid-pla-plus-elegoo-1-kg\/#primaryimage"},"image":{"@id":"https:\/\/ja3dsolutions.fr\/index.php\/produit\/rapid-pla-plus-elegoo-1-kg\/#primaryimage"},"thumbnailUrl":"https:\/\/ja3dsolutions.fr\/wp-content\/uploads\/2026\/03\/Rapid-PLA-Filament-1KG-Detail_1_bbbd2d7d-b66b-42d5-aa60-dc0ebef61e15.webp","datePublished":"2026-03-03T10:49:48+00:00","dateModified":"2026-03-31T16:37:59+00:00","description":"Explorez le monde de l'impression 3D avec le RAPID PLA Plus Elegoo de 1,75 mm. Parfait pour vos cr\u00e9ations techniques ou d\u00e9coratives, procurez-vous-le !","breadcrumb":{"@id":"https:\/\/ja3dsolutions.fr\/index.php\/produit\/rapid-pla-plus-elegoo-1-kg\/#breadcrumb"},"inLanguage":"fr-FR","potentialAction":[{"@type":"ReadAction","target":["https:\/\/ja3dsolutions.fr\/index.php\/produit\/rapid-pla-plus-elegoo-1-kg\/"]}]},{"@type":"ImageObject","inLanguage":"fr-FR","@id":"https:\/\/ja3dsolutions.fr\/index.php\/produit\/rapid-pla-plus-elegoo-1-kg\/#primaryimage","url":"https:\/\/ja3dsolutions.fr\/wp-content\/uploads\/2026\/03\/Rapid-PLA-Filament-1KG-Detail_1_bbbd2d7d-b66b-42d5-aa60-dc0ebef61e15.webp","contentUrl":"https:\/\/ja3dsolutions.fr\/wp-content\/uploads\/2026\/03\/Rapid-PLA-Filament-1KG-Detail_1_bbbd2d7d-b66b-42d5-aa60-dc0ebef61e15.webp","width":1024,"height":1024,"caption":"Filament Elegoo Rapid PLA+ con\u00e7u pour l\u2019impression 3D haute vitesse jusqu\u2019\u00e0 600 mm\/s."},{"@type":"BreadcrumbList","@id":"https:\/\/ja3dsolutions.fr\/index.php\/produit\/rapid-pla-plus-elegoo-1-kg\/#breadcrumb","itemListElement":[{"@type":"ListItem","position":1,"name":"Accueil","item":"https:\/\/ja3dsolutions.fr\/"},{"@type":"ListItem","position":2,"name":"Boutique","item":"https:\/\/ja3dsolutions.fr\/index.php\/boutique\/"},{"@type":"ListItem","position":3,"name":"RAPID PLA Plus"}]},{"@type":"WebSite","@id":"https:\/\/ja3dsolutions.fr\/#website","url":"https:\/\/ja3dsolutions.fr\/","name":"JA 3D Solutions","description":"FA\u00c7ONNEUR D&#039;ID\u00c9ES EN 3D","publisher":{"@id":"https:\/\/ja3dsolutions.fr\/#organization"},"potentialAction":[{"@type":"SearchAction","target":{"@type":"EntryPoint","urlTemplate":"https:\/\/ja3dsolutions.fr\/?s={search_term_string}"},"query-input":{"@type":"PropertyValueSpecification","valueRequired":true,"valueName":"search_term_string"}}],"inLanguage":"fr-FR"},{"@type":"Organization","@id":"https:\/\/ja3dsolutions.fr\/#organization","name":"JA 3D Solutions","url":"https:\/\/ja3dsolutions.fr\/","logo":{"@type":"ImageObject","inLanguage":"fr-FR","@id":"https:\/\/ja3dsolutions.fr\/#\/schema\/logo\/image\/","url":"http:\/\/jadsolc.cluster100.hosting.ovh.net\/wp-content\/uploads\/2025\/10\/WhatsApp-Image-2025-10-18-at-11.22.57.jpeg","contentUrl":"http:\/\/jadsolc.cluster100.hosting.ovh.net\/wp-content\/uploads\/2025\/10\/WhatsApp-Image-2025-10-18-at-11.22.57.jpeg","width":990,"height":990,"caption":"JA 3D Solutions"},"image":{"@id":"https:\/\/ja3dsolutions.fr\/#\/schema\/logo\/image\/"}}]}},"_links":{"self":[{"href":"https:\/\/ja3dsolutions.fr\/index.php\/wp-json\/wp\/v2\/product\/446","targetHints":{"allow":["GET"]}}],"collection":[{"href":"https:\/\/ja3dsolutions.fr\/index.php\/wp-json\/wp\/v2\/product"}],"about":[{"href":"https:\/\/ja3dsolutions.fr\/index.php\/wp-json\/wp\/v2\/types\/product"}],"replies":[{"embeddable":true,"href":"https:\/\/ja3dsolutions.fr\/index.php\/wp-json\/wp\/v2\/comments?post=446"}],"wp:featuredmedia":[{"embeddable":true,"href":"https:\/\/ja3dsolutions.fr\/index.php\/wp-json\/wp\/v2\/media\/521"}],"wp:attachment":[{"href":"https:\/\/ja3dsolutions.fr\/index.php\/wp-json\/wp\/v2\/media?parent=446"}],"wp:term":[{"taxonomy":"product_brand","embeddable":true,"href":"https:\/\/ja3dsolutions.fr\/index.php\/wp-json\/wp\/v2\/product_brand?post=446"},{"taxonomy":"product_cat","embeddable":true,"href":"https:\/\/ja3dsolutions.fr\/index.php\/wp-json\/wp\/v2\/product_cat?post=446"},{"taxonomy":"product_tag","embeddable":true,"href":"https:\/\/ja3dsolutions.fr\/index.php\/wp-json\/wp\/v2\/product_tag?post=446"}],"curies":[{"name":"wp","href":"https:\/\/api.w.org\/{rel}","templated":true}]}}