{"id":426,"date":"2026-01-07T11:21:49","date_gmt":"2026-01-07T11:21:49","guid":{"rendered":"https:\/\/ja3dsolutions.fr\/?post_type=product&#038;p=426"},"modified":"2026-03-31T16:41:05","modified_gmt":"2026-03-31T16:41:05","slug":"recharge-pla-elegoo-1-kg-175-mm","status":"publish","type":"product","link":"https:\/\/ja3dsolutions.fr\/index.php\/produit\/recharge-pla-elegoo-1-kg-175-mm\/","title":{"rendered":"Recharge PLA"},"content":{"rendered":"<p>&nbsp;<\/p>\n<div class=\"pla-desc-wrapper\">\n<div class=\"pla-row\">\n<div class=\"pla-text\">\n<h1 style=\"font-size: 45px; text-align: center;\">Recharge PLA ELEGOO 1,75 mm<\/h1>\n<\/div>\n<\/div>\n<\/div>\n<p>&nbsp;<\/p>\n<p>&nbsp;<\/p>\n<div class=\"pla-desc-wrapper\">\n<div class=\"pla-row\">\n<div class=\"pla-text\">\n<p><img loading=\"lazy\" decoding=\"async\" class=\"alignright\" src=\"https:\/\/ja3dsolutions.fr\/wp-content\/uploads\/2026\/03\/PLA_Basic-_4.webp\" alt=\"Bobine de filament PLA pour imprimante 3D\" width=\"450\" height=\"278\" \/><\/p>\n<\/div>\n<p>&nbsp;<\/p>\n<div class=\"pla-text\">\n<h1 style=\"font-size: 35px; text-align: right;\">Conception sans bobine, plus \u00e9cologique<\/h1>\n<p style=\"font-size: 20px; text-align: right;\">La recharge Elegoo PLA Basic r\u00e9duit consid\u00e9rablement les d\u00e9chets \u00e0 usage unique, rendant votre impression 3D plus durable et \u00e9cologique sans compromis sur la qualit\u00e9 ni la facilit\u00e9 d&#8217;utilisation.<\/p>\n<\/div>\n<\/div>\n<\/div>\n<p>&nbsp;<\/p>\n<p>&nbsp;<\/p>\n<p>&nbsp;<\/p>\n<p>&nbsp;<\/p>\n<p>&nbsp;<\/p>\n<p>&nbsp;<\/p>\n<p>&nbsp;<\/p>\n<p>&nbsp;<\/p>\n<p>&nbsp;<\/p>\n<p>&nbsp;<\/p>\n<p>&nbsp;<\/p>\n<p><img loading=\"lazy\" decoding=\"async\" class=\"alignleft\" src=\"https:\/\/ja3dsolutions.fr\/wp-content\/uploads\/2026\/03\/5-1260x1300-1.webp\" alt=\"Diff\u00e9rents coloris de filament PLA multicolore\" width=\"450\" height=\"278\" \/><\/p>\n<p>&nbsp;<\/p>\n<div class=\"pla-desc-wrapper\">\n<div class=\"pla-row reverse\">\n<div class=\"pla-text\">\n<h1 style=\"font-size: 35px;\">Compatibilit\u00e9 sup\u00e9rieure<\/h1>\n<p style=\"font-size: 20px;\">Les recharges Elegoo PLA Basic s&#8217;adaptent \u00e0 une large gamme de bobines r\u00e9utilisables, y compris les n\u00f4tres, et fonctionnent parfaitement avec d&#8217;autres grandes marques ainsi qu&#8217;avec des bobines imprim\u00e9es sur mesure, pour une flexibilit\u00e9 maximale.<\/p>\n<\/div>\n<\/div>\n<\/div>\n<p>&nbsp;<\/p>\n<p>&nbsp;<\/p>\n<p>&nbsp;<\/p>\n<p>&nbsp;<\/p>\n<p>&nbsp;<\/p>\n<p>&nbsp;<\/p>\n<p>&nbsp;<\/p>\n<p>&nbsp;<\/p>\n<h2><strong>Param\u00e8tres d&#8217;impression recommand\u00e9s<\/strong><\/h2>\n<div class=\"pla-desc-wrapper\">\n<div class=\"pla-row reverse\">\n<div class=\"pla-text\">\n<p style=\"font-size: 18px;\">Param\u00e8tres de s\u00e9chage avant l&#8217;impression : 55 \u00b1 5 \u00b0C<br \/>\nTemp\u00e9rature de la buse : 190 &#8211; 230 \u00b0C<br \/>\nTemp\u00e9rature du lit : 35 &#8211; 65 \u00b0C<br \/>\nType de plaque : PEI textur\u00e9\/lisse ou autres plaques<br \/>\nVitesse d&#8217;impression &lt; 270 mm\/s<\/p>\n<p><strong>Retrouvez nos autres filaments: <a href=\"https:\/\/ja3dsolutions.fr\/index.php\/categorie-produit\/consommables\/filaments\/\">ICI !!<\/a><\/strong><\/p>\n<p>*Vendu sans bobine<\/p>\n<\/div>\n<\/div>\n<\/div>\n","protected":false},"excerpt":{"rendered":"<p>&nbsp; Recharge PLA ELEGOO 1,75 mm &nbsp; &nbsp; &nbsp; Conception sans bobine, plus \u00e9cologique La recharge Elegoo PLA Basic r\u00e9duit consid\u00e9rablement les d\u00e9chets \u00e0 usage unique, rendant votre impression 3D plus durable et \u00e9cologique sans compromis sur la qualit\u00e9 ni la facilit\u00e9 d&#8217;utilisation. &nbsp; &nbsp; &nbsp; &nbsp; &nbsp; &nbsp; &nbsp; &nbsp; &nbsp; &nbsp; &nbsp; &nbsp; &hellip; <\/p>\n","protected":false},"featured_media":520,"comment_status":"open","ping_status":"closed","template":"","meta":[],"product_brand":[28],"product_cat":[41],"product_tag":[31,32],"class_list":{"0":"post-426","1":"product","2":"type-product","3":"status-publish","4":"has-post-thumbnail","6":"product_brand-elegoo","7":"product_cat-filament-pla","8":"product_tag-filament","9":"product_tag-pla","11":"first","12":"instock","13":"taxable","14":"shipping-taxable","15":"purchasable","16":"product-type-variable"},"yoast_head":"<!-- This site is optimized with the Yoast SEO plugin v27.3 - https:\/\/yoast.com\/product\/yoast-seo-wordpress\/ -->\n<title>Filament PLA Elegoo 1kg 1,75 mm<\/title>\n<meta name=\"description\" content=\"Explorez le monde de l&#039;impression 3D avec les recharge PLA Elegoo de 1,75 mm. Parfait pour vos cr\u00e9ations techniques ou d\u00e9coratives, procurez-vous-le !\" \/>\n<meta name=\"robots\" content=\"index, follow, max-snippet:-1, max-image-preview:large, max-video-preview:-1\" \/>\n<link rel=\"canonical\" href=\"https:\/\/ja3dsolutions.fr\/index.php\/produit\/recharge-pla-elegoo-1-kg-175-mm\/\" \/>\n<meta property=\"og:locale\" content=\"fr_FR\" \/>\n<meta property=\"og:type\" content=\"article\" \/>\n<meta property=\"og:title\" content=\"Filament PLA Elegoo 1kg 1,75 mm\" \/>\n<meta property=\"og:description\" content=\"Explorez le monde de l&#039;impression 3D avec les recharge PLA Elegoo de 1,75 mm. Parfait pour vos cr\u00e9ations techniques ou d\u00e9coratives, procurez-vous-le !\" \/>\n<meta property=\"og:url\" content=\"https:\/\/ja3dsolutions.fr\/index.php\/produit\/recharge-pla-elegoo-1-kg-175-mm\/\" \/>\n<meta property=\"og:site_name\" content=\"JA 3D Solutions\" \/>\n<meta property=\"article:modified_time\" content=\"2026-03-31T16:41:05+00:00\" \/>\n<meta property=\"og:image\" content=\"https:\/\/ja3dsolutions.fr\/wp-content\/uploads\/2026\/01\/PLA_Basic-_1.webp\" \/>\n\t<meta property=\"og:image:width\" content=\"1220\" \/>\n\t<meta property=\"og:image:height\" content=\"1525\" \/>\n\t<meta property=\"og:image:type\" content=\"image\/webp\" \/>\n<meta name=\"twitter:card\" content=\"summary_large_image\" \/>\n<meta name=\"twitter:label1\" content=\"Dur\u00e9e de lecture estim\u00e9e\" \/>\n\t<meta name=\"twitter:data1\" content=\"2 minutes\" \/>\n<script type=\"application\/ld+json\" class=\"yoast-schema-graph\">{\"@context\":\"https:\\\/\\\/schema.org\",\"@graph\":[{\"@type\":\"WebPage\",\"@id\":\"https:\\\/\\\/ja3dsolutions.fr\\\/index.php\\\/produit\\\/recharge-pla-elegoo-1-kg-175-mm\\\/\",\"url\":\"https:\\\/\\\/ja3dsolutions.fr\\\/index.php\\\/produit\\\/recharge-pla-elegoo-1-kg-175-mm\\\/\",\"name\":\"Filament PLA Elegoo 1kg 1,75 mm\",\"isPartOf\":{\"@id\":\"https:\\\/\\\/ja3dsolutions.fr\\\/#website\"},\"primaryImageOfPage\":{\"@id\":\"https:\\\/\\\/ja3dsolutions.fr\\\/index.php\\\/produit\\\/recharge-pla-elegoo-1-kg-175-mm\\\/#primaryimage\"},\"image\":{\"@id\":\"https:\\\/\\\/ja3dsolutions.fr\\\/index.php\\\/produit\\\/recharge-pla-elegoo-1-kg-175-mm\\\/#primaryimage\"},\"thumbnailUrl\":\"https:\\\/\\\/ja3dsolutions.fr\\\/wp-content\\\/uploads\\\/2026\\\/01\\\/PLA_Basic-_1.webp\",\"datePublished\":\"2026-01-07T11:21:49+00:00\",\"dateModified\":\"2026-03-31T16:41:05+00:00\",\"description\":\"Explorez le monde de l'impression 3D avec les recharge PLA Elegoo de 1,75 mm. Parfait pour vos cr\u00e9ations techniques ou d\u00e9coratives, procurez-vous-le !\",\"breadcrumb\":{\"@id\":\"https:\\\/\\\/ja3dsolutions.fr\\\/index.php\\\/produit\\\/recharge-pla-elegoo-1-kg-175-mm\\\/#breadcrumb\"},\"inLanguage\":\"fr-FR\",\"potentialAction\":[{\"@type\":\"ReadAction\",\"target\":[\"https:\\\/\\\/ja3dsolutions.fr\\\/index.php\\\/produit\\\/recharge-pla-elegoo-1-kg-175-mm\\\/\"]}]},{\"@type\":\"ImageObject\",\"inLanguage\":\"fr-FR\",\"@id\":\"https:\\\/\\\/ja3dsolutions.fr\\\/index.php\\\/produit\\\/recharge-pla-elegoo-1-kg-175-mm\\\/#primaryimage\",\"url\":\"https:\\\/\\\/ja3dsolutions.fr\\\/wp-content\\\/uploads\\\/2026\\\/01\\\/PLA_Basic-_1.webp\",\"contentUrl\":\"https:\\\/\\\/ja3dsolutions.fr\\\/wp-content\\\/uploads\\\/2026\\\/01\\\/PLA_Basic-_1.webp\",\"width\":1220,\"height\":1525,\"caption\":\"Filament PLA con\u00e7u pour r\u00e9duire les d\u00e9chets gr\u00e2ce \u00e0 un syst\u00e8me limitant l\u2019usage de bobines traditionnelles.\"},{\"@type\":\"BreadcrumbList\",\"@id\":\"https:\\\/\\\/ja3dsolutions.fr\\\/index.php\\\/produit\\\/recharge-pla-elegoo-1-kg-175-mm\\\/#breadcrumb\",\"itemListElement\":[{\"@type\":\"ListItem\",\"position\":1,\"name\":\"Accueil\",\"item\":\"https:\\\/\\\/ja3dsolutions.fr\\\/\"},{\"@type\":\"ListItem\",\"position\":2,\"name\":\"Boutique\",\"item\":\"https:\\\/\\\/ja3dsolutions.fr\\\/index.php\\\/boutique\\\/\"},{\"@type\":\"ListItem\",\"position\":3,\"name\":\"Recharge PLA\"}]},{\"@type\":\"WebSite\",\"@id\":\"https:\\\/\\\/ja3dsolutions.fr\\\/#website\",\"url\":\"https:\\\/\\\/ja3dsolutions.fr\\\/\",\"name\":\"JA 3D Solutions\",\"description\":\"FA\u00c7ONNEUR D&#039;ID\u00c9ES EN 3D\",\"publisher\":{\"@id\":\"https:\\\/\\\/ja3dsolutions.fr\\\/#organization\"},\"potentialAction\":[{\"@type\":\"SearchAction\",\"target\":{\"@type\":\"EntryPoint\",\"urlTemplate\":\"https:\\\/\\\/ja3dsolutions.fr\\\/?s={search_term_string}\"},\"query-input\":{\"@type\":\"PropertyValueSpecification\",\"valueRequired\":true,\"valueName\":\"search_term_string\"}}],\"inLanguage\":\"fr-FR\"},{\"@type\":\"Organization\",\"@id\":\"https:\\\/\\\/ja3dsolutions.fr\\\/#organization\",\"name\":\"JA 3D Solutions\",\"url\":\"https:\\\/\\\/ja3dsolutions.fr\\\/\",\"logo\":{\"@type\":\"ImageObject\",\"inLanguage\":\"fr-FR\",\"@id\":\"https:\\\/\\\/ja3dsolutions.fr\\\/#\\\/schema\\\/logo\\\/image\\\/\",\"url\":\"http:\\\/\\\/jadsolc.cluster100.hosting.ovh.net\\\/wp-content\\\/uploads\\\/2025\\\/10\\\/WhatsApp-Image-2025-10-18-at-11.22.57.jpeg\",\"contentUrl\":\"http:\\\/\\\/jadsolc.cluster100.hosting.ovh.net\\\/wp-content\\\/uploads\\\/2025\\\/10\\\/WhatsApp-Image-2025-10-18-at-11.22.57.jpeg\",\"width\":990,\"height\":990,\"caption\":\"JA 3D Solutions\"},\"image\":{\"@id\":\"https:\\\/\\\/ja3dsolutions.fr\\\/#\\\/schema\\\/logo\\\/image\\\/\"}}]}<\/script>\n<!-- \/ Yoast SEO plugin. -->","yoast_head_json":{"title":"Filament PLA Elegoo 1kg 1,75 mm","description":"Explorez le monde de l'impression 3D avec les recharge PLA Elegoo de 1,75 mm. Parfait pour vos cr\u00e9ations techniques ou d\u00e9coratives, procurez-vous-le !","robots":{"index":"index","follow":"follow","max-snippet":"max-snippet:-1","max-image-preview":"max-image-preview:large","max-video-preview":"max-video-preview:-1"},"canonical":"https:\/\/ja3dsolutions.fr\/index.php\/produit\/recharge-pla-elegoo-1-kg-175-mm\/","og_locale":"fr_FR","og_type":"article","og_title":"Filament PLA Elegoo 1kg 1,75 mm","og_description":"Explorez le monde de l'impression 3D avec les recharge PLA Elegoo de 1,75 mm. Parfait pour vos cr\u00e9ations techniques ou d\u00e9coratives, procurez-vous-le !","og_url":"https:\/\/ja3dsolutions.fr\/index.php\/produit\/recharge-pla-elegoo-1-kg-175-mm\/","og_site_name":"JA 3D Solutions","article_modified_time":"2026-03-31T16:41:05+00:00","og_image":[{"width":1220,"height":1525,"url":"https:\/\/ja3dsolutions.fr\/wp-content\/uploads\/2026\/01\/PLA_Basic-_1.webp","type":"image\/webp"}],"twitter_card":"summary_large_image","twitter_misc":{"Dur\u00e9e de lecture estim\u00e9e":"2 minutes"},"schema":{"@context":"https:\/\/schema.org","@graph":[{"@type":"WebPage","@id":"https:\/\/ja3dsolutions.fr\/index.php\/produit\/recharge-pla-elegoo-1-kg-175-mm\/","url":"https:\/\/ja3dsolutions.fr\/index.php\/produit\/recharge-pla-elegoo-1-kg-175-mm\/","name":"Filament PLA Elegoo 1kg 1,75 mm","isPartOf":{"@id":"https:\/\/ja3dsolutions.fr\/#website"},"primaryImageOfPage":{"@id":"https:\/\/ja3dsolutions.fr\/index.php\/produit\/recharge-pla-elegoo-1-kg-175-mm\/#primaryimage"},"image":{"@id":"https:\/\/ja3dsolutions.fr\/index.php\/produit\/recharge-pla-elegoo-1-kg-175-mm\/#primaryimage"},"thumbnailUrl":"https:\/\/ja3dsolutions.fr\/wp-content\/uploads\/2026\/01\/PLA_Basic-_1.webp","datePublished":"2026-01-07T11:21:49+00:00","dateModified":"2026-03-31T16:41:05+00:00","description":"Explorez le monde de l'impression 3D avec les recharge PLA Elegoo de 1,75 mm. Parfait pour vos cr\u00e9ations techniques ou d\u00e9coratives, procurez-vous-le !","breadcrumb":{"@id":"https:\/\/ja3dsolutions.fr\/index.php\/produit\/recharge-pla-elegoo-1-kg-175-mm\/#breadcrumb"},"inLanguage":"fr-FR","potentialAction":[{"@type":"ReadAction","target":["https:\/\/ja3dsolutions.fr\/index.php\/produit\/recharge-pla-elegoo-1-kg-175-mm\/"]}]},{"@type":"ImageObject","inLanguage":"fr-FR","@id":"https:\/\/ja3dsolutions.fr\/index.php\/produit\/recharge-pla-elegoo-1-kg-175-mm\/#primaryimage","url":"https:\/\/ja3dsolutions.fr\/wp-content\/uploads\/2026\/01\/PLA_Basic-_1.webp","contentUrl":"https:\/\/ja3dsolutions.fr\/wp-content\/uploads\/2026\/01\/PLA_Basic-_1.webp","width":1220,"height":1525,"caption":"Filament PLA con\u00e7u pour r\u00e9duire les d\u00e9chets gr\u00e2ce \u00e0 un syst\u00e8me limitant l\u2019usage de bobines traditionnelles."},{"@type":"BreadcrumbList","@id":"https:\/\/ja3dsolutions.fr\/index.php\/produit\/recharge-pla-elegoo-1-kg-175-mm\/#breadcrumb","itemListElement":[{"@type":"ListItem","position":1,"name":"Accueil","item":"https:\/\/ja3dsolutions.fr\/"},{"@type":"ListItem","position":2,"name":"Boutique","item":"https:\/\/ja3dsolutions.fr\/index.php\/boutique\/"},{"@type":"ListItem","position":3,"name":"Recharge PLA"}]},{"@type":"WebSite","@id":"https:\/\/ja3dsolutions.fr\/#website","url":"https:\/\/ja3dsolutions.fr\/","name":"JA 3D Solutions","description":"FA\u00c7ONNEUR D&#039;ID\u00c9ES EN 3D","publisher":{"@id":"https:\/\/ja3dsolutions.fr\/#organization"},"potentialAction":[{"@type":"SearchAction","target":{"@type":"EntryPoint","urlTemplate":"https:\/\/ja3dsolutions.fr\/?s={search_term_string}"},"query-input":{"@type":"PropertyValueSpecification","valueRequired":true,"valueName":"search_term_string"}}],"inLanguage":"fr-FR"},{"@type":"Organization","@id":"https:\/\/ja3dsolutions.fr\/#organization","name":"JA 3D Solutions","url":"https:\/\/ja3dsolutions.fr\/","logo":{"@type":"ImageObject","inLanguage":"fr-FR","@id":"https:\/\/ja3dsolutions.fr\/#\/schema\/logo\/image\/","url":"http:\/\/jadsolc.cluster100.hosting.ovh.net\/wp-content\/uploads\/2025\/10\/WhatsApp-Image-2025-10-18-at-11.22.57.jpeg","contentUrl":"http:\/\/jadsolc.cluster100.hosting.ovh.net\/wp-content\/uploads\/2025\/10\/WhatsApp-Image-2025-10-18-at-11.22.57.jpeg","width":990,"height":990,"caption":"JA 3D Solutions"},"image":{"@id":"https:\/\/ja3dsolutions.fr\/#\/schema\/logo\/image\/"}}]}},"_links":{"self":[{"href":"https:\/\/ja3dsolutions.fr\/index.php\/wp-json\/wp\/v2\/product\/426","targetHints":{"allow":["GET"]}}],"collection":[{"href":"https:\/\/ja3dsolutions.fr\/index.php\/wp-json\/wp\/v2\/product"}],"about":[{"href":"https:\/\/ja3dsolutions.fr\/index.php\/wp-json\/wp\/v2\/types\/product"}],"replies":[{"embeddable":true,"href":"https:\/\/ja3dsolutions.fr\/index.php\/wp-json\/wp\/v2\/comments?post=426"}],"wp:featuredmedia":[{"embeddable":true,"href":"https:\/\/ja3dsolutions.fr\/index.php\/wp-json\/wp\/v2\/media\/520"}],"wp:attachment":[{"href":"https:\/\/ja3dsolutions.fr\/index.php\/wp-json\/wp\/v2\/media?parent=426"}],"wp:term":[{"taxonomy":"product_brand","embeddable":true,"href":"https:\/\/ja3dsolutions.fr\/index.php\/wp-json\/wp\/v2\/product_brand?post=426"},{"taxonomy":"product_cat","embeddable":true,"href":"https:\/\/ja3dsolutions.fr\/index.php\/wp-json\/wp\/v2\/product_cat?post=426"},{"taxonomy":"product_tag","embeddable":true,"href":"https:\/\/ja3dsolutions.fr\/index.php\/wp-json\/wp\/v2\/product_tag?post=426"}],"curies":[{"name":"wp","href":"https:\/\/api.w.org\/{rel}","templated":true}]}}