{"id":3029,"date":"2026-04-07T10:24:42","date_gmt":"2026-04-07T10:24:42","guid":{"rendered":"https:\/\/ja3dsolutions.fr\/?post_type=product&#038;p=3029"},"modified":"2026-04-07T10:29:16","modified_gmt":"2026-04-07T10:29:16","slug":"kit-extrudeur-assemble-elegoo-neptune","status":"publish","type":"product","link":"https:\/\/ja3dsolutions.fr\/index.php\/produit\/kit-extrudeur-assemble-elegoo-neptune\/","title":{"rendered":"Kit d&#8217;Extrudeur Assembl\u00e9 Elegoo s\u00e9ries Neptune"},"content":{"rendered":"<h1 style=\"font-size: 45px; text-align: center;\">Kit Extrudeur Assembl\u00e9 ELEGOO s\u00e9ries Neptune<\/h1>\n<p>&nbsp;<\/p>\n<p>&nbsp;<\/p>\n<p><img loading=\"lazy\" decoding=\"async\" class=\"alignright\" src=\"https:\/\/ja3dsolutions.fr\/wp-content\/uploads\/2026\/04\/7-Dual-GearDirectExtruderKitforNeptune4_2048x2048_f885ddd6-8690-4bab-856d-6f9bd6e536c6.png\" width=\"600\" height=\"371\" \/><\/p>\n<div class=\"pla-text\">\n<h1 style=\"font-size: 35px; text-align: right;\">Extrudeur direct drive \u00e0 double engrenage<\/h1>\n<p style=\"font-size: 20px; text-align: right;\">L&#8217;extrudeur direct drive \u00e0 double engrenage permet une alimentation en filament stable et r\u00e9guli\u00e8re. \u00c9quip\u00e9 d&#8217;une buse haute temp\u00e9rature pouvant chauffer \u00e0 300\u00b0C. Il est compatible avec une large gamme de mat\u00e9riaux tels que le PLA, l&#8217;ABS, le PETG, le TPU ou le nylon.<\/p>\n<\/div>\n<h1 style=\"font-size: 35px; text-align: right;\">Haute r\u00e9sistance<\/h1>\n<p style=\"font-size: 20px; text-align: right;\">Cet extrudeur Elegoo, fabriqu\u00e9e en acier inoxydable haute qualit\u00e9, est tr\u00e8s r\u00e9sistant \u00e0 l&#8217;usure. Les dents des engrenages sont durables et assurent d&#8217;excellentes performances \u00e0 long terme. Le tube d&#8217;extrudeur en alliage de titane et de cuivre offre une grande conductivit\u00e9 thermique qui r\u00e9duit donc les risques de bouchage de buse et de sous extrusion.<\/p>\n<p>&nbsp;<\/p>\n<p>&nbsp;<\/p>\n<p>&nbsp;<\/p>\n<p>&nbsp;<\/p>\n<p style=\"font-size: 20px;\">Le double engrenage m\u00e9nage un espace \u00e9troit pour le passage du filament, il permet ainsi des connexions fluides entre les composants ainsi qu&#8217;une extrusion constante.<br \/>\nLes deux ventilateurs et le design innovant du conduit d&#8217;air sont garants quant \u00e0 eux d&#8217;un refroidissement rapide des couches. Cette dissipation efficace de la chaleur produit des pi\u00e8ces \u00e0 la structure stable, sans probl\u00e8me de d\u00e9formation.<br \/>\nL&#8217;installation de l&#8217;extrudeur sur votre machine est simple, gr\u00e2ce aux vis incluses dans le kit, les composants sont maintenus en place de fa\u00e7on fiable.<\/p>\n<p>&nbsp;<\/p>\n<p><strong>Retrouvez nos autres pi\u00e8ces d\u00e9tach\u00e9es: <a href=\"https:\/\/ja3dsolutions.fr\/index.php\/categorie-produit\/consommables\/pieces_detachees\/\">ICI !!<\/a><\/strong><\/p>\n","protected":false},"excerpt":{"rendered":"<p>Kit Extrudeur Assembl\u00e9 ELEGOO s\u00e9ries Neptune &nbsp; &nbsp; Extrudeur direct drive \u00e0 double engrenage L&#8217;extrudeur direct drive \u00e0 double engrenage permet une alimentation en filament stable et r\u00e9guli\u00e8re. \u00c9quip\u00e9 d&#8217;une buse haute temp\u00e9rature pouvant chauffer \u00e0 300\u00b0C. Il est compatible avec une large gamme de mat\u00e9riaux tels que le PLA, l&#8217;ABS, le PETG, le TPU &hellip; <\/p>\n","protected":false},"featured_media":3030,"comment_status":"closed","ping_status":"closed","template":"","meta":[],"product_brand":[],"product_cat":[42],"product_tag":[],"class_list":{"0":"post-3029","1":"product","2":"type-product","3":"status-publish","4":"has-post-thumbnail","6":"product_cat-pieces_detachees-imprimantes-3d","8":"first","9":"instock","10":"taxable","11":"shipping-taxable","12":"purchasable","13":"product-type-variable"},"yoast_head":"<!-- This site is optimized with the Yoast SEO plugin v27.3 - https:\/\/yoast.com\/product\/yoast-seo-wordpress\/ -->\n<title>Extrudeur assembl\u00e9 ELEGOO pour Neptune Pi\u00e8ce d\u2019origine fiable<\/title>\n<meta name=\"description\" content=\"Extrudeur assembl\u00e9 ELEGOO pour Neptune pr\u00eat \u00e0 installer. Fiable, pr\u00e9cis et id\u00e9al pour remplacer votre extrudeur et am\u00e9liorer vos impressions 3D.\" \/>\n<meta name=\"robots\" content=\"index, follow, max-snippet:-1, max-image-preview:large, max-video-preview:-1\" \/>\n<link rel=\"canonical\" href=\"https:\/\/ja3dsolutions.fr\/index.php\/produit\/kit-extrudeur-assemble-elegoo-neptune\/\" \/>\n<meta property=\"og:locale\" content=\"fr_FR\" \/>\n<meta property=\"og:type\" content=\"article\" \/>\n<meta property=\"og:title\" content=\"Extrudeur assembl\u00e9 ELEGOO pour Neptune Pi\u00e8ce d\u2019origine fiable\" \/>\n<meta property=\"og:description\" content=\"Extrudeur assembl\u00e9 ELEGOO pour Neptune pr\u00eat \u00e0 installer. Fiable, pr\u00e9cis et id\u00e9al pour remplacer votre extrudeur et am\u00e9liorer vos impressions 3D.\" \/>\n<meta property=\"og:url\" content=\"https:\/\/ja3dsolutions.fr\/index.php\/produit\/kit-extrudeur-assemble-elegoo-neptune\/\" \/>\n<meta property=\"og:site_name\" content=\"JA 3D Solutions\" \/>\n<meta property=\"article:modified_time\" content=\"2026-04-07T10:29:16+00:00\" \/>\n<meta property=\"og:image\" content=\"https:\/\/ja3dsolutions.fr\/wp-content\/uploads\/2026\/04\/assembled-extruder-kit.jpg\" \/>\n\t<meta property=\"og:image:width\" content=\"674\" \/>\n\t<meta property=\"og:image:height\" content=\"420\" \/>\n\t<meta property=\"og:image:type\" content=\"image\/jpeg\" \/>\n<meta name=\"twitter:card\" content=\"summary_large_image\" \/>\n<meta name=\"twitter:label1\" content=\"Dur\u00e9e de lecture estim\u00e9e\" \/>\n\t<meta name=\"twitter:data1\" content=\"2 minutes\" \/>\n<script type=\"application\/ld+json\" class=\"yoast-schema-graph\">{\"@context\":\"https:\\\/\\\/schema.org\",\"@graph\":[{\"@type\":\"WebPage\",\"@id\":\"https:\\\/\\\/ja3dsolutions.fr\\\/index.php\\\/produit\\\/kit-extrudeur-assemble-elegoo-neptune\\\/\",\"url\":\"https:\\\/\\\/ja3dsolutions.fr\\\/index.php\\\/produit\\\/kit-extrudeur-assemble-elegoo-neptune\\\/\",\"name\":\"Extrudeur assembl\u00e9 ELEGOO pour Neptune Pi\u00e8ce d\u2019origine fiable\",\"isPartOf\":{\"@id\":\"https:\\\/\\\/ja3dsolutions.fr\\\/#website\"},\"primaryImageOfPage\":{\"@id\":\"https:\\\/\\\/ja3dsolutions.fr\\\/index.php\\\/produit\\\/kit-extrudeur-assemble-elegoo-neptune\\\/#primaryimage\"},\"image\":{\"@id\":\"https:\\\/\\\/ja3dsolutions.fr\\\/index.php\\\/produit\\\/kit-extrudeur-assemble-elegoo-neptune\\\/#primaryimage\"},\"thumbnailUrl\":\"https:\\\/\\\/ja3dsolutions.fr\\\/wp-content\\\/uploads\\\/2026\\\/04\\\/assembled-extruder-kit.jpg\",\"datePublished\":\"2026-04-07T10:24:42+00:00\",\"dateModified\":\"2026-04-07T10:29:16+00:00\",\"description\":\"Extrudeur assembl\u00e9 ELEGOO pour Neptune pr\u00eat \u00e0 installer. Fiable, pr\u00e9cis et id\u00e9al pour remplacer votre extrudeur et am\u00e9liorer vos impressions 3D.\",\"breadcrumb\":{\"@id\":\"https:\\\/\\\/ja3dsolutions.fr\\\/index.php\\\/produit\\\/kit-extrudeur-assemble-elegoo-neptune\\\/#breadcrumb\"},\"inLanguage\":\"fr-FR\",\"potentialAction\":[{\"@type\":\"ReadAction\",\"target\":[\"https:\\\/\\\/ja3dsolutions.fr\\\/index.php\\\/produit\\\/kit-extrudeur-assemble-elegoo-neptune\\\/\"]}]},{\"@type\":\"ImageObject\",\"inLanguage\":\"fr-FR\",\"@id\":\"https:\\\/\\\/ja3dsolutions.fr\\\/index.php\\\/produit\\\/kit-extrudeur-assemble-elegoo-neptune\\\/#primaryimage\",\"url\":\"https:\\\/\\\/ja3dsolutions.fr\\\/wp-content\\\/uploads\\\/2026\\\/04\\\/assembled-extruder-kit.jpg\",\"contentUrl\":\"https:\\\/\\\/ja3dsolutions.fr\\\/wp-content\\\/uploads\\\/2026\\\/04\\\/assembled-extruder-kit.jpg\",\"width\":674,\"height\":420,\"caption\":\"Kit extrudeur ELEGOO pr\u00eat \u00e0 l\u2019emploi compatible Neptune, id\u00e9al pour remplacer ou am\u00e9liorer votre syst\u00e8me d\u2019extrusion.\"},{\"@type\":\"BreadcrumbList\",\"@id\":\"https:\\\/\\\/ja3dsolutions.fr\\\/index.php\\\/produit\\\/kit-extrudeur-assemble-elegoo-neptune\\\/#breadcrumb\",\"itemListElement\":[{\"@type\":\"ListItem\",\"position\":1,\"name\":\"Accueil\",\"item\":\"https:\\\/\\\/ja3dsolutions.fr\\\/\"},{\"@type\":\"ListItem\",\"position\":2,\"name\":\"Boutique\",\"item\":\"https:\\\/\\\/ja3dsolutions.fr\\\/index.php\\\/boutique\\\/\"},{\"@type\":\"ListItem\",\"position\":3,\"name\":\"Kit d&#8217;Extrudeur Assembl\u00e9 Elegoo s\u00e9ries Neptune\"}]},{\"@type\":\"WebSite\",\"@id\":\"https:\\\/\\\/ja3dsolutions.fr\\\/#website\",\"url\":\"https:\\\/\\\/ja3dsolutions.fr\\\/\",\"name\":\"JA 3D Solutions\",\"description\":\"FA\u00c7ONNEUR D&#039;ID\u00c9ES EN 3D\",\"publisher\":{\"@id\":\"https:\\\/\\\/ja3dsolutions.fr\\\/#organization\"},\"potentialAction\":[{\"@type\":\"SearchAction\",\"target\":{\"@type\":\"EntryPoint\",\"urlTemplate\":\"https:\\\/\\\/ja3dsolutions.fr\\\/?s={search_term_string}\"},\"query-input\":{\"@type\":\"PropertyValueSpecification\",\"valueRequired\":true,\"valueName\":\"search_term_string\"}}],\"inLanguage\":\"fr-FR\"},{\"@type\":\"Organization\",\"@id\":\"https:\\\/\\\/ja3dsolutions.fr\\\/#organization\",\"name\":\"JA 3D Solutions\",\"url\":\"https:\\\/\\\/ja3dsolutions.fr\\\/\",\"logo\":{\"@type\":\"ImageObject\",\"inLanguage\":\"fr-FR\",\"@id\":\"https:\\\/\\\/ja3dsolutions.fr\\\/#\\\/schema\\\/logo\\\/image\\\/\",\"url\":\"http:\\\/\\\/jadsolc.cluster100.hosting.ovh.net\\\/wp-content\\\/uploads\\\/2025\\\/10\\\/WhatsApp-Image-2025-10-18-at-11.22.57.jpeg\",\"contentUrl\":\"http:\\\/\\\/jadsolc.cluster100.hosting.ovh.net\\\/wp-content\\\/uploads\\\/2025\\\/10\\\/WhatsApp-Image-2025-10-18-at-11.22.57.jpeg\",\"width\":990,\"height\":990,\"caption\":\"JA 3D Solutions\"},\"image\":{\"@id\":\"https:\\\/\\\/ja3dsolutions.fr\\\/#\\\/schema\\\/logo\\\/image\\\/\"}}]}<\/script>\n<!-- \/ Yoast SEO plugin. -->","yoast_head_json":{"title":"Extrudeur assembl\u00e9 ELEGOO pour Neptune Pi\u00e8ce d\u2019origine fiable","description":"Extrudeur assembl\u00e9 ELEGOO pour Neptune pr\u00eat \u00e0 installer. Fiable, pr\u00e9cis et id\u00e9al pour remplacer votre extrudeur et am\u00e9liorer vos impressions 3D.","robots":{"index":"index","follow":"follow","max-snippet":"max-snippet:-1","max-image-preview":"max-image-preview:large","max-video-preview":"max-video-preview:-1"},"canonical":"https:\/\/ja3dsolutions.fr\/index.php\/produit\/kit-extrudeur-assemble-elegoo-neptune\/","og_locale":"fr_FR","og_type":"article","og_title":"Extrudeur assembl\u00e9 ELEGOO pour Neptune Pi\u00e8ce d\u2019origine fiable","og_description":"Extrudeur assembl\u00e9 ELEGOO pour Neptune pr\u00eat \u00e0 installer. Fiable, pr\u00e9cis et id\u00e9al pour remplacer votre extrudeur et am\u00e9liorer vos impressions 3D.","og_url":"https:\/\/ja3dsolutions.fr\/index.php\/produit\/kit-extrudeur-assemble-elegoo-neptune\/","og_site_name":"JA 3D Solutions","article_modified_time":"2026-04-07T10:29:16+00:00","og_image":[{"width":674,"height":420,"url":"https:\/\/ja3dsolutions.fr\/wp-content\/uploads\/2026\/04\/assembled-extruder-kit.jpg","type":"image\/jpeg"}],"twitter_card":"summary_large_image","twitter_misc":{"Dur\u00e9e de lecture estim\u00e9e":"2 minutes"},"schema":{"@context":"https:\/\/schema.org","@graph":[{"@type":"WebPage","@id":"https:\/\/ja3dsolutions.fr\/index.php\/produit\/kit-extrudeur-assemble-elegoo-neptune\/","url":"https:\/\/ja3dsolutions.fr\/index.php\/produit\/kit-extrudeur-assemble-elegoo-neptune\/","name":"Extrudeur assembl\u00e9 ELEGOO pour Neptune Pi\u00e8ce d\u2019origine fiable","isPartOf":{"@id":"https:\/\/ja3dsolutions.fr\/#website"},"primaryImageOfPage":{"@id":"https:\/\/ja3dsolutions.fr\/index.php\/produit\/kit-extrudeur-assemble-elegoo-neptune\/#primaryimage"},"image":{"@id":"https:\/\/ja3dsolutions.fr\/index.php\/produit\/kit-extrudeur-assemble-elegoo-neptune\/#primaryimage"},"thumbnailUrl":"https:\/\/ja3dsolutions.fr\/wp-content\/uploads\/2026\/04\/assembled-extruder-kit.jpg","datePublished":"2026-04-07T10:24:42+00:00","dateModified":"2026-04-07T10:29:16+00:00","description":"Extrudeur assembl\u00e9 ELEGOO pour Neptune pr\u00eat \u00e0 installer. Fiable, pr\u00e9cis et id\u00e9al pour remplacer votre extrudeur et am\u00e9liorer vos impressions 3D.","breadcrumb":{"@id":"https:\/\/ja3dsolutions.fr\/index.php\/produit\/kit-extrudeur-assemble-elegoo-neptune\/#breadcrumb"},"inLanguage":"fr-FR","potentialAction":[{"@type":"ReadAction","target":["https:\/\/ja3dsolutions.fr\/index.php\/produit\/kit-extrudeur-assemble-elegoo-neptune\/"]}]},{"@type":"ImageObject","inLanguage":"fr-FR","@id":"https:\/\/ja3dsolutions.fr\/index.php\/produit\/kit-extrudeur-assemble-elegoo-neptune\/#primaryimage","url":"https:\/\/ja3dsolutions.fr\/wp-content\/uploads\/2026\/04\/assembled-extruder-kit.jpg","contentUrl":"https:\/\/ja3dsolutions.fr\/wp-content\/uploads\/2026\/04\/assembled-extruder-kit.jpg","width":674,"height":420,"caption":"Kit extrudeur ELEGOO pr\u00eat \u00e0 l\u2019emploi compatible Neptune, id\u00e9al pour remplacer ou am\u00e9liorer votre syst\u00e8me d\u2019extrusion."},{"@type":"BreadcrumbList","@id":"https:\/\/ja3dsolutions.fr\/index.php\/produit\/kit-extrudeur-assemble-elegoo-neptune\/#breadcrumb","itemListElement":[{"@type":"ListItem","position":1,"name":"Accueil","item":"https:\/\/ja3dsolutions.fr\/"},{"@type":"ListItem","position":2,"name":"Boutique","item":"https:\/\/ja3dsolutions.fr\/index.php\/boutique\/"},{"@type":"ListItem","position":3,"name":"Kit d&#8217;Extrudeur Assembl\u00e9 Elegoo s\u00e9ries Neptune"}]},{"@type":"WebSite","@id":"https:\/\/ja3dsolutions.fr\/#website","url":"https:\/\/ja3dsolutions.fr\/","name":"JA 3D Solutions","description":"FA\u00c7ONNEUR D&#039;ID\u00c9ES EN 3D","publisher":{"@id":"https:\/\/ja3dsolutions.fr\/#organization"},"potentialAction":[{"@type":"SearchAction","target":{"@type":"EntryPoint","urlTemplate":"https:\/\/ja3dsolutions.fr\/?s={search_term_string}"},"query-input":{"@type":"PropertyValueSpecification","valueRequired":true,"valueName":"search_term_string"}}],"inLanguage":"fr-FR"},{"@type":"Organization","@id":"https:\/\/ja3dsolutions.fr\/#organization","name":"JA 3D Solutions","url":"https:\/\/ja3dsolutions.fr\/","logo":{"@type":"ImageObject","inLanguage":"fr-FR","@id":"https:\/\/ja3dsolutions.fr\/#\/schema\/logo\/image\/","url":"http:\/\/jadsolc.cluster100.hosting.ovh.net\/wp-content\/uploads\/2025\/10\/WhatsApp-Image-2025-10-18-at-11.22.57.jpeg","contentUrl":"http:\/\/jadsolc.cluster100.hosting.ovh.net\/wp-content\/uploads\/2025\/10\/WhatsApp-Image-2025-10-18-at-11.22.57.jpeg","width":990,"height":990,"caption":"JA 3D Solutions"},"image":{"@id":"https:\/\/ja3dsolutions.fr\/#\/schema\/logo\/image\/"}}]}},"_links":{"self":[{"href":"https:\/\/ja3dsolutions.fr\/index.php\/wp-json\/wp\/v2\/product\/3029","targetHints":{"allow":["GET"]}}],"collection":[{"href":"https:\/\/ja3dsolutions.fr\/index.php\/wp-json\/wp\/v2\/product"}],"about":[{"href":"https:\/\/ja3dsolutions.fr\/index.php\/wp-json\/wp\/v2\/types\/product"}],"replies":[{"embeddable":true,"href":"https:\/\/ja3dsolutions.fr\/index.php\/wp-json\/wp\/v2\/comments?post=3029"}],"wp:featuredmedia":[{"embeddable":true,"href":"https:\/\/ja3dsolutions.fr\/index.php\/wp-json\/wp\/v2\/media\/3030"}],"wp:attachment":[{"href":"https:\/\/ja3dsolutions.fr\/index.php\/wp-json\/wp\/v2\/media?parent=3029"}],"wp:term":[{"taxonomy":"product_brand","embeddable":true,"href":"https:\/\/ja3dsolutions.fr\/index.php\/wp-json\/wp\/v2\/product_brand?post=3029"},{"taxonomy":"product_cat","embeddable":true,"href":"https:\/\/ja3dsolutions.fr\/index.php\/wp-json\/wp\/v2\/product_cat?post=3029"},{"taxonomy":"product_tag","embeddable":true,"href":"https:\/\/ja3dsolutions.fr\/index.php\/wp-json\/wp\/v2\/product_tag?post=3029"}],"curies":[{"name":"wp","href":"https:\/\/api.w.org\/{rel}","templated":true}]}}