{"id":2967,"date":"2026-03-31T14:53:13","date_gmt":"2026-03-31T14:53:13","guid":{"rendered":"https:\/\/ja3dsolutions.fr\/?post_type=product&#038;p=2967"},"modified":"2026-04-07T09:41:33","modified_gmt":"2026-04-07T09:41:33","slug":"sparkle-pla-copie","status":"publish","type":"product","link":"https:\/\/ja3dsolutions.fr\/index.php\/produit\/sparkle-pla-copie\/","title":{"rendered":"Sparkle PLA"},"content":{"rendered":"<p>&nbsp;<\/p>\n<div class=\"pla-desc-wrapper\">\n<div class=\"pla-row\">\n<div class=\"pla-text\">\n<h1 style=\"font-size: 45px; text-align: center;\">Filament Sparkle PLA ELEGOO 1,75 mm<\/h1>\n<p>&nbsp;<\/p>\n<p><img loading=\"lazy\" decoding=\"async\" class=\"alignright\" src=\"https:\/\/ja3dsolutions.fr\/wp-content\/uploads\/2026\/03\/Capture-decran-2026-03-31-172511.png\" width=\"600\" height=\"371\" \/><\/p>\n<\/div>\n<p>&nbsp;<\/p>\n<div class=\"pla-text\">\n<h1 style=\"font-size: 35px; text-align: right;\">Finition scintillante<\/h1>\n<p style=\"font-size: 20px; text-align: right;\">Donnez un effet scintillant \u00e9blouissant \u00e0 vos impressions avec Elegoo PLA Sparkle, un filament esth\u00e9tique qui allie la qualit\u00e9 lisse du PLA \u00e0 une finition scintillante unique, id\u00e9al pour cr\u00e9er des pi\u00e8ces d\u00e9coratives attrayantes, des designs artistiques et des articles cadeaux.<\/p>\n<\/div>\n<\/div>\n<\/div>\n<p>&nbsp;<\/p>\n<p>&nbsp;<\/p>\n<p>&nbsp;<\/p>\n<p><img loading=\"lazy\" decoding=\"async\" class=\"alignleft\" src=\"https:\/\/ja3dsolutions.fr\/wp-content\/uploads\/2026\/03\/Capture-decran-2026-03-31-172846.png\" alt=\"R\u00e9sultats haute qualit\u00e9\" width=\"600\" height=\"371\" \/><\/p>\n<div class=\"pla-desc-wrapper\">\n<div class=\"pla-row reverse\">\n<div class=\"pla-text\">\n<h1 style=\"font-size: 35px;\">R\u00e9sultats haute qualit\u00e9<\/h1>\n<p style=\"font-size: 20px;\">Le PLA Sparkle d&#8217;Elegoo garantit une qualit\u00e9 d&#8217;impression sup\u00e9rieure, avec des d\u00e9tails saisissants et un rendu visuel exceptionnel. Vos mod\u00e8les auront une allure soign\u00e9e et professionnelle \u00e0 chaque impression.<\/p>\n<\/div>\n<\/div>\n<\/div>\n<p>&nbsp;<\/p>\n<p>&nbsp;<\/p>\n<p>&nbsp;<\/p>\n<p>&nbsp;<\/p>\n<p>&nbsp;<\/p>\n<p>&nbsp;<\/p>\n<h2><strong>Param\u00e8tres d&#8217;impression recommand\u00e9s<\/strong><\/h2>\n<div class=\"pla-desc-wrapper\">\n<div class=\"pla-row reverse\">\n<div class=\"pla-text\">\n<p style=\"font-size: 18px;\">Param\u00e8tres de s\u00e9chage avant l&#8217;impression : 50 \u00b1 5 \u00b0C<br \/>\nTemp\u00e9rature de la buse : 190 &#8211; 220 \u00b0C<br \/>\nTemp\u00e9rature du lit : 35 &#8211; 65 \u00b0C<br \/>\nType de plaque : PEI textur\u00e9\/lisse ou autres plaques<br \/>\nVitesse d&#8217;impression&lt; 200 mm\/s<\/p>\n<p><strong>Retrouvez nos autres filaments: <a href=\"https:\/\/ja3dsolutions.fr\/index.php\/categorie-produit\/consommables\/filaments\/\">ICI !!<\/a><\/strong><\/p>\n<\/div>\n<\/div>\n<\/div>\n","protected":false},"excerpt":{"rendered":"<p>&nbsp; Filament Sparkle PLA ELEGOO 1,75 mm &nbsp; &nbsp; Finition scintillante Donnez un effet scintillant \u00e9blouissant \u00e0 vos impressions avec Elegoo PLA Sparkle, un filament esth\u00e9tique qui allie la qualit\u00e9 lisse du PLA \u00e0 une finition scintillante unique, id\u00e9al pour cr\u00e9er des pi\u00e8ces d\u00e9coratives attrayantes, des designs artistiques et des articles cadeaux. &nbsp; &nbsp; &nbsp; &hellip; <\/p>\n","protected":false},"featured_media":2993,"comment_status":"open","ping_status":"closed","template":"","meta":[],"product_brand":[28],"product_cat":[41],"product_tag":[31,32],"class_list":{"0":"post-2967","1":"product","2":"type-product","3":"status-publish","4":"has-post-thumbnail","6":"product_brand-elegoo","7":"product_cat-filament-pla","8":"product_tag-filament","9":"product_tag-pla","11":"first","12":"instock","13":"taxable","14":"shipping-taxable","15":"purchasable","16":"product-type-variable"},"yoast_head":"<!-- This site is optimized with the Yoast SEO plugin v27.3 - https:\/\/yoast.com\/product\/yoast-seo-wordpress\/ -->\n<title>Filament Sparkle PLA Elegoo 1kg<\/title>\n<meta name=\"description\" content=\"Explorez le monde de l&#039;impression 3D avec le filament PLA Elegoo de 1,75 mm. Parfait pour vos cr\u00e9ations techniques ou d\u00e9coratives, procurez-vous-le !\" \/>\n<meta name=\"robots\" content=\"index, follow, max-snippet:-1, max-image-preview:large, max-video-preview:-1\" \/>\n<link rel=\"canonical\" href=\"https:\/\/ja3dsolutions.fr\/index.php\/produit\/sparkle-pla-copie\/\" \/>\n<meta property=\"og:locale\" content=\"fr_FR\" \/>\n<meta property=\"og:type\" content=\"article\" \/>\n<meta property=\"og:title\" content=\"Filament Sparkle PLA Elegoo 1kg\" \/>\n<meta property=\"og:description\" content=\"Explorez le monde de l&#039;impression 3D avec le filament PLA Elegoo de 1,75 mm. Parfait pour vos cr\u00e9ations techniques ou d\u00e9coratives, procurez-vous-le !\" \/>\n<meta property=\"og:url\" content=\"https:\/\/ja3dsolutions.fr\/index.php\/produit\/sparkle-pla-copie\/\" \/>\n<meta property=\"og:site_name\" content=\"JA 3D Solutions\" \/>\n<meta property=\"article:modified_time\" content=\"2026-04-07T09:41:33+00:00\" \/>\n<meta property=\"og:image\" content=\"https:\/\/ja3dsolutions.fr\/wp-content\/uploads\/2026\/03\/2_173136ea-bb73-4f2e-a888-ac30f06bcce4.webp\" \/>\n\t<meta property=\"og:image:width\" content=\"1024\" \/>\n\t<meta property=\"og:image:height\" content=\"1024\" \/>\n\t<meta property=\"og:image:type\" content=\"image\/webp\" \/>\n<meta name=\"twitter:card\" content=\"summary_large_image\" \/>\n<meta name=\"twitter:label1\" content=\"Dur\u00e9e de lecture estim\u00e9e\" \/>\n\t<meta name=\"twitter:data1\" content=\"2 minutes\" \/>\n<script type=\"application\/ld+json\" class=\"yoast-schema-graph\">{\"@context\":\"https:\\\/\\\/schema.org\",\"@graph\":[{\"@type\":\"WebPage\",\"@id\":\"https:\\\/\\\/ja3dsolutions.fr\\\/index.php\\\/produit\\\/sparkle-pla-copie\\\/\",\"url\":\"https:\\\/\\\/ja3dsolutions.fr\\\/index.php\\\/produit\\\/sparkle-pla-copie\\\/\",\"name\":\"Filament Sparkle PLA Elegoo 1kg\",\"isPartOf\":{\"@id\":\"https:\\\/\\\/ja3dsolutions.fr\\\/#website\"},\"primaryImageOfPage\":{\"@id\":\"https:\\\/\\\/ja3dsolutions.fr\\\/index.php\\\/produit\\\/sparkle-pla-copie\\\/#primaryimage\"},\"image\":{\"@id\":\"https:\\\/\\\/ja3dsolutions.fr\\\/index.php\\\/produit\\\/sparkle-pla-copie\\\/#primaryimage\"},\"thumbnailUrl\":\"https:\\\/\\\/ja3dsolutions.fr\\\/wp-content\\\/uploads\\\/2026\\\/03\\\/2_173136ea-bb73-4f2e-a888-ac30f06bcce4.webp\",\"datePublished\":\"2026-03-31T14:53:13+00:00\",\"dateModified\":\"2026-04-07T09:41:33+00:00\",\"description\":\"Explorez le monde de l'impression 3D avec le filament PLA Elegoo de 1,75 mm. Parfait pour vos cr\u00e9ations techniques ou d\u00e9coratives, procurez-vous-le !\",\"breadcrumb\":{\"@id\":\"https:\\\/\\\/ja3dsolutions.fr\\\/index.php\\\/produit\\\/sparkle-pla-copie\\\/#breadcrumb\"},\"inLanguage\":\"fr-FR\",\"potentialAction\":[{\"@type\":\"ReadAction\",\"target\":[\"https:\\\/\\\/ja3dsolutions.fr\\\/index.php\\\/produit\\\/sparkle-pla-copie\\\/\"]}]},{\"@type\":\"ImageObject\",\"inLanguage\":\"fr-FR\",\"@id\":\"https:\\\/\\\/ja3dsolutions.fr\\\/index.php\\\/produit\\\/sparkle-pla-copie\\\/#primaryimage\",\"url\":\"https:\\\/\\\/ja3dsolutions.fr\\\/wp-content\\\/uploads\\\/2026\\\/03\\\/2_173136ea-bb73-4f2e-a888-ac30f06bcce4.webp\",\"contentUrl\":\"https:\\\/\\\/ja3dsolutions.fr\\\/wp-content\\\/uploads\\\/2026\\\/03\\\/2_173136ea-bb73-4f2e-a888-ac30f06bcce4.webp\",\"width\":1024,\"height\":1024},{\"@type\":\"BreadcrumbList\",\"@id\":\"https:\\\/\\\/ja3dsolutions.fr\\\/index.php\\\/produit\\\/sparkle-pla-copie\\\/#breadcrumb\",\"itemListElement\":[{\"@type\":\"ListItem\",\"position\":1,\"name\":\"Accueil\",\"item\":\"https:\\\/\\\/ja3dsolutions.fr\\\/\"},{\"@type\":\"ListItem\",\"position\":2,\"name\":\"Boutique\",\"item\":\"https:\\\/\\\/ja3dsolutions.fr\\\/index.php\\\/boutique\\\/\"},{\"@type\":\"ListItem\",\"position\":3,\"name\":\"Sparkle PLA\"}]},{\"@type\":\"WebSite\",\"@id\":\"https:\\\/\\\/ja3dsolutions.fr\\\/#website\",\"url\":\"https:\\\/\\\/ja3dsolutions.fr\\\/\",\"name\":\"JA 3D Solutions\",\"description\":\"FA\u00c7ONNEUR D&#039;ID\u00c9ES EN 3D\",\"publisher\":{\"@id\":\"https:\\\/\\\/ja3dsolutions.fr\\\/#organization\"},\"potentialAction\":[{\"@type\":\"SearchAction\",\"target\":{\"@type\":\"EntryPoint\",\"urlTemplate\":\"https:\\\/\\\/ja3dsolutions.fr\\\/?s={search_term_string}\"},\"query-input\":{\"@type\":\"PropertyValueSpecification\",\"valueRequired\":true,\"valueName\":\"search_term_string\"}}],\"inLanguage\":\"fr-FR\"},{\"@type\":\"Organization\",\"@id\":\"https:\\\/\\\/ja3dsolutions.fr\\\/#organization\",\"name\":\"JA 3D Solutions\",\"url\":\"https:\\\/\\\/ja3dsolutions.fr\\\/\",\"logo\":{\"@type\":\"ImageObject\",\"inLanguage\":\"fr-FR\",\"@id\":\"https:\\\/\\\/ja3dsolutions.fr\\\/#\\\/schema\\\/logo\\\/image\\\/\",\"url\":\"http:\\\/\\\/jadsolc.cluster100.hosting.ovh.net\\\/wp-content\\\/uploads\\\/2025\\\/10\\\/WhatsApp-Image-2025-10-18-at-11.22.57.jpeg\",\"contentUrl\":\"http:\\\/\\\/jadsolc.cluster100.hosting.ovh.net\\\/wp-content\\\/uploads\\\/2025\\\/10\\\/WhatsApp-Image-2025-10-18-at-11.22.57.jpeg\",\"width\":990,\"height\":990,\"caption\":\"JA 3D Solutions\"},\"image\":{\"@id\":\"https:\\\/\\\/ja3dsolutions.fr\\\/#\\\/schema\\\/logo\\\/image\\\/\"}}]}<\/script>\n<!-- \/ Yoast SEO plugin. -->","yoast_head_json":{"title":"Filament Sparkle PLA Elegoo 1kg","description":"Explorez le monde de l'impression 3D avec le filament PLA Elegoo de 1,75 mm. Parfait pour vos cr\u00e9ations techniques ou d\u00e9coratives, procurez-vous-le !","robots":{"index":"index","follow":"follow","max-snippet":"max-snippet:-1","max-image-preview":"max-image-preview:large","max-video-preview":"max-video-preview:-1"},"canonical":"https:\/\/ja3dsolutions.fr\/index.php\/produit\/sparkle-pla-copie\/","og_locale":"fr_FR","og_type":"article","og_title":"Filament Sparkle PLA Elegoo 1kg","og_description":"Explorez le monde de l'impression 3D avec le filament PLA Elegoo de 1,75 mm. Parfait pour vos cr\u00e9ations techniques ou d\u00e9coratives, procurez-vous-le !","og_url":"https:\/\/ja3dsolutions.fr\/index.php\/produit\/sparkle-pla-copie\/","og_site_name":"JA 3D Solutions","article_modified_time":"2026-04-07T09:41:33+00:00","og_image":[{"width":1024,"height":1024,"url":"https:\/\/ja3dsolutions.fr\/wp-content\/uploads\/2026\/03\/2_173136ea-bb73-4f2e-a888-ac30f06bcce4.webp","type":"image\/webp"}],"twitter_card":"summary_large_image","twitter_misc":{"Dur\u00e9e de lecture estim\u00e9e":"2 minutes"},"schema":{"@context":"https:\/\/schema.org","@graph":[{"@type":"WebPage","@id":"https:\/\/ja3dsolutions.fr\/index.php\/produit\/sparkle-pla-copie\/","url":"https:\/\/ja3dsolutions.fr\/index.php\/produit\/sparkle-pla-copie\/","name":"Filament Sparkle PLA Elegoo 1kg","isPartOf":{"@id":"https:\/\/ja3dsolutions.fr\/#website"},"primaryImageOfPage":{"@id":"https:\/\/ja3dsolutions.fr\/index.php\/produit\/sparkle-pla-copie\/#primaryimage"},"image":{"@id":"https:\/\/ja3dsolutions.fr\/index.php\/produit\/sparkle-pla-copie\/#primaryimage"},"thumbnailUrl":"https:\/\/ja3dsolutions.fr\/wp-content\/uploads\/2026\/03\/2_173136ea-bb73-4f2e-a888-ac30f06bcce4.webp","datePublished":"2026-03-31T14:53:13+00:00","dateModified":"2026-04-07T09:41:33+00:00","description":"Explorez le monde de l'impression 3D avec le filament PLA Elegoo de 1,75 mm. Parfait pour vos cr\u00e9ations techniques ou d\u00e9coratives, procurez-vous-le !","breadcrumb":{"@id":"https:\/\/ja3dsolutions.fr\/index.php\/produit\/sparkle-pla-copie\/#breadcrumb"},"inLanguage":"fr-FR","potentialAction":[{"@type":"ReadAction","target":["https:\/\/ja3dsolutions.fr\/index.php\/produit\/sparkle-pla-copie\/"]}]},{"@type":"ImageObject","inLanguage":"fr-FR","@id":"https:\/\/ja3dsolutions.fr\/index.php\/produit\/sparkle-pla-copie\/#primaryimage","url":"https:\/\/ja3dsolutions.fr\/wp-content\/uploads\/2026\/03\/2_173136ea-bb73-4f2e-a888-ac30f06bcce4.webp","contentUrl":"https:\/\/ja3dsolutions.fr\/wp-content\/uploads\/2026\/03\/2_173136ea-bb73-4f2e-a888-ac30f06bcce4.webp","width":1024,"height":1024},{"@type":"BreadcrumbList","@id":"https:\/\/ja3dsolutions.fr\/index.php\/produit\/sparkle-pla-copie\/#breadcrumb","itemListElement":[{"@type":"ListItem","position":1,"name":"Accueil","item":"https:\/\/ja3dsolutions.fr\/"},{"@type":"ListItem","position":2,"name":"Boutique","item":"https:\/\/ja3dsolutions.fr\/index.php\/boutique\/"},{"@type":"ListItem","position":3,"name":"Sparkle PLA"}]},{"@type":"WebSite","@id":"https:\/\/ja3dsolutions.fr\/#website","url":"https:\/\/ja3dsolutions.fr\/","name":"JA 3D Solutions","description":"FA\u00c7ONNEUR D&#039;ID\u00c9ES EN 3D","publisher":{"@id":"https:\/\/ja3dsolutions.fr\/#organization"},"potentialAction":[{"@type":"SearchAction","target":{"@type":"EntryPoint","urlTemplate":"https:\/\/ja3dsolutions.fr\/?s={search_term_string}"},"query-input":{"@type":"PropertyValueSpecification","valueRequired":true,"valueName":"search_term_string"}}],"inLanguage":"fr-FR"},{"@type":"Organization","@id":"https:\/\/ja3dsolutions.fr\/#organization","name":"JA 3D Solutions","url":"https:\/\/ja3dsolutions.fr\/","logo":{"@type":"ImageObject","inLanguage":"fr-FR","@id":"https:\/\/ja3dsolutions.fr\/#\/schema\/logo\/image\/","url":"http:\/\/jadsolc.cluster100.hosting.ovh.net\/wp-content\/uploads\/2025\/10\/WhatsApp-Image-2025-10-18-at-11.22.57.jpeg","contentUrl":"http:\/\/jadsolc.cluster100.hosting.ovh.net\/wp-content\/uploads\/2025\/10\/WhatsApp-Image-2025-10-18-at-11.22.57.jpeg","width":990,"height":990,"caption":"JA 3D Solutions"},"image":{"@id":"https:\/\/ja3dsolutions.fr\/#\/schema\/logo\/image\/"}}]}},"_links":{"self":[{"href":"https:\/\/ja3dsolutions.fr\/index.php\/wp-json\/wp\/v2\/product\/2967","targetHints":{"allow":["GET"]}}],"collection":[{"href":"https:\/\/ja3dsolutions.fr\/index.php\/wp-json\/wp\/v2\/product"}],"about":[{"href":"https:\/\/ja3dsolutions.fr\/index.php\/wp-json\/wp\/v2\/types\/product"}],"replies":[{"embeddable":true,"href":"https:\/\/ja3dsolutions.fr\/index.php\/wp-json\/wp\/v2\/comments?post=2967"}],"wp:featuredmedia":[{"embeddable":true,"href":"https:\/\/ja3dsolutions.fr\/index.php\/wp-json\/wp\/v2\/media\/2993"}],"wp:attachment":[{"href":"https:\/\/ja3dsolutions.fr\/index.php\/wp-json\/wp\/v2\/media?parent=2967"}],"wp:term":[{"taxonomy":"product_brand","embeddable":true,"href":"https:\/\/ja3dsolutions.fr\/index.php\/wp-json\/wp\/v2\/product_brand?post=2967"},{"taxonomy":"product_cat","embeddable":true,"href":"https:\/\/ja3dsolutions.fr\/index.php\/wp-json\/wp\/v2\/product_cat?post=2967"},{"taxonomy":"product_tag","embeddable":true,"href":"https:\/\/ja3dsolutions.fr\/index.php\/wp-json\/wp\/v2\/product_tag?post=2967"}],"curies":[{"name":"wp","href":"https:\/\/api.w.org\/{rel}","templated":true}]}}