{"id":2922,"date":"2026-03-10T23:30:04","date_gmt":"2026-03-10T23:30:04","guid":{"rendered":"https:\/\/ja3dsolutions.fr\/?post_type=product&#038;p=2922"},"modified":"2026-04-02T12:01:13","modified_gmt":"2026-04-02T12:01:13","slug":"resine-water-washable","status":"publish","type":"product","link":"https:\/\/ja3dsolutions.fr\/index.php\/produit\/resine-water-washable\/","title":{"rendered":"R\u00e9sine Water Washable"},"content":{"rendered":"<p>&nbsp;<\/p>\n<div class=\"pla-desc-wrapper\">\n<div class=\"pla-row\">\n<div class=\"pla-text\">\n<h1 style=\"font-size: 45px; text-align: center;\">R\u00e9sine Water Washable ELEGOO<\/h1>\n<\/div>\n<\/div>\n<\/div>\n<p>&nbsp;<\/p>\n<div class=\"pla-desc-wrapper\">\n<div class=\"pla-row\">\n<div class=\"pla-text\">\n<p><img loading=\"lazy\" decoding=\"async\" class=\"alignright\" src=\"https:\/\/ja3dsolutions.fr\/wp-content\/uploads\/2026\/03\/4._Water-Washable-Resin-Water-Washable.webp\" alt=\"R\u00e9sine Water Washable\" width=\"450\" height=\"278\" \/><\/p>\n<\/div>\n<p>&nbsp;<\/p>\n<div class=\"pla-text\">\n<h1 style=\"font-size: 35px; text-align: right;\">Nettoyage facile et toujours frais<\/h1>\n<p style=\"font-size: 20px;\">Dites adieu aux nettoyages fastidieux gr\u00e2ce \u00e0 la r\u00e9sine lavable \u00e0 l&#8217;eau ELEGOO. Il suffit de rincer vos impressions sous l&#8217;eau, sans utiliser de produits chimiques agressifs ni de proc\u00e9dures compliqu\u00e9es. Profitez d\u2019un processus de nettoyage plus efficace et sans odeur, qui vous fait \u00e9conomiser du temps et de l\u2019\u00e9nergie.<\/p>\n<\/div>\n<\/div>\n<\/div>\n<p>&nbsp;<\/p>\n<p>&nbsp;<\/p>\n<p>&nbsp;<\/p>\n<p>&nbsp;<\/p>\n<p>&nbsp;<\/p>\n<p>&nbsp;<\/p>\n<p><img loading=\"lazy\" decoding=\"async\" class=\"alignleft\" src=\"https:\/\/ja3dsolutions.fr\/wp-content\/uploads\/2026\/03\/5._8K-Water-Washable-Resin-Bright-and-Stunning-Colors.webp\" alt=\"R\u00e9sine 3D lavable \u00e0 l\u2019eau 8K \u2013 Couleur Space Grey\" width=\"450\" height=\"278\" \/><\/p>\n<h1><\/h1>\n<p>&nbsp;<\/p>\n<div class=\"pla-desc-wrapper\">\n<div class=\"pla-row reverse\">\n<div class=\"pla-text\">\n<h1 style=\"font-size: 35px;\">Couleurs vives et \u00e9clatantes<\/h1>\n<p style=\"font-size: 20px;\">Gr\u00e2ce \u00e0 des pigments et des photo-initiateurs de haute qualit\u00e9 dans la r\u00e9sine lavable \u00e0 l&#8217;eau, les mod\u00e8les imprim\u00e9s pr\u00e9sentent un effet de couleur pur et \u00e9clatant, semblable \u00e0 une \u0153uvre d&#8217;art.<\/p>\n<\/div>\n<\/div>\n<\/div>\n<p>&nbsp;<\/p>\n<p>&nbsp;<\/p>\n<p>&nbsp;<\/p>\n<p>&nbsp;<\/p>\n<p>&nbsp;<\/p>\n<p>&nbsp;<\/p>\n<h2><strong>Haute\u00a0compatibilit\u00e9<\/strong><\/h2>\n<div class=\"pla-desc-wrapper\">\n<div class=\"pla-row reverse\">\n<div class=\"pla-text\">\n<p style=\"font-size: 18px;\">Compatible avec une large gamme d&#8217;imprimantes 3D, la r\u00e9sine Water Washable d&#8217;ELEGOO vous permet de capturer des conceptions complexes avec une pr\u00e9cision exceptionnelle et une surface lisse, ce qui la rend id\u00e9ale pour obtenir des impressions d\u00e9taill\u00e9es de haute qualit\u00e9 dans une grande vari\u00e9t\u00e9 d&#8217;applications.<\/p>\n<p><strong>Retrouvez le <a href=\"https:\/\/drive.google.com\/file\/d\/1_jnyMfNkm4sPJhKyN46ey5CO-ks4MRyR\/view\" target=\"_blank\" rel=\"noopener\">guide de configuration<\/a>.<br \/>\nRetrouvez nos autres r\u00e9sines: <a href=\"https:\/\/ja3dsolutions.fr\/index.php\/categorie-produit\/consommables\/resines\/\">ICI !!<\/a><\/strong><\/p>\n<\/div>\n<\/div>\n<\/div>\n","protected":false},"excerpt":{"rendered":"<p>&nbsp; R\u00e9sine Water Washable ELEGOO &nbsp; &nbsp; Nettoyage facile et toujours frais Dites adieu aux nettoyages fastidieux gr\u00e2ce \u00e0 la r\u00e9sine lavable \u00e0 l&#8217;eau ELEGOO. Il suffit de rincer vos impressions sous l&#8217;eau, sans utiliser de produits chimiques agressifs ni de proc\u00e9dures compliqu\u00e9es. Profitez d\u2019un processus de nettoyage plus efficace et sans odeur, qui vous &hellip; <\/p>\n","protected":false},"featured_media":2926,"comment_status":"closed","ping_status":"closed","template":"","meta":[],"product_brand":[28],"product_cat":[27],"product_tag":[],"class_list":{"0":"post-2922","1":"product","2":"type-product","3":"status-publish","4":"has-post-thumbnail","6":"product_brand-elegoo","7":"product_cat-resines-imprimantes-3d","9":"first","10":"instock","11":"taxable","12":"shipping-taxable","13":"purchasable","14":"product-type-variable"},"yoast_head":"<!-- This site is optimized with the Yoast SEO plugin v27.3 - https:\/\/yoast.com\/product\/yoast-seo-wordpress\/ -->\n<title>R\u00e9sine Water Washable ELEGOO pour imprimante 3D<\/title>\n<meta name=\"description\" content=\"La r\u00e9sine Water Washable Elegoo offre une large gamme d&#039;applications, allant des figurines de jeux de soci\u00e9t\u00e9 aux pi\u00e8ces industrielles et composants.\" \/>\n<meta name=\"robots\" content=\"index, follow, max-snippet:-1, max-image-preview:large, max-video-preview:-1\" \/>\n<link rel=\"canonical\" href=\"https:\/\/ja3dsolutions.fr\/index.php\/produit\/resine-water-washable\/\" \/>\n<meta property=\"og:locale\" content=\"fr_FR\" \/>\n<meta property=\"og:type\" content=\"article\" \/>\n<meta property=\"og:title\" content=\"R\u00e9sine Water Washable ELEGOO pour imprimante 3D\" \/>\n<meta property=\"og:description\" content=\"La r\u00e9sine Water Washable Elegoo offre une large gamme d&#039;applications, allant des figurines de jeux de soci\u00e9t\u00e9 aux pi\u00e8ces industrielles et composants.\" \/>\n<meta property=\"og:url\" content=\"https:\/\/ja3dsolutions.fr\/index.php\/produit\/resine-water-washable\/\" \/>\n<meta property=\"og:site_name\" content=\"JA 3D Solutions\" \/>\n<meta property=\"article:modified_time\" content=\"2026-04-02T12:01:13+00:00\" \/>\n<meta property=\"og:image\" content=\"https:\/\/ja3dsolutions.fr\/wp-content\/uploads\/2026\/03\/04_94d8766b-f588-4a40-a05e-8d54a8a6c233.webp\" \/>\n\t<meta property=\"og:image:width\" content=\"1200\" \/>\n\t<meta property=\"og:image:height\" content=\"1200\" \/>\n\t<meta property=\"og:image:type\" content=\"image\/webp\" \/>\n<meta name=\"twitter:card\" content=\"summary_large_image\" \/>\n<meta name=\"twitter:label1\" content=\"Dur\u00e9e de lecture estim\u00e9e\" \/>\n\t<meta name=\"twitter:data1\" content=\"2 minutes\" \/>\n<script type=\"application\/ld+json\" class=\"yoast-schema-graph\">{\"@context\":\"https:\\\/\\\/schema.org\",\"@graph\":[{\"@type\":\"WebPage\",\"@id\":\"https:\\\/\\\/ja3dsolutions.fr\\\/index.php\\\/produit\\\/resine-water-washable\\\/\",\"url\":\"https:\\\/\\\/ja3dsolutions.fr\\\/index.php\\\/produit\\\/resine-water-washable\\\/\",\"name\":\"R\u00e9sine Water Washable ELEGOO pour imprimante 3D\",\"isPartOf\":{\"@id\":\"https:\\\/\\\/ja3dsolutions.fr\\\/#website\"},\"primaryImageOfPage\":{\"@id\":\"https:\\\/\\\/ja3dsolutions.fr\\\/index.php\\\/produit\\\/resine-water-washable\\\/#primaryimage\"},\"image\":{\"@id\":\"https:\\\/\\\/ja3dsolutions.fr\\\/index.php\\\/produit\\\/resine-water-washable\\\/#primaryimage\"},\"thumbnailUrl\":\"https:\\\/\\\/ja3dsolutions.fr\\\/wp-content\\\/uploads\\\/2026\\\/03\\\/04_94d8766b-f588-4a40-a05e-8d54a8a6c233.webp\",\"datePublished\":\"2026-03-10T23:30:04+00:00\",\"dateModified\":\"2026-04-02T12:01:13+00:00\",\"description\":\"La r\u00e9sine Water Washable Elegoo offre une large gamme d'applications, allant des figurines de jeux de soci\u00e9t\u00e9 aux pi\u00e8ces industrielles et composants.\",\"breadcrumb\":{\"@id\":\"https:\\\/\\\/ja3dsolutions.fr\\\/index.php\\\/produit\\\/resine-water-washable\\\/#breadcrumb\"},\"inLanguage\":\"fr-FR\",\"potentialAction\":[{\"@type\":\"ReadAction\",\"target\":[\"https:\\\/\\\/ja3dsolutions.fr\\\/index.php\\\/produit\\\/resine-water-washable\\\/\"]}]},{\"@type\":\"ImageObject\",\"inLanguage\":\"fr-FR\",\"@id\":\"https:\\\/\\\/ja3dsolutions.fr\\\/index.php\\\/produit\\\/resine-water-washable\\\/#primaryimage\",\"url\":\"https:\\\/\\\/ja3dsolutions.fr\\\/wp-content\\\/uploads\\\/2026\\\/03\\\/04_94d8766b-f588-4a40-a05e-8d54a8a6c233.webp\",\"contentUrl\":\"https:\\\/\\\/ja3dsolutions.fr\\\/wp-content\\\/uploads\\\/2026\\\/03\\\/04_94d8766b-f588-4a40-a05e-8d54a8a6c233.webp\",\"width\":1200,\"height\":1200},{\"@type\":\"BreadcrumbList\",\"@id\":\"https:\\\/\\\/ja3dsolutions.fr\\\/index.php\\\/produit\\\/resine-water-washable\\\/#breadcrumb\",\"itemListElement\":[{\"@type\":\"ListItem\",\"position\":1,\"name\":\"Accueil\",\"item\":\"https:\\\/\\\/ja3dsolutions.fr\\\/\"},{\"@type\":\"ListItem\",\"position\":2,\"name\":\"Boutique\",\"item\":\"https:\\\/\\\/ja3dsolutions.fr\\\/index.php\\\/boutique\\\/\"},{\"@type\":\"ListItem\",\"position\":3,\"name\":\"R\u00e9sine Water Washable\"}]},{\"@type\":\"WebSite\",\"@id\":\"https:\\\/\\\/ja3dsolutions.fr\\\/#website\",\"url\":\"https:\\\/\\\/ja3dsolutions.fr\\\/\",\"name\":\"JA 3D Solutions\",\"description\":\"FA\u00c7ONNEUR D&#039;ID\u00c9ES EN 3D\",\"publisher\":{\"@id\":\"https:\\\/\\\/ja3dsolutions.fr\\\/#organization\"},\"potentialAction\":[{\"@type\":\"SearchAction\",\"target\":{\"@type\":\"EntryPoint\",\"urlTemplate\":\"https:\\\/\\\/ja3dsolutions.fr\\\/?s={search_term_string}\"},\"query-input\":{\"@type\":\"PropertyValueSpecification\",\"valueRequired\":true,\"valueName\":\"search_term_string\"}}],\"inLanguage\":\"fr-FR\"},{\"@type\":\"Organization\",\"@id\":\"https:\\\/\\\/ja3dsolutions.fr\\\/#organization\",\"name\":\"JA 3D Solutions\",\"url\":\"https:\\\/\\\/ja3dsolutions.fr\\\/\",\"logo\":{\"@type\":\"ImageObject\",\"inLanguage\":\"fr-FR\",\"@id\":\"https:\\\/\\\/ja3dsolutions.fr\\\/#\\\/schema\\\/logo\\\/image\\\/\",\"url\":\"http:\\\/\\\/jadsolc.cluster100.hosting.ovh.net\\\/wp-content\\\/uploads\\\/2025\\\/10\\\/WhatsApp-Image-2025-10-18-at-11.22.57.jpeg\",\"contentUrl\":\"http:\\\/\\\/jadsolc.cluster100.hosting.ovh.net\\\/wp-content\\\/uploads\\\/2025\\\/10\\\/WhatsApp-Image-2025-10-18-at-11.22.57.jpeg\",\"width\":990,\"height\":990,\"caption\":\"JA 3D Solutions\"},\"image\":{\"@id\":\"https:\\\/\\\/ja3dsolutions.fr\\\/#\\\/schema\\\/logo\\\/image\\\/\"}}]}<\/script>\n<!-- \/ Yoast SEO plugin. -->","yoast_head_json":{"title":"R\u00e9sine Water Washable ELEGOO pour imprimante 3D","description":"La r\u00e9sine Water Washable Elegoo offre une large gamme d'applications, allant des figurines de jeux de soci\u00e9t\u00e9 aux pi\u00e8ces industrielles et composants.","robots":{"index":"index","follow":"follow","max-snippet":"max-snippet:-1","max-image-preview":"max-image-preview:large","max-video-preview":"max-video-preview:-1"},"canonical":"https:\/\/ja3dsolutions.fr\/index.php\/produit\/resine-water-washable\/","og_locale":"fr_FR","og_type":"article","og_title":"R\u00e9sine Water Washable ELEGOO pour imprimante 3D","og_description":"La r\u00e9sine Water Washable Elegoo offre une large gamme d'applications, allant des figurines de jeux de soci\u00e9t\u00e9 aux pi\u00e8ces industrielles et composants.","og_url":"https:\/\/ja3dsolutions.fr\/index.php\/produit\/resine-water-washable\/","og_site_name":"JA 3D Solutions","article_modified_time":"2026-04-02T12:01:13+00:00","og_image":[{"width":1200,"height":1200,"url":"https:\/\/ja3dsolutions.fr\/wp-content\/uploads\/2026\/03\/04_94d8766b-f588-4a40-a05e-8d54a8a6c233.webp","type":"image\/webp"}],"twitter_card":"summary_large_image","twitter_misc":{"Dur\u00e9e de lecture estim\u00e9e":"2 minutes"},"schema":{"@context":"https:\/\/schema.org","@graph":[{"@type":"WebPage","@id":"https:\/\/ja3dsolutions.fr\/index.php\/produit\/resine-water-washable\/","url":"https:\/\/ja3dsolutions.fr\/index.php\/produit\/resine-water-washable\/","name":"R\u00e9sine Water Washable ELEGOO pour imprimante 3D","isPartOf":{"@id":"https:\/\/ja3dsolutions.fr\/#website"},"primaryImageOfPage":{"@id":"https:\/\/ja3dsolutions.fr\/index.php\/produit\/resine-water-washable\/#primaryimage"},"image":{"@id":"https:\/\/ja3dsolutions.fr\/index.php\/produit\/resine-water-washable\/#primaryimage"},"thumbnailUrl":"https:\/\/ja3dsolutions.fr\/wp-content\/uploads\/2026\/03\/04_94d8766b-f588-4a40-a05e-8d54a8a6c233.webp","datePublished":"2026-03-10T23:30:04+00:00","dateModified":"2026-04-02T12:01:13+00:00","description":"La r\u00e9sine Water Washable Elegoo offre une large gamme d'applications, allant des figurines de jeux de soci\u00e9t\u00e9 aux pi\u00e8ces industrielles et composants.","breadcrumb":{"@id":"https:\/\/ja3dsolutions.fr\/index.php\/produit\/resine-water-washable\/#breadcrumb"},"inLanguage":"fr-FR","potentialAction":[{"@type":"ReadAction","target":["https:\/\/ja3dsolutions.fr\/index.php\/produit\/resine-water-washable\/"]}]},{"@type":"ImageObject","inLanguage":"fr-FR","@id":"https:\/\/ja3dsolutions.fr\/index.php\/produit\/resine-water-washable\/#primaryimage","url":"https:\/\/ja3dsolutions.fr\/wp-content\/uploads\/2026\/03\/04_94d8766b-f588-4a40-a05e-8d54a8a6c233.webp","contentUrl":"https:\/\/ja3dsolutions.fr\/wp-content\/uploads\/2026\/03\/04_94d8766b-f588-4a40-a05e-8d54a8a6c233.webp","width":1200,"height":1200},{"@type":"BreadcrumbList","@id":"https:\/\/ja3dsolutions.fr\/index.php\/produit\/resine-water-washable\/#breadcrumb","itemListElement":[{"@type":"ListItem","position":1,"name":"Accueil","item":"https:\/\/ja3dsolutions.fr\/"},{"@type":"ListItem","position":2,"name":"Boutique","item":"https:\/\/ja3dsolutions.fr\/index.php\/boutique\/"},{"@type":"ListItem","position":3,"name":"R\u00e9sine Water Washable"}]},{"@type":"WebSite","@id":"https:\/\/ja3dsolutions.fr\/#website","url":"https:\/\/ja3dsolutions.fr\/","name":"JA 3D Solutions","description":"FA\u00c7ONNEUR D&#039;ID\u00c9ES EN 3D","publisher":{"@id":"https:\/\/ja3dsolutions.fr\/#organization"},"potentialAction":[{"@type":"SearchAction","target":{"@type":"EntryPoint","urlTemplate":"https:\/\/ja3dsolutions.fr\/?s={search_term_string}"},"query-input":{"@type":"PropertyValueSpecification","valueRequired":true,"valueName":"search_term_string"}}],"inLanguage":"fr-FR"},{"@type":"Organization","@id":"https:\/\/ja3dsolutions.fr\/#organization","name":"JA 3D Solutions","url":"https:\/\/ja3dsolutions.fr\/","logo":{"@type":"ImageObject","inLanguage":"fr-FR","@id":"https:\/\/ja3dsolutions.fr\/#\/schema\/logo\/image\/","url":"http:\/\/jadsolc.cluster100.hosting.ovh.net\/wp-content\/uploads\/2025\/10\/WhatsApp-Image-2025-10-18-at-11.22.57.jpeg","contentUrl":"http:\/\/jadsolc.cluster100.hosting.ovh.net\/wp-content\/uploads\/2025\/10\/WhatsApp-Image-2025-10-18-at-11.22.57.jpeg","width":990,"height":990,"caption":"JA 3D Solutions"},"image":{"@id":"https:\/\/ja3dsolutions.fr\/#\/schema\/logo\/image\/"}}]}},"_links":{"self":[{"href":"https:\/\/ja3dsolutions.fr\/index.php\/wp-json\/wp\/v2\/product\/2922","targetHints":{"allow":["GET"]}}],"collection":[{"href":"https:\/\/ja3dsolutions.fr\/index.php\/wp-json\/wp\/v2\/product"}],"about":[{"href":"https:\/\/ja3dsolutions.fr\/index.php\/wp-json\/wp\/v2\/types\/product"}],"replies":[{"embeddable":true,"href":"https:\/\/ja3dsolutions.fr\/index.php\/wp-json\/wp\/v2\/comments?post=2922"}],"wp:featuredmedia":[{"embeddable":true,"href":"https:\/\/ja3dsolutions.fr\/index.php\/wp-json\/wp\/v2\/media\/2926"}],"wp:attachment":[{"href":"https:\/\/ja3dsolutions.fr\/index.php\/wp-json\/wp\/v2\/media?parent=2922"}],"wp:term":[{"taxonomy":"product_brand","embeddable":true,"href":"https:\/\/ja3dsolutions.fr\/index.php\/wp-json\/wp\/v2\/product_brand?post=2922"},{"taxonomy":"product_cat","embeddable":true,"href":"https:\/\/ja3dsolutions.fr\/index.php\/wp-json\/wp\/v2\/product_cat?post=2922"},{"taxonomy":"product_tag","embeddable":true,"href":"https:\/\/ja3dsolutions.fr\/index.php\/wp-json\/wp\/v2\/product_tag?post=2922"}],"curies":[{"name":"wp","href":"https:\/\/api.w.org\/{rel}","templated":true}]}}