{"id":2900,"date":"2026-03-10T22:59:25","date_gmt":"2026-03-10T22:59:25","guid":{"rendered":"https:\/\/ja3dsolutions.fr\/?post_type=product&#038;p=2900"},"modified":"2026-04-02T12:01:36","modified_gmt":"2026-04-02T12:01:36","slug":"resine-abs-like","status":"publish","type":"product","link":"https:\/\/ja3dsolutions.fr\/index.php\/produit\/resine-abs-like\/","title":{"rendered":"R\u00e9sine ABS-Like"},"content":{"rendered":"<p>&nbsp;<\/p>\n<div class=\"pla-desc-wrapper\">\n<div class=\"pla-row\">\n<div class=\"pla-text\">\n<h1 style=\"font-size: 45px; text-align: center;\">R\u00e9sine ABS-Like ELEGOO<\/h1>\n<\/div>\n<\/div>\n<\/div>\n<p>&nbsp;<\/p>\n<div class=\"pla-desc-wrapper\">\n<div class=\"pla-row\">\n<div class=\"pla-text\">\n<p><img loading=\"lazy\" decoding=\"async\" class=\"alignright\" src=\"https:\/\/ja3dsolutions.fr\/wp-content\/uploads\/2026\/03\/3._ABS-Like-Resin-V2.0-Good-Toughness-and-Non-Brittle.webp\" alt=\"R\u00e9sine ABS-Like\" width=\"450\" height=\"278\" \/><\/p>\n<\/div>\n<p>&nbsp;<\/p>\n<div class=\"pla-text\">\n<h1 style=\"font-size: 35px; text-align: right;\">Bonne t\u00e9nacit\u00e9 et non-fragile<\/h1>\n<p style=\"font-size: 20px; text-align: right;\">Avec sa r\u00e9sistance aux rayures exceptionnelle et sa nature non fragile, cette r\u00e9sine permet \u00e9galement le per\u00e7age de trous, \u00e9largissant ainsi sa polyvalence. D\u00e9couvrez la fiabilit\u00e9 et la r\u00e9sistance de notre r\u00e9sine ABS-like pour cr\u00e9er des pi\u00e8ces robustes et r\u00e9sistantes destin\u00e9es \u00e0 diverses applications industrielles.<\/p>\n<\/div>\n<\/div>\n<\/div>\n<p>&nbsp;<\/p>\n<p>&nbsp;<\/p>\n<p>&nbsp;<\/p>\n<p>&nbsp;<\/p>\n<p>&nbsp;<\/p>\n<p>&nbsp;<\/p>\n<p><img loading=\"lazy\" decoding=\"async\" class=\"alignleft\" src=\"https:\/\/ja3dsolutions.fr\/wp-content\/uploads\/2026\/03\/2._ABS-Like-Resin-V3.0-Highly_Impact-Resistant_and_Crack-Free.webp\" alt=\"Pi\u00e8ces techniques imprim\u00e9es en r\u00e9sine 3D type ABS\" width=\"450\" height=\"278\" \/><\/p>\n<p>&nbsp;<\/p>\n<div class=\"pla-desc-wrapper\">\n<div class=\"pla-row reverse\">\n<div class=\"pla-text\">\n<h1><\/h1>\n<h1 style=\"font-size: 35px;\">R\u00e9sistance \u00e9lev\u00e9e aux impacts, sans fissures<\/h1>\n<p style=\"font-size: 20px;\">Con\u00e7ue pour offrir une r\u00e9sistance maximale, une haute r\u00e9sistance aux impacts et une grande t\u00e9nacit\u00e9, la r\u00e9sine ABS-like 3.0 peut supporter des charges d&#8217;impact lors du per\u00e7age ou du taraudage sans risque de fractures, de fissures ou de d\u00e9formation. Cela garantit l&#8217;int\u00e9grit\u00e9 structurelle des mod\u00e8les imprim\u00e9s lorsqu&#8217;ils sont soumis \u00e0 des sc\u00e9narios d&#8217;impact s\u00e9v\u00e8res, ce qui en fait un choix id\u00e9al pour la cr\u00e9ation de prototypes fonctionnels et de pi\u00e8ces techniques.<\/p>\n<\/div>\n<\/div>\n<\/div>\n<p>&nbsp;<\/p>\n<p>&nbsp;<\/p>\n<p>&nbsp;<\/p>\n<p>&nbsp;<\/p>\n<h2><strong>Haute\u00a0compatibilit\u00e9<\/strong><\/h2>\n<div class=\"pla-desc-wrapper\">\n<div class=\"pla-row reverse\">\n<div class=\"pla-text\">\n<p style=\"font-size: 18px;\">Compatible avec une large gamme d&#8217;imprimantes 3D, la r\u00e9sine ABS-Like d&#8217;ELEGOO vous permet de capturer des conceptions complexes avec une pr\u00e9cision exceptionnelle et une surface lisse, ce qui la rend id\u00e9ale pour obtenir des impressions d\u00e9taill\u00e9es de haute qualit\u00e9 dans une grande vari\u00e9t\u00e9 d&#8217;applications.<\/p>\n<p><strong>Retrouvez le <a href=\"https:\/\/drive.google.com\/file\/d\/1_jnyMfNkm4sPJhKyN46ey5CO-ks4MRyR\/view\" target=\"_blank\" rel=\"noopener\">guide de configuration<\/a>.<br \/>\nRetrouvez nos autres r\u00e9sines: <a href=\"https:\/\/ja3dsolutions.fr\/index.php\/categorie-produit\/consommables\/resines\/\">ICI !!<\/a><\/strong><\/p>\n<\/div>\n<\/div>\n<\/div>\n","protected":false},"excerpt":{"rendered":"<p>&nbsp; R\u00e9sine ABS-Like ELEGOO &nbsp; &nbsp; Bonne t\u00e9nacit\u00e9 et non-fragile Avec sa r\u00e9sistance aux rayures exceptionnelle et sa nature non fragile, cette r\u00e9sine permet \u00e9galement le per\u00e7age de trous, \u00e9largissant ainsi sa polyvalence. D\u00e9couvrez la fiabilit\u00e9 et la r\u00e9sistance de notre r\u00e9sine ABS-like pour cr\u00e9er des pi\u00e8ces robustes et r\u00e9sistantes destin\u00e9es \u00e0 diverses applications industrielles. &hellip; <\/p>\n","protected":false},"featured_media":2921,"comment_status":"closed","ping_status":"closed","template":"","meta":[],"product_brand":[28],"product_cat":[27],"product_tag":[],"class_list":{"0":"post-2900","1":"product","2":"type-product","3":"status-publish","4":"has-post-thumbnail","6":"product_brand-elegoo","7":"product_cat-resines-imprimantes-3d","9":"first","10":"instock","11":"taxable","12":"shipping-taxable","13":"purchasable","14":"product-type-variable"},"yoast_head":"<!-- This site is optimized with the Yoast SEO plugin v27.3 - https:\/\/yoast.com\/product\/yoast-seo-wordpress\/ -->\n<title>R\u00e9sine ABS-Like ELEGOO pour imprimante 3D<\/title>\n<meta name=\"description\" content=\"La r\u00e9sine ABS-Like Elegoo offre une large gamme d&#039;applications, allant des figurines de jeux de soci\u00e9t\u00e9 aux pi\u00e8ces industrielles et composants.\" \/>\n<meta name=\"robots\" content=\"index, follow, max-snippet:-1, max-image-preview:large, max-video-preview:-1\" \/>\n<link rel=\"canonical\" href=\"https:\/\/ja3dsolutions.fr\/index.php\/produit\/resine-abs-like\/\" \/>\n<meta property=\"og:locale\" content=\"fr_FR\" \/>\n<meta property=\"og:type\" content=\"article\" \/>\n<meta property=\"og:title\" content=\"R\u00e9sine ABS-Like ELEGOO pour imprimante 3D\" \/>\n<meta property=\"og:description\" content=\"La r\u00e9sine ABS-Like Elegoo offre une large gamme d&#039;applications, allant des figurines de jeux de soci\u00e9t\u00e9 aux pi\u00e8ces industrielles et composants.\" \/>\n<meta property=\"og:url\" content=\"https:\/\/ja3dsolutions.fr\/index.php\/produit\/resine-abs-like\/\" \/>\n<meta property=\"og:site_name\" content=\"JA 3D Solutions\" \/>\n<meta property=\"article:modified_time\" content=\"2026-04-02T12:01:36+00:00\" \/>\n<meta property=\"og:image\" content=\"https:\/\/ja3dsolutions.fr\/wp-content\/uploads\/2026\/03\/Grey_70643eda-35e5-4d33-b7f3-8e7e28753c37.webp\" \/>\n\t<meta property=\"og:image:width\" content=\"1024\" \/>\n\t<meta property=\"og:image:height\" content=\"1024\" \/>\n\t<meta property=\"og:image:type\" content=\"image\/webp\" \/>\n<meta name=\"twitter:card\" content=\"summary_large_image\" \/>\n<meta name=\"twitter:label1\" content=\"Dur\u00e9e de lecture estim\u00e9e\" \/>\n\t<meta name=\"twitter:data1\" content=\"2 minutes\" \/>\n<script type=\"application\/ld+json\" class=\"yoast-schema-graph\">{\"@context\":\"https:\\\/\\\/schema.org\",\"@graph\":[{\"@type\":\"WebPage\",\"@id\":\"https:\\\/\\\/ja3dsolutions.fr\\\/index.php\\\/produit\\\/resine-abs-like\\\/\",\"url\":\"https:\\\/\\\/ja3dsolutions.fr\\\/index.php\\\/produit\\\/resine-abs-like\\\/\",\"name\":\"R\u00e9sine ABS-Like ELEGOO pour imprimante 3D\",\"isPartOf\":{\"@id\":\"https:\\\/\\\/ja3dsolutions.fr\\\/#website\"},\"primaryImageOfPage\":{\"@id\":\"https:\\\/\\\/ja3dsolutions.fr\\\/index.php\\\/produit\\\/resine-abs-like\\\/#primaryimage\"},\"image\":{\"@id\":\"https:\\\/\\\/ja3dsolutions.fr\\\/index.php\\\/produit\\\/resine-abs-like\\\/#primaryimage\"},\"thumbnailUrl\":\"https:\\\/\\\/ja3dsolutions.fr\\\/wp-content\\\/uploads\\\/2026\\\/03\\\/Grey_70643eda-35e5-4d33-b7f3-8e7e28753c37.webp\",\"datePublished\":\"2026-03-10T22:59:25+00:00\",\"dateModified\":\"2026-04-02T12:01:36+00:00\",\"description\":\"La r\u00e9sine ABS-Like Elegoo offre une large gamme d'applications, allant des figurines de jeux de soci\u00e9t\u00e9 aux pi\u00e8ces industrielles et composants.\",\"breadcrumb\":{\"@id\":\"https:\\\/\\\/ja3dsolutions.fr\\\/index.php\\\/produit\\\/resine-abs-like\\\/#breadcrumb\"},\"inLanguage\":\"fr-FR\",\"potentialAction\":[{\"@type\":\"ReadAction\",\"target\":[\"https:\\\/\\\/ja3dsolutions.fr\\\/index.php\\\/produit\\\/resine-abs-like\\\/\"]}]},{\"@type\":\"ImageObject\",\"inLanguage\":\"fr-FR\",\"@id\":\"https:\\\/\\\/ja3dsolutions.fr\\\/index.php\\\/produit\\\/resine-abs-like\\\/#primaryimage\",\"url\":\"https:\\\/\\\/ja3dsolutions.fr\\\/wp-content\\\/uploads\\\/2026\\\/03\\\/Grey_70643eda-35e5-4d33-b7f3-8e7e28753c37.webp\",\"contentUrl\":\"https:\\\/\\\/ja3dsolutions.fr\\\/wp-content\\\/uploads\\\/2026\\\/03\\\/Grey_70643eda-35e5-4d33-b7f3-8e7e28753c37.webp\",\"width\":1024,\"height\":1024},{\"@type\":\"BreadcrumbList\",\"@id\":\"https:\\\/\\\/ja3dsolutions.fr\\\/index.php\\\/produit\\\/resine-abs-like\\\/#breadcrumb\",\"itemListElement\":[{\"@type\":\"ListItem\",\"position\":1,\"name\":\"Accueil\",\"item\":\"https:\\\/\\\/ja3dsolutions.fr\\\/\"},{\"@type\":\"ListItem\",\"position\":2,\"name\":\"Boutique\",\"item\":\"https:\\\/\\\/ja3dsolutions.fr\\\/index.php\\\/boutique\\\/\"},{\"@type\":\"ListItem\",\"position\":3,\"name\":\"R\u00e9sine ABS-Like\"}]},{\"@type\":\"WebSite\",\"@id\":\"https:\\\/\\\/ja3dsolutions.fr\\\/#website\",\"url\":\"https:\\\/\\\/ja3dsolutions.fr\\\/\",\"name\":\"JA 3D Solutions\",\"description\":\"FA\u00c7ONNEUR D&#039;ID\u00c9ES EN 3D\",\"publisher\":{\"@id\":\"https:\\\/\\\/ja3dsolutions.fr\\\/#organization\"},\"potentialAction\":[{\"@type\":\"SearchAction\",\"target\":{\"@type\":\"EntryPoint\",\"urlTemplate\":\"https:\\\/\\\/ja3dsolutions.fr\\\/?s={search_term_string}\"},\"query-input\":{\"@type\":\"PropertyValueSpecification\",\"valueRequired\":true,\"valueName\":\"search_term_string\"}}],\"inLanguage\":\"fr-FR\"},{\"@type\":\"Organization\",\"@id\":\"https:\\\/\\\/ja3dsolutions.fr\\\/#organization\",\"name\":\"JA 3D Solutions\",\"url\":\"https:\\\/\\\/ja3dsolutions.fr\\\/\",\"logo\":{\"@type\":\"ImageObject\",\"inLanguage\":\"fr-FR\",\"@id\":\"https:\\\/\\\/ja3dsolutions.fr\\\/#\\\/schema\\\/logo\\\/image\\\/\",\"url\":\"http:\\\/\\\/jadsolc.cluster100.hosting.ovh.net\\\/wp-content\\\/uploads\\\/2025\\\/10\\\/WhatsApp-Image-2025-10-18-at-11.22.57.jpeg\",\"contentUrl\":\"http:\\\/\\\/jadsolc.cluster100.hosting.ovh.net\\\/wp-content\\\/uploads\\\/2025\\\/10\\\/WhatsApp-Image-2025-10-18-at-11.22.57.jpeg\",\"width\":990,\"height\":990,\"caption\":\"JA 3D Solutions\"},\"image\":{\"@id\":\"https:\\\/\\\/ja3dsolutions.fr\\\/#\\\/schema\\\/logo\\\/image\\\/\"}}]}<\/script>\n<!-- \/ Yoast SEO plugin. -->","yoast_head_json":{"title":"R\u00e9sine ABS-Like ELEGOO pour imprimante 3D","description":"La r\u00e9sine ABS-Like Elegoo offre une large gamme d'applications, allant des figurines de jeux de soci\u00e9t\u00e9 aux pi\u00e8ces industrielles et composants.","robots":{"index":"index","follow":"follow","max-snippet":"max-snippet:-1","max-image-preview":"max-image-preview:large","max-video-preview":"max-video-preview:-1"},"canonical":"https:\/\/ja3dsolutions.fr\/index.php\/produit\/resine-abs-like\/","og_locale":"fr_FR","og_type":"article","og_title":"R\u00e9sine ABS-Like ELEGOO pour imprimante 3D","og_description":"La r\u00e9sine ABS-Like Elegoo offre une large gamme d'applications, allant des figurines de jeux de soci\u00e9t\u00e9 aux pi\u00e8ces industrielles et composants.","og_url":"https:\/\/ja3dsolutions.fr\/index.php\/produit\/resine-abs-like\/","og_site_name":"JA 3D Solutions","article_modified_time":"2026-04-02T12:01:36+00:00","og_image":[{"width":1024,"height":1024,"url":"https:\/\/ja3dsolutions.fr\/wp-content\/uploads\/2026\/03\/Grey_70643eda-35e5-4d33-b7f3-8e7e28753c37.webp","type":"image\/webp"}],"twitter_card":"summary_large_image","twitter_misc":{"Dur\u00e9e de lecture estim\u00e9e":"2 minutes"},"schema":{"@context":"https:\/\/schema.org","@graph":[{"@type":"WebPage","@id":"https:\/\/ja3dsolutions.fr\/index.php\/produit\/resine-abs-like\/","url":"https:\/\/ja3dsolutions.fr\/index.php\/produit\/resine-abs-like\/","name":"R\u00e9sine ABS-Like ELEGOO pour imprimante 3D","isPartOf":{"@id":"https:\/\/ja3dsolutions.fr\/#website"},"primaryImageOfPage":{"@id":"https:\/\/ja3dsolutions.fr\/index.php\/produit\/resine-abs-like\/#primaryimage"},"image":{"@id":"https:\/\/ja3dsolutions.fr\/index.php\/produit\/resine-abs-like\/#primaryimage"},"thumbnailUrl":"https:\/\/ja3dsolutions.fr\/wp-content\/uploads\/2026\/03\/Grey_70643eda-35e5-4d33-b7f3-8e7e28753c37.webp","datePublished":"2026-03-10T22:59:25+00:00","dateModified":"2026-04-02T12:01:36+00:00","description":"La r\u00e9sine ABS-Like Elegoo offre une large gamme d'applications, allant des figurines de jeux de soci\u00e9t\u00e9 aux pi\u00e8ces industrielles et composants.","breadcrumb":{"@id":"https:\/\/ja3dsolutions.fr\/index.php\/produit\/resine-abs-like\/#breadcrumb"},"inLanguage":"fr-FR","potentialAction":[{"@type":"ReadAction","target":["https:\/\/ja3dsolutions.fr\/index.php\/produit\/resine-abs-like\/"]}]},{"@type":"ImageObject","inLanguage":"fr-FR","@id":"https:\/\/ja3dsolutions.fr\/index.php\/produit\/resine-abs-like\/#primaryimage","url":"https:\/\/ja3dsolutions.fr\/wp-content\/uploads\/2026\/03\/Grey_70643eda-35e5-4d33-b7f3-8e7e28753c37.webp","contentUrl":"https:\/\/ja3dsolutions.fr\/wp-content\/uploads\/2026\/03\/Grey_70643eda-35e5-4d33-b7f3-8e7e28753c37.webp","width":1024,"height":1024},{"@type":"BreadcrumbList","@id":"https:\/\/ja3dsolutions.fr\/index.php\/produit\/resine-abs-like\/#breadcrumb","itemListElement":[{"@type":"ListItem","position":1,"name":"Accueil","item":"https:\/\/ja3dsolutions.fr\/"},{"@type":"ListItem","position":2,"name":"Boutique","item":"https:\/\/ja3dsolutions.fr\/index.php\/boutique\/"},{"@type":"ListItem","position":3,"name":"R\u00e9sine ABS-Like"}]},{"@type":"WebSite","@id":"https:\/\/ja3dsolutions.fr\/#website","url":"https:\/\/ja3dsolutions.fr\/","name":"JA 3D Solutions","description":"FA\u00c7ONNEUR D&#039;ID\u00c9ES EN 3D","publisher":{"@id":"https:\/\/ja3dsolutions.fr\/#organization"},"potentialAction":[{"@type":"SearchAction","target":{"@type":"EntryPoint","urlTemplate":"https:\/\/ja3dsolutions.fr\/?s={search_term_string}"},"query-input":{"@type":"PropertyValueSpecification","valueRequired":true,"valueName":"search_term_string"}}],"inLanguage":"fr-FR"},{"@type":"Organization","@id":"https:\/\/ja3dsolutions.fr\/#organization","name":"JA 3D Solutions","url":"https:\/\/ja3dsolutions.fr\/","logo":{"@type":"ImageObject","inLanguage":"fr-FR","@id":"https:\/\/ja3dsolutions.fr\/#\/schema\/logo\/image\/","url":"http:\/\/jadsolc.cluster100.hosting.ovh.net\/wp-content\/uploads\/2025\/10\/WhatsApp-Image-2025-10-18-at-11.22.57.jpeg","contentUrl":"http:\/\/jadsolc.cluster100.hosting.ovh.net\/wp-content\/uploads\/2025\/10\/WhatsApp-Image-2025-10-18-at-11.22.57.jpeg","width":990,"height":990,"caption":"JA 3D Solutions"},"image":{"@id":"https:\/\/ja3dsolutions.fr\/#\/schema\/logo\/image\/"}}]}},"_links":{"self":[{"href":"https:\/\/ja3dsolutions.fr\/index.php\/wp-json\/wp\/v2\/product\/2900","targetHints":{"allow":["GET"]}}],"collection":[{"href":"https:\/\/ja3dsolutions.fr\/index.php\/wp-json\/wp\/v2\/product"}],"about":[{"href":"https:\/\/ja3dsolutions.fr\/index.php\/wp-json\/wp\/v2\/types\/product"}],"replies":[{"embeddable":true,"href":"https:\/\/ja3dsolutions.fr\/index.php\/wp-json\/wp\/v2\/comments?post=2900"}],"wp:featuredmedia":[{"embeddable":true,"href":"https:\/\/ja3dsolutions.fr\/index.php\/wp-json\/wp\/v2\/media\/2921"}],"wp:attachment":[{"href":"https:\/\/ja3dsolutions.fr\/index.php\/wp-json\/wp\/v2\/media?parent=2900"}],"wp:term":[{"taxonomy":"product_brand","embeddable":true,"href":"https:\/\/ja3dsolutions.fr\/index.php\/wp-json\/wp\/v2\/product_brand?post=2900"},{"taxonomy":"product_cat","embeddable":true,"href":"https:\/\/ja3dsolutions.fr\/index.php\/wp-json\/wp\/v2\/product_cat?post=2900"},{"taxonomy":"product_tag","embeddable":true,"href":"https:\/\/ja3dsolutions.fr\/index.php\/wp-json\/wp\/v2\/product_tag?post=2900"}],"curies":[{"name":"wp","href":"https:\/\/api.w.org\/{rel}","templated":true}]}}