{"id":2867,"date":"2026-03-10T21:42:57","date_gmt":"2026-03-10T21:42:57","guid":{"rendered":"https:\/\/ja3dsolutions.fr\/?post_type=product&#038;p=2867"},"modified":"2026-04-02T12:01:53","modified_gmt":"2026-04-02T12:01:53","slug":"resine_standard_elegoo_imprimante3d","status":"publish","type":"product","link":"https:\/\/ja3dsolutions.fr\/index.php\/produit\/resine_standard_elegoo_imprimante3d\/","title":{"rendered":"R\u00e9sine Standard"},"content":{"rendered":"<p>&nbsp;<\/p>\n<div class=\"pla-desc-wrapper\">\n<div class=\"pla-row\">\n<div class=\"pla-text\">\n<h1 style=\"font-size: 45px; text-align: center;\">R\u00e9sine Standard ELEGOO<\/h1>\n<\/div>\n<\/div>\n<\/div>\n<p>&nbsp;<\/p>\n<p>&nbsp;<\/p>\n<div class=\"pla-desc-wrapper\">\n<div class=\"pla-row\">\n<div class=\"pla-text\">\n<p><img loading=\"lazy\" decoding=\"async\" class=\"alignright\" src=\"https:\/\/ja3dsolutions.fr\/wp-content\/uploads\/2026\/03\/2-8K-Standard-Resin-High-Precision-and-Low-Shrinkage.webp\" alt=\"Mod\u00e8le 3D d\u00e9taill\u00e9 pour impression r\u00e9sine\" width=\"450\" height=\"278\" \/><\/p>\n<\/div>\n<p>&nbsp;<\/p>\n<div class=\"pla-text\">\n<h1 style=\"font-size: 35px; text-align: right;\">Large compatibilit\u00e9<\/h1>\n<p style=\"font-size: 20px; text-align: right;\">Des tests approfondis sont r\u00e9alis\u00e9s avant la commercialisation afin de v\u00e9rifier le faible retrait volum\u00e9trique et la haute pr\u00e9cision d\u2019impression des r\u00e9sines photopolym\u00e8res standard.<br \/>\nCes contr\u00f4les permettent de garantir une excellente tol\u00e9rance dimensionnelle et une grande stabilit\u00e9 lors de l\u2019impression.<br \/>\nGr\u00e2ce \u00e0 ce faible retrait volum\u00e9trique, les mod\u00e8les imprim\u00e9s conservent des dimensions pr\u00e9cises et fid\u00e8les au mod\u00e8le d\u2019origine.<br \/>\nIls pr\u00e9sentent \u00e9galement une finition de surface tr\u00e8s lisse ainsi que des d\u00e9tails nets et bien d\u00e9finis.<\/p>\n<\/div>\n<\/div>\n<\/div>\n<p>&nbsp;<\/p>\n<p>&nbsp;<\/p>\n<p>&nbsp;<\/p>\n<p>&nbsp;<\/p>\n<p><img loading=\"lazy\" decoding=\"async\" class=\"alignleft\" src=\"https:\/\/ja3dsolutions.fr\/wp-content\/uploads\/2026\/03\/4-Standard-Resin-V2.0-Safe-and-Low-Odor.webp\" alt=\"R\u00e9sine pour imprimante 3D conforme REACH et RoHS\" width=\"450\" height=\"278\" \/><\/p>\n<p>&nbsp;<\/p>\n<div class=\"pla-desc-wrapper\">\n<div class=\"pla-row reverse\">\n<div class=\"pla-text\">\n<h1 style=\"font-size: 35px;\">S\u00fbr et faible odeur<\/h1>\n<p style=\"font-size: 20px;\">La r\u00e9sine photopolym\u00e8re standard d\u2019ELEGOO est formul\u00e9e pour offrir une faible odeur et une couleur pure et \u00e9clatante.<br \/>\nPendant l\u2019impression, elle d\u00e9gage tr\u00e8s peu d\u2019odeur piquante, ce qui rend l\u2019utilisation plus confortable.<\/p>\n<\/div>\n<\/div>\n<\/div>\n<p>&nbsp;<\/p>\n<p>&nbsp;<\/p>\n<p>&nbsp;<\/p>\n<p>&nbsp;<\/p>\n<p>&nbsp;<\/p>\n<p>&nbsp;<\/p>\n<p>&nbsp;<\/p>\n<h2><strong>Haute\u00a0compatibilit\u00e9<\/strong><\/h2>\n<div class=\"pla-desc-wrapper\">\n<div class=\"pla-row reverse\">\n<div class=\"pla-text\">\n<p style=\"font-size: 18px;\">Compatible avec une large gamme d&#8217;imprimantes 3D, la r\u00e9sine standard d&#8217;ELEGOO vous permet de capturer des conceptions complexes avec une pr\u00e9cision exceptionnelle et une surface lisse, ce qui la rend id\u00e9ale pour obtenir des impressions d\u00e9taill\u00e9es de haute qualit\u00e9 dans une grande vari\u00e9t\u00e9 d&#8217;applications.<\/p>\n<p><strong>Retrouvez le <a href=\"https:\/\/drive.google.com\/file\/d\/1_jnyMfNkm4sPJhKyN46ey5CO-ks4MRyR\/view\" target=\"_blank\" rel=\"noopener\">guide de configuration<\/a>.<br \/>\nRetrouvez nos autres r\u00e9sines: <a href=\"https:\/\/ja3dsolutions.fr\/index.php\/categorie-produit\/consommables\/resines\/\">ICI !!<\/a><\/strong><\/p>\n<\/div>\n<\/div>\n<\/div>\n","protected":false},"excerpt":{"rendered":"<p>&nbsp; R\u00e9sine Standard ELEGOO &nbsp; &nbsp; &nbsp; Large compatibilit\u00e9 Des tests approfondis sont r\u00e9alis\u00e9s avant la commercialisation afin de v\u00e9rifier le faible retrait volum\u00e9trique et la haute pr\u00e9cision d\u2019impression des r\u00e9sines photopolym\u00e8res standard. Ces contr\u00f4les permettent de garantir une excellente tol\u00e9rance dimensionnelle et une grande stabilit\u00e9 lors de l\u2019impression. Gr\u00e2ce \u00e0 ce faible retrait volum\u00e9trique, &hellip; <\/p>\n","protected":false},"featured_media":2895,"comment_status":"closed","ping_status":"closed","template":"","meta":[],"product_brand":[28],"product_cat":[27],"product_tag":[],"class_list":{"0":"post-2867","1":"product","2":"type-product","3":"status-publish","4":"has-post-thumbnail","6":"product_brand-elegoo","7":"product_cat-resines-imprimantes-3d","9":"first","10":"instock","11":"taxable","12":"shipping-taxable","13":"purchasable","14":"product-type-variable"},"yoast_head":"<!-- This site is optimized with the Yoast SEO plugin v27.3 - https:\/\/yoast.com\/product\/yoast-seo-wordpress\/ -->\n<title>R\u00e9sine Standard ELEGOO pour imprimante 3D<\/title>\n<meta name=\"description\" content=\"La r\u00e9sine standard Elegoo offre une large gamme d&#039;applications, allant des figurines de jeux de soci\u00e9t\u00e9 aux pi\u00e8ces industrielles et composants.\" \/>\n<meta name=\"robots\" content=\"index, follow, max-snippet:-1, max-image-preview:large, max-video-preview:-1\" \/>\n<link rel=\"canonical\" href=\"https:\/\/ja3dsolutions.fr\/index.php\/produit\/resine_standard_elegoo_imprimante3d\/\" \/>\n<meta property=\"og:locale\" content=\"fr_FR\" \/>\n<meta property=\"og:type\" content=\"article\" \/>\n<meta property=\"og:title\" content=\"R\u00e9sine Standard ELEGOO pour imprimante 3D\" \/>\n<meta property=\"og:description\" content=\"La r\u00e9sine standard Elegoo offre une large gamme d&#039;applications, allant des figurines de jeux de soci\u00e9t\u00e9 aux pi\u00e8ces industrielles et composants.\" \/>\n<meta property=\"og:url\" content=\"https:\/\/ja3dsolutions.fr\/index.php\/produit\/resine_standard_elegoo_imprimante3d\/\" \/>\n<meta property=\"og:site_name\" content=\"JA 3D Solutions\" \/>\n<meta property=\"article:modified_time\" content=\"2026-04-02T12:01:53+00:00\" \/>\n<meta property=\"og:image\" content=\"https:\/\/ja3dsolutions.fr\/wp-content\/uploads\/2026\/03\/3685e6b0d3f2fe55363959919cc5adee_2cab0237-7480-4a6a-a92f-194a7d4d2700.webp\" \/>\n\t<meta property=\"og:image:width\" content=\"1024\" \/>\n\t<meta property=\"og:image:height\" content=\"1024\" \/>\n\t<meta property=\"og:image:type\" content=\"image\/webp\" \/>\n<meta name=\"twitter:card\" content=\"summary_large_image\" \/>\n<meta name=\"twitter:label1\" content=\"Dur\u00e9e de lecture estim\u00e9e\" \/>\n\t<meta name=\"twitter:data1\" content=\"2 minutes\" \/>\n<script type=\"application\/ld+json\" class=\"yoast-schema-graph\">{\"@context\":\"https:\\\/\\\/schema.org\",\"@graph\":[{\"@type\":\"WebPage\",\"@id\":\"https:\\\/\\\/ja3dsolutions.fr\\\/index.php\\\/produit\\\/resine_standard_elegoo_imprimante3d\\\/\",\"url\":\"https:\\\/\\\/ja3dsolutions.fr\\\/index.php\\\/produit\\\/resine_standard_elegoo_imprimante3d\\\/\",\"name\":\"R\u00e9sine Standard ELEGOO pour imprimante 3D\",\"isPartOf\":{\"@id\":\"https:\\\/\\\/ja3dsolutions.fr\\\/#website\"},\"primaryImageOfPage\":{\"@id\":\"https:\\\/\\\/ja3dsolutions.fr\\\/index.php\\\/produit\\\/resine_standard_elegoo_imprimante3d\\\/#primaryimage\"},\"image\":{\"@id\":\"https:\\\/\\\/ja3dsolutions.fr\\\/index.php\\\/produit\\\/resine_standard_elegoo_imprimante3d\\\/#primaryimage\"},\"thumbnailUrl\":\"https:\\\/\\\/ja3dsolutions.fr\\\/wp-content\\\/uploads\\\/2026\\\/03\\\/3685e6b0d3f2fe55363959919cc5adee_2cab0237-7480-4a6a-a92f-194a7d4d2700.webp\",\"datePublished\":\"2026-03-10T21:42:57+00:00\",\"dateModified\":\"2026-04-02T12:01:53+00:00\",\"description\":\"La r\u00e9sine standard Elegoo offre une large gamme d'applications, allant des figurines de jeux de soci\u00e9t\u00e9 aux pi\u00e8ces industrielles et composants.\",\"breadcrumb\":{\"@id\":\"https:\\\/\\\/ja3dsolutions.fr\\\/index.php\\\/produit\\\/resine_standard_elegoo_imprimante3d\\\/#breadcrumb\"},\"inLanguage\":\"fr-FR\",\"potentialAction\":[{\"@type\":\"ReadAction\",\"target\":[\"https:\\\/\\\/ja3dsolutions.fr\\\/index.php\\\/produit\\\/resine_standard_elegoo_imprimante3d\\\/\"]}]},{\"@type\":\"ImageObject\",\"inLanguage\":\"fr-FR\",\"@id\":\"https:\\\/\\\/ja3dsolutions.fr\\\/index.php\\\/produit\\\/resine_standard_elegoo_imprimante3d\\\/#primaryimage\",\"url\":\"https:\\\/\\\/ja3dsolutions.fr\\\/wp-content\\\/uploads\\\/2026\\\/03\\\/3685e6b0d3f2fe55363959919cc5adee_2cab0237-7480-4a6a-a92f-194a7d4d2700.webp\",\"contentUrl\":\"https:\\\/\\\/ja3dsolutions.fr\\\/wp-content\\\/uploads\\\/2026\\\/03\\\/3685e6b0d3f2fe55363959919cc5adee_2cab0237-7480-4a6a-a92f-194a7d4d2700.webp\",\"width\":1024,\"height\":1024},{\"@type\":\"BreadcrumbList\",\"@id\":\"https:\\\/\\\/ja3dsolutions.fr\\\/index.php\\\/produit\\\/resine_standard_elegoo_imprimante3d\\\/#breadcrumb\",\"itemListElement\":[{\"@type\":\"ListItem\",\"position\":1,\"name\":\"Accueil\",\"item\":\"https:\\\/\\\/ja3dsolutions.fr\\\/\"},{\"@type\":\"ListItem\",\"position\":2,\"name\":\"Boutique\",\"item\":\"https:\\\/\\\/ja3dsolutions.fr\\\/index.php\\\/boutique\\\/\"},{\"@type\":\"ListItem\",\"position\":3,\"name\":\"R\u00e9sine Standard\"}]},{\"@type\":\"WebSite\",\"@id\":\"https:\\\/\\\/ja3dsolutions.fr\\\/#website\",\"url\":\"https:\\\/\\\/ja3dsolutions.fr\\\/\",\"name\":\"JA 3D Solutions\",\"description\":\"FA\u00c7ONNEUR D&#039;ID\u00c9ES EN 3D\",\"publisher\":{\"@id\":\"https:\\\/\\\/ja3dsolutions.fr\\\/#organization\"},\"potentialAction\":[{\"@type\":\"SearchAction\",\"target\":{\"@type\":\"EntryPoint\",\"urlTemplate\":\"https:\\\/\\\/ja3dsolutions.fr\\\/?s={search_term_string}\"},\"query-input\":{\"@type\":\"PropertyValueSpecification\",\"valueRequired\":true,\"valueName\":\"search_term_string\"}}],\"inLanguage\":\"fr-FR\"},{\"@type\":\"Organization\",\"@id\":\"https:\\\/\\\/ja3dsolutions.fr\\\/#organization\",\"name\":\"JA 3D Solutions\",\"url\":\"https:\\\/\\\/ja3dsolutions.fr\\\/\",\"logo\":{\"@type\":\"ImageObject\",\"inLanguage\":\"fr-FR\",\"@id\":\"https:\\\/\\\/ja3dsolutions.fr\\\/#\\\/schema\\\/logo\\\/image\\\/\",\"url\":\"http:\\\/\\\/jadsolc.cluster100.hosting.ovh.net\\\/wp-content\\\/uploads\\\/2025\\\/10\\\/WhatsApp-Image-2025-10-18-at-11.22.57.jpeg\",\"contentUrl\":\"http:\\\/\\\/jadsolc.cluster100.hosting.ovh.net\\\/wp-content\\\/uploads\\\/2025\\\/10\\\/WhatsApp-Image-2025-10-18-at-11.22.57.jpeg\",\"width\":990,\"height\":990,\"caption\":\"JA 3D Solutions\"},\"image\":{\"@id\":\"https:\\\/\\\/ja3dsolutions.fr\\\/#\\\/schema\\\/logo\\\/image\\\/\"}}]}<\/script>\n<!-- \/ Yoast SEO plugin. -->","yoast_head_json":{"title":"R\u00e9sine Standard ELEGOO pour imprimante 3D","description":"La r\u00e9sine standard Elegoo offre une large gamme d'applications, allant des figurines de jeux de soci\u00e9t\u00e9 aux pi\u00e8ces industrielles et composants.","robots":{"index":"index","follow":"follow","max-snippet":"max-snippet:-1","max-image-preview":"max-image-preview:large","max-video-preview":"max-video-preview:-1"},"canonical":"https:\/\/ja3dsolutions.fr\/index.php\/produit\/resine_standard_elegoo_imprimante3d\/","og_locale":"fr_FR","og_type":"article","og_title":"R\u00e9sine Standard ELEGOO pour imprimante 3D","og_description":"La r\u00e9sine standard Elegoo offre une large gamme d'applications, allant des figurines de jeux de soci\u00e9t\u00e9 aux pi\u00e8ces industrielles et composants.","og_url":"https:\/\/ja3dsolutions.fr\/index.php\/produit\/resine_standard_elegoo_imprimante3d\/","og_site_name":"JA 3D Solutions","article_modified_time":"2026-04-02T12:01:53+00:00","og_image":[{"width":1024,"height":1024,"url":"https:\/\/ja3dsolutions.fr\/wp-content\/uploads\/2026\/03\/3685e6b0d3f2fe55363959919cc5adee_2cab0237-7480-4a6a-a92f-194a7d4d2700.webp","type":"image\/webp"}],"twitter_card":"summary_large_image","twitter_misc":{"Dur\u00e9e de lecture estim\u00e9e":"2 minutes"},"schema":{"@context":"https:\/\/schema.org","@graph":[{"@type":"WebPage","@id":"https:\/\/ja3dsolutions.fr\/index.php\/produit\/resine_standard_elegoo_imprimante3d\/","url":"https:\/\/ja3dsolutions.fr\/index.php\/produit\/resine_standard_elegoo_imprimante3d\/","name":"R\u00e9sine Standard ELEGOO pour imprimante 3D","isPartOf":{"@id":"https:\/\/ja3dsolutions.fr\/#website"},"primaryImageOfPage":{"@id":"https:\/\/ja3dsolutions.fr\/index.php\/produit\/resine_standard_elegoo_imprimante3d\/#primaryimage"},"image":{"@id":"https:\/\/ja3dsolutions.fr\/index.php\/produit\/resine_standard_elegoo_imprimante3d\/#primaryimage"},"thumbnailUrl":"https:\/\/ja3dsolutions.fr\/wp-content\/uploads\/2026\/03\/3685e6b0d3f2fe55363959919cc5adee_2cab0237-7480-4a6a-a92f-194a7d4d2700.webp","datePublished":"2026-03-10T21:42:57+00:00","dateModified":"2026-04-02T12:01:53+00:00","description":"La r\u00e9sine standard Elegoo offre une large gamme d'applications, allant des figurines de jeux de soci\u00e9t\u00e9 aux pi\u00e8ces industrielles et composants.","breadcrumb":{"@id":"https:\/\/ja3dsolutions.fr\/index.php\/produit\/resine_standard_elegoo_imprimante3d\/#breadcrumb"},"inLanguage":"fr-FR","potentialAction":[{"@type":"ReadAction","target":["https:\/\/ja3dsolutions.fr\/index.php\/produit\/resine_standard_elegoo_imprimante3d\/"]}]},{"@type":"ImageObject","inLanguage":"fr-FR","@id":"https:\/\/ja3dsolutions.fr\/index.php\/produit\/resine_standard_elegoo_imprimante3d\/#primaryimage","url":"https:\/\/ja3dsolutions.fr\/wp-content\/uploads\/2026\/03\/3685e6b0d3f2fe55363959919cc5adee_2cab0237-7480-4a6a-a92f-194a7d4d2700.webp","contentUrl":"https:\/\/ja3dsolutions.fr\/wp-content\/uploads\/2026\/03\/3685e6b0d3f2fe55363959919cc5adee_2cab0237-7480-4a6a-a92f-194a7d4d2700.webp","width":1024,"height":1024},{"@type":"BreadcrumbList","@id":"https:\/\/ja3dsolutions.fr\/index.php\/produit\/resine_standard_elegoo_imprimante3d\/#breadcrumb","itemListElement":[{"@type":"ListItem","position":1,"name":"Accueil","item":"https:\/\/ja3dsolutions.fr\/"},{"@type":"ListItem","position":2,"name":"Boutique","item":"https:\/\/ja3dsolutions.fr\/index.php\/boutique\/"},{"@type":"ListItem","position":3,"name":"R\u00e9sine Standard"}]},{"@type":"WebSite","@id":"https:\/\/ja3dsolutions.fr\/#website","url":"https:\/\/ja3dsolutions.fr\/","name":"JA 3D Solutions","description":"FA\u00c7ONNEUR D&#039;ID\u00c9ES EN 3D","publisher":{"@id":"https:\/\/ja3dsolutions.fr\/#organization"},"potentialAction":[{"@type":"SearchAction","target":{"@type":"EntryPoint","urlTemplate":"https:\/\/ja3dsolutions.fr\/?s={search_term_string}"},"query-input":{"@type":"PropertyValueSpecification","valueRequired":true,"valueName":"search_term_string"}}],"inLanguage":"fr-FR"},{"@type":"Organization","@id":"https:\/\/ja3dsolutions.fr\/#organization","name":"JA 3D Solutions","url":"https:\/\/ja3dsolutions.fr\/","logo":{"@type":"ImageObject","inLanguage":"fr-FR","@id":"https:\/\/ja3dsolutions.fr\/#\/schema\/logo\/image\/","url":"http:\/\/jadsolc.cluster100.hosting.ovh.net\/wp-content\/uploads\/2025\/10\/WhatsApp-Image-2025-10-18-at-11.22.57.jpeg","contentUrl":"http:\/\/jadsolc.cluster100.hosting.ovh.net\/wp-content\/uploads\/2025\/10\/WhatsApp-Image-2025-10-18-at-11.22.57.jpeg","width":990,"height":990,"caption":"JA 3D Solutions"},"image":{"@id":"https:\/\/ja3dsolutions.fr\/#\/schema\/logo\/image\/"}}]}},"_links":{"self":[{"href":"https:\/\/ja3dsolutions.fr\/index.php\/wp-json\/wp\/v2\/product\/2867","targetHints":{"allow":["GET"]}}],"collection":[{"href":"https:\/\/ja3dsolutions.fr\/index.php\/wp-json\/wp\/v2\/product"}],"about":[{"href":"https:\/\/ja3dsolutions.fr\/index.php\/wp-json\/wp\/v2\/types\/product"}],"replies":[{"embeddable":true,"href":"https:\/\/ja3dsolutions.fr\/index.php\/wp-json\/wp\/v2\/comments?post=2867"}],"wp:featuredmedia":[{"embeddable":true,"href":"https:\/\/ja3dsolutions.fr\/index.php\/wp-json\/wp\/v2\/media\/2895"}],"wp:attachment":[{"href":"https:\/\/ja3dsolutions.fr\/index.php\/wp-json\/wp\/v2\/media?parent=2867"}],"wp:term":[{"taxonomy":"product_brand","embeddable":true,"href":"https:\/\/ja3dsolutions.fr\/index.php\/wp-json\/wp\/v2\/product_brand?post=2867"},{"taxonomy":"product_cat","embeddable":true,"href":"https:\/\/ja3dsolutions.fr\/index.php\/wp-json\/wp\/v2\/product_cat?post=2867"},{"taxonomy":"product_tag","embeddable":true,"href":"https:\/\/ja3dsolutions.fr\/index.php\/wp-json\/wp\/v2\/product_tag?post=2867"}],"curies":[{"name":"wp","href":"https:\/\/api.w.org\/{rel}","templated":true}]}}