{"id":64,"date":"2025-10-18T15:20:46","date_gmt":"2025-10-18T15:20:46","guid":{"rendered":"http:\/\/jadsolc.cluster100.hosting.ovh.net\/?page_id=64"},"modified":"2026-04-07T10:34:59","modified_gmt":"2026-04-07T10:34:59","slug":"impression-3d-sur-mesure","status":"publish","type":"page","link":"https:\/\/ja3dsolutions.fr\/","title":{"rendered":"Accueil"},"content":{"rendered":"\n<h1 class=\"wp-block-heading\">Foncez. Votre r\u00eave 3D va prendre vie.<\/h1>\n\n\n\n<p><br>JA 3D Solutions propose la <strong>vente d\u2019imprimantes 3D d\u2019occasion<\/strong>, de <strong>consommable<\/strong> ou de <strong>pi\u00e8ces d\u00e9tach\u00e9es<\/strong>, la <strong>r\u00e9paration de machines<\/strong>, la <strong>mod\u00e9lisation de fichiers 3D<\/strong>, la <strong>num\u00e9risation<\/strong> <strong>d&#8217;objets en 3D<\/strong> ainsi que l\u2019<strong>impression 3D sur mesure<\/strong> afin de le reproduire \u00e0 l&#8217;identique. <br>Machines pr\u00eates \u00e0 l\u2019impression, prototypes uniques\u2026 tout devient possible.<\/p>\n\n\n\n<div class=\"wp-block-buttons is-content-justification-center is-layout-flex wp-container-core-buttons-is-layout-062f0008 wp-block-buttons-is-layout-flex\">\n<div class=\"wp-block-button\"><a class=\"wp-block-button__link has-white-color has-text-color has-background has-link-color wp-element-button\" href=\"https:\/\/ja3dsolutions.fr\/index.php\/contact\/\" style=\"background-color:#31758c\">Parlons de votre projet !<\/a><\/div>\n<\/div>\n\n\n\n<div style=\"height:40px\" aria-hidden=\"true\" class=\"wp-block-spacer\"><\/div>\n\n\n\n<div class=\"wp-block-media-text has-media-on-the-right is-stacked-on-mobile is-vertically-aligned-center is-image-fill-element\"><div class=\"wp-block-media-text__content\">\n<p><strong><a href=\"https:\/\/ja3dsolutions.fr\/index.php\/boutique\/\">Vente d\u2019imprimantes 3D, de consommables et de pi\u00e8ces d\u00e9tach\u00e9es<\/a><\/strong>: Machines test\u00e9es et pr\u00eates \u00e0 imprimer.<\/p>\n<\/div><figure class=\"wp-block-media-text__media\"><img loading=\"lazy\" decoding=\"async\" width=\"2560\" height=\"1920\" src=\"https:\/\/jadsolc.cluster100.hosting.ovh.net\/wp-content\/uploads\/2025\/10\/printer-1455169-scaled.jpg\" alt=\"Imprimante 3D enti\u00e8rement r\u00e9par\u00e9e et test\u00e9e, pr\u00eate \u00e0 l\u2019impression, service propos\u00e9 par JA 3D Solutions\" class=\"wp-image-91 size-full\" style=\"object-position:50% 50%\" srcset=\"https:\/\/ja3dsolutions.fr\/wp-content\/uploads\/2025\/10\/printer-1455169-scaled.jpg 2560w, https:\/\/ja3dsolutions.fr\/wp-content\/uploads\/2025\/10\/printer-1455169-300x225.jpg 300w, https:\/\/ja3dsolutions.fr\/wp-content\/uploads\/2025\/10\/printer-1455169-1024x768.jpg 1024w, https:\/\/ja3dsolutions.fr\/wp-content\/uploads\/2025\/10\/printer-1455169-768x576.jpg 768w, https:\/\/ja3dsolutions.fr\/wp-content\/uploads\/2025\/10\/printer-1455169-1536x1152.jpg 1536w, https:\/\/ja3dsolutions.fr\/wp-content\/uploads\/2025\/10\/printer-1455169-2048x1536.jpg 2048w, https:\/\/ja3dsolutions.fr\/wp-content\/uploads\/2025\/10\/printer-1455169-600x450.jpg 600w\" sizes=\"auto, (max-width: 2560px) 100vw, 2560px\" \/><\/figure><\/div>\n\n\n\n<div class=\"wp-block-media-text is-stacked-on-mobile is-vertically-aligned-center is-image-fill-element\"><figure class=\"wp-block-media-text__media\"><img loading=\"lazy\" decoding=\"async\" width=\"1024\" height=\"768\" src=\"https:\/\/jadsolc.cluster100.hosting.ovh.net\/wp-content\/uploads\/2025\/10\/printer-2189968-Photoroom-1024x768.png\" alt=\"Technicien r\u00e9parant une imprimante 3D, illustrant le service de r\u00e9paration professionnelle de JA 3D Solutions\" class=\"wp-image-88 size-full\" style=\"object-position:50% 50%\" srcset=\"https:\/\/ja3dsolutions.fr\/wp-content\/uploads\/2025\/10\/printer-2189968-Photoroom-1024x768.png 1024w, https:\/\/ja3dsolutions.fr\/wp-content\/uploads\/2025\/10\/printer-2189968-Photoroom-300x225.png 300w, https:\/\/ja3dsolutions.fr\/wp-content\/uploads\/2025\/10\/printer-2189968-Photoroom-768x576.png 768w, https:\/\/ja3dsolutions.fr\/wp-content\/uploads\/2025\/10\/printer-2189968-Photoroom-600x450.png 600w, https:\/\/ja3dsolutions.fr\/wp-content\/uploads\/2025\/10\/printer-2189968-Photoroom.png 1280w\" sizes=\"auto, (max-width: 1024px) 100vw, 1024px\" \/><\/figure><div class=\"wp-block-media-text__content\">\n<p><strong><a href=\"https:\/\/ja3dsolutions.fr\/index.php\/services-impression-3d\/\">R\u00e9paration d\u2019imprimantes 3D<\/a><\/strong> : Redonnez vie \u00e0 vos machines.<\/p>\n<\/div><\/div>\n\n\n\n<div class=\"wp-block-media-text has-media-on-the-right is-stacked-on-mobile is-vertically-aligned-center is-image-fill-element\"><div class=\"wp-block-media-text__content\">\n<p><strong><a href=\"https:\/\/ja3dsolutions.fr\/index.php\/services-impression-3d\/\">Mod\u00e9lisation 3D<\/a><\/strong> : Cr\u00e9ation ou adaptation de fichiers selon vos besoins.<\/p>\n<\/div><figure class=\"wp-block-media-text__media\"><img loading=\"lazy\" decoding=\"async\" width=\"860\" height=\"622\" src=\"https:\/\/ja3dsolutions.fr\/wp-content\/uploads\/2026\/03\/Capture-decran-2026-03-05-173626.png\" alt=\"Mod\u00e9lisation 3D d\u2019un engrenage m\u00e9canique utilis\u00e9 comme exemple de pi\u00e8ce technique pour impression 3D.\" class=\"wp-image-2837 size-full\" style=\"object-position:50% 50%\" srcset=\"https:\/\/ja3dsolutions.fr\/wp-content\/uploads\/2026\/03\/Capture-decran-2026-03-05-173626.png 860w, https:\/\/ja3dsolutions.fr\/wp-content\/uploads\/2026\/03\/Capture-decran-2026-03-05-173626-300x217.png 300w, https:\/\/ja3dsolutions.fr\/wp-content\/uploads\/2026\/03\/Capture-decran-2026-03-05-173626-768x555.png 768w, https:\/\/ja3dsolutions.fr\/wp-content\/uploads\/2026\/03\/Capture-decran-2026-03-05-173626-600x434.png 600w\" sizes=\"auto, (max-width: 860px) 100vw, 860px\" \/><\/figure><\/div>\n\n\n\n<div class=\"wp-block-media-text is-stacked-on-mobile is-vertically-aligned-center is-image-fill-element\"><figure class=\"wp-block-media-text__media\"><img loading=\"lazy\" decoding=\"async\" width=\"1024\" height=\"577\" src=\"https:\/\/ja3dsolutions.fr\/wp-content\/uploads\/2026\/03\/WhatsApp-Image-2026-03-05-at-18.05.46-1024x577.jpeg\" alt=\"\" class=\"wp-image-2845 size-full\" style=\"object-position:50% 50%\" srcset=\"https:\/\/ja3dsolutions.fr\/wp-content\/uploads\/2026\/03\/WhatsApp-Image-2026-03-05-at-18.05.46-1024x577.jpeg 1024w, https:\/\/ja3dsolutions.fr\/wp-content\/uploads\/2026\/03\/WhatsApp-Image-2026-03-05-at-18.05.46-300x169.jpeg 300w, https:\/\/ja3dsolutions.fr\/wp-content\/uploads\/2026\/03\/WhatsApp-Image-2026-03-05-at-18.05.46-768x432.jpeg 768w, https:\/\/ja3dsolutions.fr\/wp-content\/uploads\/2026\/03\/WhatsApp-Image-2026-03-05-at-18.05.46-1536x865.jpeg 1536w, https:\/\/ja3dsolutions.fr\/wp-content\/uploads\/2026\/03\/WhatsApp-Image-2026-03-05-at-18.05.46-600x338.jpeg 600w, https:\/\/ja3dsolutions.fr\/wp-content\/uploads\/2026\/03\/WhatsApp-Image-2026-03-05-at-18.05.46.jpeg 2000w\" sizes=\"auto, (max-width: 1024px) 100vw, 1024px\" \/><\/figure><div class=\"wp-block-media-text__content\">\n<p><strong><a href=\"https:\/\/ja3dsolutions.fr\/index.php\/services-impression-3d\/\">Impression 3D<\/a><\/strong> : Prototypes, petites s\u00e9ries ou objets uniques.<\/p>\n<\/div><\/div>\n\n\n\n<div class=\"wp-block-media-text has-media-on-the-right is-stacked-on-mobile is-image-fill-element\"><div class=\"wp-block-media-text__content\">\n<p><a href=\"https:\/\/ja3dsolutions.fr\/index.php\/services-impression-3d\/\"><strong>Num\u00e9risation d&#8217;objets<\/strong><\/a> : Faites reproduire vos objets.<\/p>\n<\/div><figure class=\"wp-block-media-text__media\"><img loading=\"lazy\" decoding=\"async\" width=\"768\" height=\"1024\" src=\"https:\/\/ja3dsolutions.fr\/wp-content\/uploads\/2025\/10\/swedish-key-1480588_1280-768x1024.jpg\" alt=\"Cl\u00e9 \u00e0 fourche pos\u00e9e sur un v\u00e9lo, servant de r\u00e9f\u00e9rence pour un futur scan 3D et une reproduction par impression 3D.\" class=\"wp-image-288 size-full\" style=\"object-position:88% 4%\" srcset=\"https:\/\/ja3dsolutions.fr\/wp-content\/uploads\/2025\/10\/swedish-key-1480588_1280-768x1024.jpg 768w, https:\/\/ja3dsolutions.fr\/wp-content\/uploads\/2025\/10\/swedish-key-1480588_1280-225x300.jpg 225w, https:\/\/ja3dsolutions.fr\/wp-content\/uploads\/2025\/10\/swedish-key-1480588_1280-600x800.jpg 600w, https:\/\/ja3dsolutions.fr\/wp-content\/uploads\/2025\/10\/swedish-key-1480588_1280.jpg 960w\" sizes=\"auto, (max-width: 768px) 100vw, 768px\" \/><\/figure><\/div>\n\n\n\n<p class=\"has-text-align-center\"><br><br><br><br>Faites le premier pas vers votre cr\u00e9ation 3D : contactez JA 3D Solutions aujourd\u2019hui !<\/p>\n\n\n\n<div class=\"wp-block-buttons is-content-justification-center is-layout-flex wp-container-core-buttons-is-layout-062f0008 wp-block-buttons-is-layout-flex\">\n<div class=\"wp-block-button\"><a class=\"wp-block-button__link has-white-color has-text-color has-background has-link-color wp-element-button\" href=\"https:\/\/ja3dsolutions.fr\/index.php\/contact\/\" style=\"background-color:#31758c\">Contact<\/a><\/div>\n<\/div>\n\n\n\n<div style=\"height:100px\" aria-hidden=\"true\" class=\"wp-block-spacer\"><\/div>\n\n\n\n<p class=\"has-pale-ocean-gradient-background has-background\"><strong>Le saviez-vous ?<\/strong><br>L\u2019impression 3D ne cesse de se r\u00e9inventer. Elle s\u2019impose d\u00e9sormais dans la construction, la sant\u00e9 ou m\u00eame la mode.<br>Pour en savoir plus sur les derni\u00e8res innovations, jetez un \u0153il \u00e0 <a href=\"https:\/\/www.3dnatives.com\/\" target=\"_blank\" rel=\"noreferrer noopener\">3Dnatives<\/a>.<\/p>\n","protected":false},"excerpt":{"rendered":"<p>Foncez. Votre r\u00eave 3D va prendre vie. JA 3D Solutions propose la vente d\u2019imprimantes 3D d\u2019occasion, de consommable ou de pi\u00e8ces d\u00e9tach\u00e9es, la r\u00e9paration de machines, la mod\u00e9lisation de fichiers 3D, la num\u00e9risation d&#8217;objets en 3D ainsi que l\u2019impression 3D sur mesure afin de le reproduire \u00e0 l&#8217;identique. Machines pr\u00eates \u00e0 l\u2019impression, prototypes uniques\u2026 tout &hellip; <\/p>\n","protected":false},"author":1,"featured_media":76,"parent":0,"menu_order":0,"comment_status":"closed","ping_status":"closed","template":"","meta":{"footnotes":""},"class_list":["post-64","page","type-page","status-publish","has-post-thumbnail","hentry"],"yoast_head":"<!-- This site is optimized with the Yoast SEO plugin v27.3 - https:\/\/yoast.com\/product\/yoast-seo-wordpress\/ -->\n<title>Impression 3D sur mesure - JA 3D Solutions<\/title>\n<meta name=\"description\" content=\"Vente d\u2019imprimantes 3D d\u2019occasion, r\u00e9paration, mod\u00e9lisation et impression 3D sur mesure. Donnez vie \u00e0 vos id\u00e9es avec JA 3D Solutions.\" \/>\n<meta name=\"robots\" content=\"index, follow, max-snippet:-1, max-image-preview:large, max-video-preview:-1\" \/>\n<link rel=\"canonical\" href=\"https:\/\/ja3dsolutions.fr\/\" \/>\n<meta property=\"og:locale\" content=\"fr_FR\" \/>\n<meta property=\"og:type\" content=\"article\" \/>\n<meta property=\"og:title\" content=\"Impression 3D sur mesure - JA 3D Solutions\" \/>\n<meta property=\"og:description\" content=\"Vente d\u2019imprimantes 3D d\u2019occasion, r\u00e9paration, mod\u00e9lisation et impression 3D sur mesure. Donnez vie \u00e0 vos id\u00e9es avec JA 3D Solutions.\" \/>\n<meta property=\"og:url\" content=\"https:\/\/ja3dsolutions.fr\/\" \/>\n<meta property=\"og:site_name\" content=\"JA 3D Solutions\" \/>\n<meta property=\"article:modified_time\" content=\"2026-04-07T10:34:59+00:00\" \/>\n<meta property=\"og:image\" content=\"https:\/\/ja3dsolutions.fr\/wp-content\/uploads\/2025\/10\/korablik-2681190-scaled.jpg\" \/>\n\t<meta property=\"og:image:width\" content=\"2560\" \/>\n\t<meta property=\"og:image:height\" content=\"1707\" \/>\n\t<meta property=\"og:image:type\" content=\"image\/jpeg\" \/>\n<meta name=\"twitter:card\" content=\"summary_large_image\" \/>\n<meta name=\"twitter:label1\" content=\"Dur\u00e9e de lecture estim\u00e9e\" \/>\n\t<meta name=\"twitter:data1\" content=\"3 minutes\" \/>\n<script type=\"application\/ld+json\" class=\"yoast-schema-graph\">{\"@context\":\"https:\\\/\\\/schema.org\",\"@graph\":[{\"@type\":\"WebPage\",\"@id\":\"https:\\\/\\\/ja3dsolutions.fr\\\/\",\"url\":\"https:\\\/\\\/ja3dsolutions.fr\\\/\",\"name\":\"Impression 3D sur mesure - JA 3D Solutions\",\"isPartOf\":{\"@id\":\"https:\\\/\\\/ja3dsolutions.fr\\\/#website\"},\"primaryImageOfPage\":{\"@id\":\"https:\\\/\\\/ja3dsolutions.fr\\\/#primaryimage\"},\"image\":{\"@id\":\"https:\\\/\\\/ja3dsolutions.fr\\\/#primaryimage\"},\"thumbnailUrl\":\"https:\\\/\\\/ja3dsolutions.fr\\\/wp-content\\\/uploads\\\/2025\\\/10\\\/korablik-2681190-scaled.jpg\",\"datePublished\":\"2025-10-18T15:20:46+00:00\",\"dateModified\":\"2026-04-07T10:34:59+00:00\",\"description\":\"Vente d\u2019imprimantes 3D d\u2019occasion, r\u00e9paration, mod\u00e9lisation et impression 3D sur mesure. Donnez vie \u00e0 vos id\u00e9es avec JA 3D Solutions.\",\"breadcrumb\":{\"@id\":\"https:\\\/\\\/ja3dsolutions.fr\\\/#breadcrumb\"},\"inLanguage\":\"fr-FR\",\"potentialAction\":[{\"@type\":\"ReadAction\",\"target\":[\"https:\\\/\\\/ja3dsolutions.fr\\\/\"]}]},{\"@type\":\"ImageObject\",\"inLanguage\":\"fr-FR\",\"@id\":\"https:\\\/\\\/ja3dsolutions.fr\\\/#primaryimage\",\"url\":\"https:\\\/\\\/ja3dsolutions.fr\\\/wp-content\\\/uploads\\\/2025\\\/10\\\/korablik-2681190-scaled.jpg\",\"contentUrl\":\"https:\\\/\\\/ja3dsolutions.fr\\\/wp-content\\\/uploads\\\/2025\\\/10\\\/korablik-2681190-scaled.jpg\",\"width\":2560,\"height\":1707,\"caption\":\"Maquette 3D du bateau imprim\u00e9e sur mesure et expos\u00e9e en situation r\u00e9elle, d\u00e9montrant les comp\u00e9tences de mod\u00e9lisation et d\u2019impression de JA 3D Solutions\"},{\"@type\":\"BreadcrumbList\",\"@id\":\"https:\\\/\\\/ja3dsolutions.fr\\\/#breadcrumb\",\"itemListElement\":[{\"@type\":\"ListItem\",\"position\":1,\"name\":\"Accueil\",\"item\":\"https:\\\/\\\/ja3dsolutions.fr\\\/\"},{\"@type\":\"ListItem\",\"position\":2,\"name\":\"Accueil\"}]},{\"@type\":\"WebSite\",\"@id\":\"https:\\\/\\\/ja3dsolutions.fr\\\/#website\",\"url\":\"https:\\\/\\\/ja3dsolutions.fr\\\/\",\"name\":\"JA 3D Solutions\",\"description\":\"FA\u00c7ONNEUR D&#039;ID\u00c9ES EN 3D\",\"publisher\":{\"@id\":\"https:\\\/\\\/ja3dsolutions.fr\\\/#organization\"},\"potentialAction\":[{\"@type\":\"SearchAction\",\"target\":{\"@type\":\"EntryPoint\",\"urlTemplate\":\"https:\\\/\\\/ja3dsolutions.fr\\\/?s={search_term_string}\"},\"query-input\":{\"@type\":\"PropertyValueSpecification\",\"valueRequired\":true,\"valueName\":\"search_term_string\"}}],\"inLanguage\":\"fr-FR\"},{\"@type\":\"Organization\",\"@id\":\"https:\\\/\\\/ja3dsolutions.fr\\\/#organization\",\"name\":\"JA 3D Solutions\",\"url\":\"https:\\\/\\\/ja3dsolutions.fr\\\/\",\"logo\":{\"@type\":\"ImageObject\",\"inLanguage\":\"fr-FR\",\"@id\":\"https:\\\/\\\/ja3dsolutions.fr\\\/#\\\/schema\\\/logo\\\/image\\\/\",\"url\":\"http:\\\/\\\/jadsolc.cluster100.hosting.ovh.net\\\/wp-content\\\/uploads\\\/2025\\\/10\\\/WhatsApp-Image-2025-10-18-at-11.22.57.jpeg\",\"contentUrl\":\"http:\\\/\\\/jadsolc.cluster100.hosting.ovh.net\\\/wp-content\\\/uploads\\\/2025\\\/10\\\/WhatsApp-Image-2025-10-18-at-11.22.57.jpeg\",\"width\":990,\"height\":990,\"caption\":\"JA 3D Solutions\"},\"image\":{\"@id\":\"https:\\\/\\\/ja3dsolutions.fr\\\/#\\\/schema\\\/logo\\\/image\\\/\"}}]}<\/script>\n<!-- \/ Yoast SEO plugin. -->","yoast_head_json":{"title":"Impression 3D sur mesure - JA 3D Solutions","description":"Vente d\u2019imprimantes 3D d\u2019occasion, r\u00e9paration, mod\u00e9lisation et impression 3D sur mesure. Donnez vie \u00e0 vos id\u00e9es avec JA 3D Solutions.","robots":{"index":"index","follow":"follow","max-snippet":"max-snippet:-1","max-image-preview":"max-image-preview:large","max-video-preview":"max-video-preview:-1"},"canonical":"https:\/\/ja3dsolutions.fr\/","og_locale":"fr_FR","og_type":"article","og_title":"Impression 3D sur mesure - JA 3D Solutions","og_description":"Vente d\u2019imprimantes 3D d\u2019occasion, r\u00e9paration, mod\u00e9lisation et impression 3D sur mesure. Donnez vie \u00e0 vos id\u00e9es avec JA 3D Solutions.","og_url":"https:\/\/ja3dsolutions.fr\/","og_site_name":"JA 3D Solutions","article_modified_time":"2026-04-07T10:34:59+00:00","og_image":[{"width":2560,"height":1707,"url":"https:\/\/ja3dsolutions.fr\/wp-content\/uploads\/2025\/10\/korablik-2681190-scaled.jpg","type":"image\/jpeg"}],"twitter_card":"summary_large_image","twitter_misc":{"Dur\u00e9e de lecture estim\u00e9e":"3 minutes"},"schema":{"@context":"https:\/\/schema.org","@graph":[{"@type":"WebPage","@id":"https:\/\/ja3dsolutions.fr\/","url":"https:\/\/ja3dsolutions.fr\/","name":"Impression 3D sur mesure - JA 3D Solutions","isPartOf":{"@id":"https:\/\/ja3dsolutions.fr\/#website"},"primaryImageOfPage":{"@id":"https:\/\/ja3dsolutions.fr\/#primaryimage"},"image":{"@id":"https:\/\/ja3dsolutions.fr\/#primaryimage"},"thumbnailUrl":"https:\/\/ja3dsolutions.fr\/wp-content\/uploads\/2025\/10\/korablik-2681190-scaled.jpg","datePublished":"2025-10-18T15:20:46+00:00","dateModified":"2026-04-07T10:34:59+00:00","description":"Vente d\u2019imprimantes 3D d\u2019occasion, r\u00e9paration, mod\u00e9lisation et impression 3D sur mesure. Donnez vie \u00e0 vos id\u00e9es avec JA 3D Solutions.","breadcrumb":{"@id":"https:\/\/ja3dsolutions.fr\/#breadcrumb"},"inLanguage":"fr-FR","potentialAction":[{"@type":"ReadAction","target":["https:\/\/ja3dsolutions.fr\/"]}]},{"@type":"ImageObject","inLanguage":"fr-FR","@id":"https:\/\/ja3dsolutions.fr\/#primaryimage","url":"https:\/\/ja3dsolutions.fr\/wp-content\/uploads\/2025\/10\/korablik-2681190-scaled.jpg","contentUrl":"https:\/\/ja3dsolutions.fr\/wp-content\/uploads\/2025\/10\/korablik-2681190-scaled.jpg","width":2560,"height":1707,"caption":"Maquette 3D du bateau imprim\u00e9e sur mesure et expos\u00e9e en situation r\u00e9elle, d\u00e9montrant les comp\u00e9tences de mod\u00e9lisation et d\u2019impression de JA 3D Solutions"},{"@type":"BreadcrumbList","@id":"https:\/\/ja3dsolutions.fr\/#breadcrumb","itemListElement":[{"@type":"ListItem","position":1,"name":"Accueil","item":"https:\/\/ja3dsolutions.fr\/"},{"@type":"ListItem","position":2,"name":"Accueil"}]},{"@type":"WebSite","@id":"https:\/\/ja3dsolutions.fr\/#website","url":"https:\/\/ja3dsolutions.fr\/","name":"JA 3D Solutions","description":"FA\u00c7ONNEUR D&#039;ID\u00c9ES EN 3D","publisher":{"@id":"https:\/\/ja3dsolutions.fr\/#organization"},"potentialAction":[{"@type":"SearchAction","target":{"@type":"EntryPoint","urlTemplate":"https:\/\/ja3dsolutions.fr\/?s={search_term_string}"},"query-input":{"@type":"PropertyValueSpecification","valueRequired":true,"valueName":"search_term_string"}}],"inLanguage":"fr-FR"},{"@type":"Organization","@id":"https:\/\/ja3dsolutions.fr\/#organization","name":"JA 3D Solutions","url":"https:\/\/ja3dsolutions.fr\/","logo":{"@type":"ImageObject","inLanguage":"fr-FR","@id":"https:\/\/ja3dsolutions.fr\/#\/schema\/logo\/image\/","url":"http:\/\/jadsolc.cluster100.hosting.ovh.net\/wp-content\/uploads\/2025\/10\/WhatsApp-Image-2025-10-18-at-11.22.57.jpeg","contentUrl":"http:\/\/jadsolc.cluster100.hosting.ovh.net\/wp-content\/uploads\/2025\/10\/WhatsApp-Image-2025-10-18-at-11.22.57.jpeg","width":990,"height":990,"caption":"JA 3D Solutions"},"image":{"@id":"https:\/\/ja3dsolutions.fr\/#\/schema\/logo\/image\/"}}]}},"_links":{"self":[{"href":"https:\/\/ja3dsolutions.fr\/index.php\/wp-json\/wp\/v2\/pages\/64","targetHints":{"allow":["GET"]}}],"collection":[{"href":"https:\/\/ja3dsolutions.fr\/index.php\/wp-json\/wp\/v2\/pages"}],"about":[{"href":"https:\/\/ja3dsolutions.fr\/index.php\/wp-json\/wp\/v2\/types\/page"}],"author":[{"embeddable":true,"href":"https:\/\/ja3dsolutions.fr\/index.php\/wp-json\/wp\/v2\/users\/1"}],"replies":[{"embeddable":true,"href":"https:\/\/ja3dsolutions.fr\/index.php\/wp-json\/wp\/v2\/comments?post=64"}],"version-history":[{"count":38,"href":"https:\/\/ja3dsolutions.fr\/index.php\/wp-json\/wp\/v2\/pages\/64\/revisions"}],"predecessor-version":[{"id":3043,"href":"https:\/\/ja3dsolutions.fr\/index.php\/wp-json\/wp\/v2\/pages\/64\/revisions\/3043"}],"wp:featuredmedia":[{"embeddable":true,"href":"https:\/\/ja3dsolutions.fr\/index.php\/wp-json\/wp\/v2\/media\/76"}],"wp:attachment":[{"href":"https:\/\/ja3dsolutions.fr\/index.php\/wp-json\/wp\/v2\/media?parent=64"}],"curies":[{"name":"wp","href":"https:\/\/api.w.org\/{rel}","templated":true}]}}