{"id":231,"date":"2025-10-21T14:12:37","date_gmt":"2025-10-21T14:12:37","guid":{"rendered":"http:\/\/jadsolc.cluster100.hosting.ovh.net\/?page_id=231"},"modified":"2026-03-17T17:10:16","modified_gmt":"2026-03-17T17:10:16","slug":"services-impression-3d","status":"publish","type":"page","link":"https:\/\/ja3dsolutions.fr\/index.php\/services-impression-3d\/","title":{"rendered":"Mes Services"},"content":{"rendered":"\n<div class=\"wp-block-media-text has-media-on-the-right is-stacked-on-mobile\" style=\"grid-template-columns:auto 34%\"><div class=\"wp-block-media-text__content\">\n<h2 class=\"wp-block-heading has-text-align-center\"><strong>Donnez vie \u00e0 vos id\u00e9es en 3D<\/strong><\/h2>\n\n\n\n<p class=\"has-text-align-left\"><br><strong>D\u00e9couvrez les services d\u2019impression 3D de JA 3D Solutions<\/strong> : que ce soit pour la vente d\u2019imprimantes 3D d\u2019occasion, la r\u00e9paration de machines, la mod\u00e9lisation de fichiers ou l\u2019impression d\u2019objets sur mesure, chaque projet est pris en charge avec pr\u00e9cision et cr\u00e9ativit\u00e9. Nos services d\u2019impression 3D permettent de transformer vos id\u00e9es en objets concrets, qu\u2019il s\u2019agisse de prototypes, de petites s\u00e9ries ou de cr\u00e9ations uniques.<\/p>\n<\/div><figure class=\"wp-block-media-text__media\"><img loading=\"lazy\" decoding=\"async\" width=\"1024\" height=\"791\" src=\"https:\/\/jadsolc.cluster100.hosting.ovh.net\/wp-content\/uploads\/2025\/10\/service-1992961_1280-1024x791.jpg\" alt=\"Illustration du mot &quot;Service&quot; repr\u00e9sentant les prestations de vente, r\u00e9paration, mod\u00e9lisation et impression 3D propos\u00e9es par JA 3D Solutions\" class=\"wp-image-256 size-full\" srcset=\"https:\/\/ja3dsolutions.fr\/wp-content\/uploads\/2025\/10\/service-1992961_1280-1024x791.jpg 1024w, https:\/\/ja3dsolutions.fr\/wp-content\/uploads\/2025\/10\/service-1992961_1280-300x232.jpg 300w, https:\/\/ja3dsolutions.fr\/wp-content\/uploads\/2025\/10\/service-1992961_1280-768x593.jpg 768w, https:\/\/ja3dsolutions.fr\/wp-content\/uploads\/2025\/10\/service-1992961_1280-600x464.jpg 600w, https:\/\/ja3dsolutions.fr\/wp-content\/uploads\/2025\/10\/service-1992961_1280.jpg 1280w\" sizes=\"auto, (max-width: 1024px) 100vw, 1024px\" \/><\/figure><\/div>\n\n\n\n<div class=\"wp-block-media-text is-stacked-on-mobile\"><figure class=\"wp-block-media-text__media\"><img loading=\"lazy\" decoding=\"async\" width=\"1024\" height=\"682\" src=\"https:\/\/jadsolc.cluster100.hosting.ovh.net\/wp-content\/uploads\/2025\/10\/shop-2607121_1280-1024x682.jpg\" alt=\"Panneau \u201cOPEN\u201d sur la porte d\u2019un magasin, symbolisant la disponibilit\u00e9 des imprimantes 3D d\u2019occasion \u00e0 la vente\" class=\"wp-image-233 size-full\" srcset=\"https:\/\/ja3dsolutions.fr\/wp-content\/uploads\/2025\/10\/shop-2607121_1280-1024x682.jpg 1024w, https:\/\/ja3dsolutions.fr\/wp-content\/uploads\/2025\/10\/shop-2607121_1280-300x200.jpg 300w, https:\/\/ja3dsolutions.fr\/wp-content\/uploads\/2025\/10\/shop-2607121_1280-768x512.jpg 768w, https:\/\/ja3dsolutions.fr\/wp-content\/uploads\/2025\/10\/shop-2607121_1280-450x300.jpg 450w, https:\/\/ja3dsolutions.fr\/wp-content\/uploads\/2025\/10\/shop-2607121_1280-600x400.jpg 600w, https:\/\/ja3dsolutions.fr\/wp-content\/uploads\/2025\/10\/shop-2607121_1280.jpg 1280w\" sizes=\"auto, (max-width: 1024px) 100vw, 1024px\" \/><\/figure><div class=\"wp-block-media-text__content\">\n<h2 class=\"wp-block-heading has-text-align-center\"><a href=\"https:\/\/ja3dsolutions.fr\/index.php\/boutique\/\">Vente d\u2019imprimantes 3D d\u2019occasion<\/a><\/h2>\n\n\n\n<p><strong>Machines pr\u00eates \u00e0 imprimer vos id\u00e9es.<\/strong><br>Commencez vos projets sans attendre, avec du mat\u00e9riel test\u00e9 et fiable.<\/p>\n<\/div><\/div>\n\n\n\n<div style=\"height:100px\" aria-hidden=\"true\" class=\"wp-block-spacer\"><\/div>\n\n\n\n<div class=\"wp-block-media-text is-stacked-on-mobile\"><figure class=\"wp-block-media-text__media\"><img loading=\"lazy\" decoding=\"async\" width=\"1024\" height=\"682\" src=\"https:\/\/jadsolc.cluster100.hosting.ovh.net\/wp-content\/uploads\/2025\/10\/assembler-5011189_1280-1024x682.jpg\" alt=\"Figurine de r\u00e9parateur en Lego travaillant sur un bo\u00eetier avec cartes m\u00e8res et c\u00e2bles, symbolisant la r\u00e9paration d\u2019imprimantes 3D\" class=\"wp-image-232 size-full\" srcset=\"https:\/\/ja3dsolutions.fr\/wp-content\/uploads\/2025\/10\/assembler-5011189_1280-1024x682.jpg 1024w, https:\/\/ja3dsolutions.fr\/wp-content\/uploads\/2025\/10\/assembler-5011189_1280-300x200.jpg 300w, https:\/\/ja3dsolutions.fr\/wp-content\/uploads\/2025\/10\/assembler-5011189_1280-768x512.jpg 768w, https:\/\/ja3dsolutions.fr\/wp-content\/uploads\/2025\/10\/assembler-5011189_1280-450x300.jpg 450w, https:\/\/ja3dsolutions.fr\/wp-content\/uploads\/2025\/10\/assembler-5011189_1280-600x400.jpg 600w, https:\/\/ja3dsolutions.fr\/wp-content\/uploads\/2025\/10\/assembler-5011189_1280.jpg 1280w\" sizes=\"auto, (max-width: 1024px) 100vw, 1024px\" \/><\/figure><div class=\"wp-block-media-text__content\">\n<h2 class=\"wp-block-heading has-text-align-center\"><a href=\"https:\/\/ja3dsolutions.fr\/index.php\/contact\/\">R\u00e9paration 3D<\/a><\/h2>\n\n\n\n<p class=\"has-text-align-left\"><strong>Votre imprimante reprend vie.<\/strong><br>R\u00e9glage et maintenance en atelier pour des impressions parfaites.<\/p>\n<\/div><\/div>\n\n\n\n<div style=\"height:100px\" aria-hidden=\"true\" class=\"wp-block-spacer\"><\/div>\n\n\n\n<div class=\"wp-block-media-text is-stacked-on-mobile\"><figure class=\"wp-block-media-text__media\"><img loading=\"lazy\" decoding=\"async\" width=\"1024\" height=\"683\" src=\"https:\/\/jadsolc.cluster100.hosting.ovh.net\/wp-content\/uploads\/2025\/10\/ecran-de-pc-dans-une-usine-de-fabrication-de-panneaux-solaires-utilise-pour-etudier-les-systemes-d-energie-solaire-1024x683.jpg\" alt=\"\u00c9cran d\u2019ordinateur affichant un plan 3D, illustrant la cr\u00e9ation et l\u2019adaptation de fichiers pour l\u2019impression 3D\" class=\"wp-image-235 size-full\" srcset=\"https:\/\/ja3dsolutions.fr\/wp-content\/uploads\/2025\/10\/ecran-de-pc-dans-une-usine-de-fabrication-de-panneaux-solaires-utilise-pour-etudier-les-systemes-d-energie-solaire-1024x683.jpg 1024w, https:\/\/ja3dsolutions.fr\/wp-content\/uploads\/2025\/10\/ecran-de-pc-dans-une-usine-de-fabrication-de-panneaux-solaires-utilise-pour-etudier-les-systemes-d-energie-solaire-300x200.jpg 300w, https:\/\/ja3dsolutions.fr\/wp-content\/uploads\/2025\/10\/ecran-de-pc-dans-une-usine-de-fabrication-de-panneaux-solaires-utilise-pour-etudier-les-systemes-d-energie-solaire-768x512.jpg 768w, https:\/\/ja3dsolutions.fr\/wp-content\/uploads\/2025\/10\/ecran-de-pc-dans-une-usine-de-fabrication-de-panneaux-solaires-utilise-pour-etudier-les-systemes-d-energie-solaire-1536x1024.jpg 1536w, https:\/\/ja3dsolutions.fr\/wp-content\/uploads\/2025\/10\/ecran-de-pc-dans-une-usine-de-fabrication-de-panneaux-solaires-utilise-pour-etudier-les-systemes-d-energie-solaire-2048x1365.jpg 2048w, https:\/\/ja3dsolutions.fr\/wp-content\/uploads\/2025\/10\/ecran-de-pc-dans-une-usine-de-fabrication-de-panneaux-solaires-utilise-pour-etudier-les-systemes-d-energie-solaire-450x300.jpg 450w, https:\/\/ja3dsolutions.fr\/wp-content\/uploads\/2025\/10\/ecran-de-pc-dans-une-usine-de-fabrication-de-panneaux-solaires-utilise-pour-etudier-les-systemes-d-energie-solaire-600x400.jpg 600w\" sizes=\"auto, (max-width: 1024px) 100vw, 1024px\" \/><\/figure><div class=\"wp-block-media-text__content\">\n<h2 class=\"wp-block-heading has-text-align-center\"><a href=\"https:\/\/ja3dsolutions.fr\/index.php\/contact\/\">Mod\u00e9lisation 3D<\/a><\/h2>\n\n\n\n<p><strong>Vos id\u00e9es prennent forme.<\/strong><br>Du fichier \u00e0 l\u2019objet, chaque projet est unique et sur mesure.<\/p>\n<\/div><\/div>\n\n\n\n<div style=\"height:100px\" aria-hidden=\"true\" class=\"wp-block-spacer\"><\/div>\n\n\n\n<div class=\"wp-block-media-text is-stacked-on-mobile\"><figure class=\"wp-block-media-text__media\"><img loading=\"lazy\" decoding=\"async\" width=\"1024\" height=\"577\" src=\"https:\/\/ja3dsolutions.fr\/wp-content\/uploads\/2026\/03\/WhatsApp-Image-2026-03-05-at-18.12.50-1024x577.jpeg\" alt=\"\" class=\"wp-image-2848 size-full\" srcset=\"https:\/\/ja3dsolutions.fr\/wp-content\/uploads\/2026\/03\/WhatsApp-Image-2026-03-05-at-18.12.50-1024x577.jpeg 1024w, https:\/\/ja3dsolutions.fr\/wp-content\/uploads\/2026\/03\/WhatsApp-Image-2026-03-05-at-18.12.50-300x169.jpeg 300w, https:\/\/ja3dsolutions.fr\/wp-content\/uploads\/2026\/03\/WhatsApp-Image-2026-03-05-at-18.12.50-768x432.jpeg 768w, https:\/\/ja3dsolutions.fr\/wp-content\/uploads\/2026\/03\/WhatsApp-Image-2026-03-05-at-18.12.50-1536x865.jpeg 1536w, https:\/\/ja3dsolutions.fr\/wp-content\/uploads\/2026\/03\/WhatsApp-Image-2026-03-05-at-18.12.50-600x338.jpeg 600w, https:\/\/ja3dsolutions.fr\/wp-content\/uploads\/2026\/03\/WhatsApp-Image-2026-03-05-at-18.12.50.jpeg 2000w\" sizes=\"auto, (max-width: 1024px) 100vw, 1024px\" \/><\/figure><div class=\"wp-block-media-text__content\">\n<h2 class=\"wp-block-heading has-text-align-center\"><a href=\"https:\/\/ja3dsolutions.fr\/index.php\/contact\/\">Impression 3D sur mesure<\/a><\/h2>\n\n\n\n<p id=\"block-1cbc4e33-7577-4eb2-96ff-9f7a1ca8e54a\"><strong>De l\u2019id\u00e9e \u00e0 l\u2019objet fini.<\/strong><br>Prototypes, petites s\u00e9ries ou cr\u00e9ations uniques, avec pr\u00e9cision et soin.<\/p>\n<\/div><\/div>\n\n\n\n<div style=\"height:100px\" aria-hidden=\"true\" class=\"wp-block-spacer\"><\/div>\n\n\n\n<div class=\"wp-block-media-text is-stacked-on-mobile\"><figure class=\"wp-block-media-text__media\"><img loading=\"lazy\" decoding=\"async\" width=\"1024\" height=\"683\" src=\"https:\/\/ja3dsolutions.fr\/wp-content\/uploads\/2026\/03\/optimized_for_web_jpeg-07232024_fl_brose_user_418-1024x683.webp\" alt=\"\" class=\"wp-image-2960 size-full\" srcset=\"https:\/\/ja3dsolutions.fr\/wp-content\/uploads\/2026\/03\/optimized_for_web_jpeg-07232024_fl_brose_user_418-1024x683.webp 1024w, https:\/\/ja3dsolutions.fr\/wp-content\/uploads\/2026\/03\/optimized_for_web_jpeg-07232024_fl_brose_user_418-300x200.webp 300w, https:\/\/ja3dsolutions.fr\/wp-content\/uploads\/2026\/03\/optimized_for_web_jpeg-07232024_fl_brose_user_418-768x512.webp 768w, https:\/\/ja3dsolutions.fr\/wp-content\/uploads\/2026\/03\/optimized_for_web_jpeg-07232024_fl_brose_user_418-450x300.webp 450w, https:\/\/ja3dsolutions.fr\/wp-content\/uploads\/2026\/03\/optimized_for_web_jpeg-07232024_fl_brose_user_418-600x400.webp 600w, https:\/\/ja3dsolutions.fr\/wp-content\/uploads\/2026\/03\/optimized_for_web_jpeg-07232024_fl_brose_user_418.webp 1354w\" sizes=\"auto, (max-width: 1024px) 100vw, 1024px\" \/><\/figure><div class=\"wp-block-media-text__content\">\n<h2 class=\"wp-block-heading has-text-align-center\"><a href=\"https:\/\/ja3dsolutions.fr\/index.php\/contact\/\">Num\u00e9risation<\/a><\/h2>\n\n\n\n<p><strong>Donnez une seconde vie \u00e0 vos objets.<\/strong><br>Scanner, mod\u00e9liser et reproduire une pi\u00e8ce cass\u00e9e.<\/p>\n<\/div><\/div>\n\n\n\n<div style=\"height:100px\" aria-hidden=\"true\" class=\"wp-block-spacer\"><\/div>\n\n\n\n<h2 class=\"wp-block-heading has-text-align-center\"><strong>Envie de concr\u00e9tiser votre projet\u202f?<\/strong><\/h2>\n\n\n\n<p class=\"has-text-align-center\">Contactez JA 3D Solutions d\u00e8s aujourd\u2019hui et lancez votre cr\u00e9ation.<\/p>\n\n\n\n<div class=\"wp-block-buttons has-white-background-color has-background is-content-justification-center is-layout-flex wp-container-core-buttons-is-layout-16018d1d wp-block-buttons-is-layout-flex\">\n<div class=\"wp-block-button\"><a class=\"wp-block-button__link has-white-color has-text-color has-background has-link-color has-medium-font-size has-text-align-center has-custom-font-size wp-element-button\" href=\"https:\/\/jadsolc.cluster100.hosting.ovh.net\/index.php\/contact\/\" style=\"background-color:#31758c\">Contact<\/a><\/div>\n<\/div>\n","protected":false},"excerpt":{"rendered":"<p>Donnez vie \u00e0 vos id\u00e9es en 3D D\u00e9couvrez les services d\u2019impression 3D de JA 3D Solutions : que ce soit pour la vente d\u2019imprimantes 3D d\u2019occasion, la r\u00e9paration de machines, la mod\u00e9lisation de fichiers ou l\u2019impression d\u2019objets sur mesure, chaque projet est pris en charge avec pr\u00e9cision et cr\u00e9ativit\u00e9. Nos services d\u2019impression 3D permettent de &hellip; <\/p>\n","protected":false},"author":1,"featured_media":0,"parent":0,"menu_order":0,"comment_status":"closed","ping_status":"closed","template":"","meta":{"footnotes":""},"class_list":["post-231","page","type-page","status-publish","hentry"],"yoast_head":"<!-- This site is optimized with the Yoast SEO plugin v27.3 - https:\/\/yoast.com\/product\/yoast-seo-wordpress\/ -->\n<title>Services impression JA 3D Solutions<\/title>\n<meta name=\"description\" content=\"D\u00e9couvrez les services JA 3D Solutions : vente d\u2019imprimantes 3D, r\u00e9paration, mod\u00e9lisation et impression sur mesure pour tous vos projets.\" \/>\n<meta name=\"robots\" content=\"index, follow, max-snippet:-1, max-image-preview:large, max-video-preview:-1\" \/>\n<link rel=\"canonical\" href=\"https:\/\/ja3dsolutions.fr\/index.php\/services-impression-3d\/\" \/>\n<meta property=\"og:locale\" content=\"fr_FR\" \/>\n<meta property=\"og:type\" content=\"article\" \/>\n<meta property=\"og:title\" content=\"Services impression JA 3D Solutions\" \/>\n<meta property=\"og:description\" content=\"D\u00e9couvrez les services JA 3D Solutions : vente d\u2019imprimantes 3D, r\u00e9paration, mod\u00e9lisation et impression sur mesure pour tous vos projets.\" \/>\n<meta property=\"og:url\" content=\"https:\/\/ja3dsolutions.fr\/index.php\/services-impression-3d\/\" \/>\n<meta property=\"og:site_name\" content=\"JA 3D Solutions\" \/>\n<meta property=\"article:modified_time\" content=\"2026-03-17T17:10:16+00:00\" \/>\n<meta property=\"og:image\" content=\"https:\/\/ja3dsolutions.fr\/wp-content\/uploads\/2025\/10\/service-1992961_1280.jpg\" \/>\n\t<meta property=\"og:image:width\" content=\"1280\" \/>\n\t<meta property=\"og:image:height\" content=\"989\" \/>\n\t<meta property=\"og:image:type\" content=\"image\/jpeg\" \/>\n<meta name=\"twitter:card\" content=\"summary_large_image\" \/>\n<meta name=\"twitter:label1\" content=\"Dur\u00e9e de lecture estim\u00e9e\" \/>\n\t<meta name=\"twitter:data1\" content=\"3 minutes\" \/>\n<script type=\"application\/ld+json\" class=\"yoast-schema-graph\">{\"@context\":\"https:\\\/\\\/schema.org\",\"@graph\":[{\"@type\":\"WebPage\",\"@id\":\"https:\\\/\\\/ja3dsolutions.fr\\\/index.php\\\/services-impression-3d\\\/\",\"url\":\"https:\\\/\\\/ja3dsolutions.fr\\\/index.php\\\/services-impression-3d\\\/\",\"name\":\"Services impression JA 3D Solutions\",\"isPartOf\":{\"@id\":\"https:\\\/\\\/ja3dsolutions.fr\\\/#website\"},\"primaryImageOfPage\":{\"@id\":\"https:\\\/\\\/ja3dsolutions.fr\\\/index.php\\\/services-impression-3d\\\/#primaryimage\"},\"image\":{\"@id\":\"https:\\\/\\\/ja3dsolutions.fr\\\/index.php\\\/services-impression-3d\\\/#primaryimage\"},\"thumbnailUrl\":\"https:\\\/\\\/jadsolc.cluster100.hosting.ovh.net\\\/wp-content\\\/uploads\\\/2025\\\/10\\\/service-1992961_1280-1024x791.jpg\",\"datePublished\":\"2025-10-21T14:12:37+00:00\",\"dateModified\":\"2026-03-17T17:10:16+00:00\",\"description\":\"D\u00e9couvrez les services JA 3D Solutions : vente d\u2019imprimantes 3D, r\u00e9paration, mod\u00e9lisation et impression sur mesure pour tous vos projets.\",\"breadcrumb\":{\"@id\":\"https:\\\/\\\/ja3dsolutions.fr\\\/index.php\\\/services-impression-3d\\\/#breadcrumb\"},\"inLanguage\":\"fr-FR\",\"potentialAction\":[{\"@type\":\"ReadAction\",\"target\":[\"https:\\\/\\\/ja3dsolutions.fr\\\/index.php\\\/services-impression-3d\\\/\"]}]},{\"@type\":\"ImageObject\",\"inLanguage\":\"fr-FR\",\"@id\":\"https:\\\/\\\/ja3dsolutions.fr\\\/index.php\\\/services-impression-3d\\\/#primaryimage\",\"url\":\"https:\\\/\\\/jadsolc.cluster100.hosting.ovh.net\\\/wp-content\\\/uploads\\\/2025\\\/10\\\/service-1992961_1280-1024x791.jpg\",\"contentUrl\":\"https:\\\/\\\/jadsolc.cluster100.hosting.ovh.net\\\/wp-content\\\/uploads\\\/2025\\\/10\\\/service-1992961_1280-1024x791.jpg\"},{\"@type\":\"BreadcrumbList\",\"@id\":\"https:\\\/\\\/ja3dsolutions.fr\\\/index.php\\\/services-impression-3d\\\/#breadcrumb\",\"itemListElement\":[{\"@type\":\"ListItem\",\"position\":1,\"name\":\"Accueil\",\"item\":\"https:\\\/\\\/ja3dsolutions.fr\\\/\"},{\"@type\":\"ListItem\",\"position\":2,\"name\":\"Mes Services\"}]},{\"@type\":\"WebSite\",\"@id\":\"https:\\\/\\\/ja3dsolutions.fr\\\/#website\",\"url\":\"https:\\\/\\\/ja3dsolutions.fr\\\/\",\"name\":\"JA 3D Solutions\",\"description\":\"FA\u00c7ONNEUR D&#039;ID\u00c9ES EN 3D\",\"publisher\":{\"@id\":\"https:\\\/\\\/ja3dsolutions.fr\\\/#organization\"},\"potentialAction\":[{\"@type\":\"SearchAction\",\"target\":{\"@type\":\"EntryPoint\",\"urlTemplate\":\"https:\\\/\\\/ja3dsolutions.fr\\\/?s={search_term_string}\"},\"query-input\":{\"@type\":\"PropertyValueSpecification\",\"valueRequired\":true,\"valueName\":\"search_term_string\"}}],\"inLanguage\":\"fr-FR\"},{\"@type\":\"Organization\",\"@id\":\"https:\\\/\\\/ja3dsolutions.fr\\\/#organization\",\"name\":\"JA 3D Solutions\",\"url\":\"https:\\\/\\\/ja3dsolutions.fr\\\/\",\"logo\":{\"@type\":\"ImageObject\",\"inLanguage\":\"fr-FR\",\"@id\":\"https:\\\/\\\/ja3dsolutions.fr\\\/#\\\/schema\\\/logo\\\/image\\\/\",\"url\":\"http:\\\/\\\/jadsolc.cluster100.hosting.ovh.net\\\/wp-content\\\/uploads\\\/2025\\\/10\\\/WhatsApp-Image-2025-10-18-at-11.22.57.jpeg\",\"contentUrl\":\"http:\\\/\\\/jadsolc.cluster100.hosting.ovh.net\\\/wp-content\\\/uploads\\\/2025\\\/10\\\/WhatsApp-Image-2025-10-18-at-11.22.57.jpeg\",\"width\":990,\"height\":990,\"caption\":\"JA 3D Solutions\"},\"image\":{\"@id\":\"https:\\\/\\\/ja3dsolutions.fr\\\/#\\\/schema\\\/logo\\\/image\\\/\"}}]}<\/script>\n<!-- \/ Yoast SEO plugin. -->","yoast_head_json":{"title":"Services impression JA 3D Solutions","description":"D\u00e9couvrez les services JA 3D Solutions : vente d\u2019imprimantes 3D, r\u00e9paration, mod\u00e9lisation et impression sur mesure pour tous vos projets.","robots":{"index":"index","follow":"follow","max-snippet":"max-snippet:-1","max-image-preview":"max-image-preview:large","max-video-preview":"max-video-preview:-1"},"canonical":"https:\/\/ja3dsolutions.fr\/index.php\/services-impression-3d\/","og_locale":"fr_FR","og_type":"article","og_title":"Services impression JA 3D Solutions","og_description":"D\u00e9couvrez les services JA 3D Solutions : vente d\u2019imprimantes 3D, r\u00e9paration, mod\u00e9lisation et impression sur mesure pour tous vos projets.","og_url":"https:\/\/ja3dsolutions.fr\/index.php\/services-impression-3d\/","og_site_name":"JA 3D Solutions","article_modified_time":"2026-03-17T17:10:16+00:00","og_image":[{"width":1280,"height":989,"url":"https:\/\/ja3dsolutions.fr\/wp-content\/uploads\/2025\/10\/service-1992961_1280.jpg","type":"image\/jpeg"}],"twitter_card":"summary_large_image","twitter_misc":{"Dur\u00e9e de lecture estim\u00e9e":"3 minutes"},"schema":{"@context":"https:\/\/schema.org","@graph":[{"@type":"WebPage","@id":"https:\/\/ja3dsolutions.fr\/index.php\/services-impression-3d\/","url":"https:\/\/ja3dsolutions.fr\/index.php\/services-impression-3d\/","name":"Services impression JA 3D Solutions","isPartOf":{"@id":"https:\/\/ja3dsolutions.fr\/#website"},"primaryImageOfPage":{"@id":"https:\/\/ja3dsolutions.fr\/index.php\/services-impression-3d\/#primaryimage"},"image":{"@id":"https:\/\/ja3dsolutions.fr\/index.php\/services-impression-3d\/#primaryimage"},"thumbnailUrl":"https:\/\/jadsolc.cluster100.hosting.ovh.net\/wp-content\/uploads\/2025\/10\/service-1992961_1280-1024x791.jpg","datePublished":"2025-10-21T14:12:37+00:00","dateModified":"2026-03-17T17:10:16+00:00","description":"D\u00e9couvrez les services JA 3D Solutions : vente d\u2019imprimantes 3D, r\u00e9paration, mod\u00e9lisation et impression sur mesure pour tous vos projets.","breadcrumb":{"@id":"https:\/\/ja3dsolutions.fr\/index.php\/services-impression-3d\/#breadcrumb"},"inLanguage":"fr-FR","potentialAction":[{"@type":"ReadAction","target":["https:\/\/ja3dsolutions.fr\/index.php\/services-impression-3d\/"]}]},{"@type":"ImageObject","inLanguage":"fr-FR","@id":"https:\/\/ja3dsolutions.fr\/index.php\/services-impression-3d\/#primaryimage","url":"https:\/\/jadsolc.cluster100.hosting.ovh.net\/wp-content\/uploads\/2025\/10\/service-1992961_1280-1024x791.jpg","contentUrl":"https:\/\/jadsolc.cluster100.hosting.ovh.net\/wp-content\/uploads\/2025\/10\/service-1992961_1280-1024x791.jpg"},{"@type":"BreadcrumbList","@id":"https:\/\/ja3dsolutions.fr\/index.php\/services-impression-3d\/#breadcrumb","itemListElement":[{"@type":"ListItem","position":1,"name":"Accueil","item":"https:\/\/ja3dsolutions.fr\/"},{"@type":"ListItem","position":2,"name":"Mes Services"}]},{"@type":"WebSite","@id":"https:\/\/ja3dsolutions.fr\/#website","url":"https:\/\/ja3dsolutions.fr\/","name":"JA 3D Solutions","description":"FA\u00c7ONNEUR D&#039;ID\u00c9ES EN 3D","publisher":{"@id":"https:\/\/ja3dsolutions.fr\/#organization"},"potentialAction":[{"@type":"SearchAction","target":{"@type":"EntryPoint","urlTemplate":"https:\/\/ja3dsolutions.fr\/?s={search_term_string}"},"query-input":{"@type":"PropertyValueSpecification","valueRequired":true,"valueName":"search_term_string"}}],"inLanguage":"fr-FR"},{"@type":"Organization","@id":"https:\/\/ja3dsolutions.fr\/#organization","name":"JA 3D Solutions","url":"https:\/\/ja3dsolutions.fr\/","logo":{"@type":"ImageObject","inLanguage":"fr-FR","@id":"https:\/\/ja3dsolutions.fr\/#\/schema\/logo\/image\/","url":"http:\/\/jadsolc.cluster100.hosting.ovh.net\/wp-content\/uploads\/2025\/10\/WhatsApp-Image-2025-10-18-at-11.22.57.jpeg","contentUrl":"http:\/\/jadsolc.cluster100.hosting.ovh.net\/wp-content\/uploads\/2025\/10\/WhatsApp-Image-2025-10-18-at-11.22.57.jpeg","width":990,"height":990,"caption":"JA 3D Solutions"},"image":{"@id":"https:\/\/ja3dsolutions.fr\/#\/schema\/logo\/image\/"}}]}},"_links":{"self":[{"href":"https:\/\/ja3dsolutions.fr\/index.php\/wp-json\/wp\/v2\/pages\/231","targetHints":{"allow":["GET"]}}],"collection":[{"href":"https:\/\/ja3dsolutions.fr\/index.php\/wp-json\/wp\/v2\/pages"}],"about":[{"href":"https:\/\/ja3dsolutions.fr\/index.php\/wp-json\/wp\/v2\/types\/page"}],"author":[{"embeddable":true,"href":"https:\/\/ja3dsolutions.fr\/index.php\/wp-json\/wp\/v2\/users\/1"}],"replies":[{"embeddable":true,"href":"https:\/\/ja3dsolutions.fr\/index.php\/wp-json\/wp\/v2\/comments?post=231"}],"version-history":[{"count":21,"href":"https:\/\/ja3dsolutions.fr\/index.php\/wp-json\/wp\/v2\/pages\/231\/revisions"}],"predecessor-version":[{"id":2961,"href":"https:\/\/ja3dsolutions.fr\/index.php\/wp-json\/wp\/v2\/pages\/231\/revisions\/2961"}],"wp:attachment":[{"href":"https:\/\/ja3dsolutions.fr\/index.php\/wp-json\/wp\/v2\/media?parent=231"}],"curies":[{"name":"wp","href":"https:\/\/api.w.org\/{rel}","templated":true}]}}